{"id":34657,"date":"2026-02-27T00:26:38","date_gmt":"2026-02-27T00:26:38","guid":{"rendered":"https:\/\/nordicmart.andreevmaster.com\/product\/songmics-metallinen-kenkahylly-2-hyllya\/"},"modified":"2026-02-27T09:45:58","modified_gmt":"2026-02-27T09:45:58","slug":"songmics-metallinen-kenkahylly-2-hyllya","status":"publish","type":"product","link":"https:\/\/nordicmart.andreevmaster.com\/fi\/tuote\/songmics-metallinen-kenkahylly-2-hyllya\/","title":{"rendered":"SONGMICS metallinen kenk\u00e4hylly, 2 hylly\u00e4"},"content":{"rendered":"<p>Laadukkaat muoviliittimet.Jokainen hylly on tuettu 4 metalliputkella, mik\u00e4 takaa hyv\u00e4n kantavuuden.Helppo asentaa, ei vaadi ty\u00f6kaluja.Tuotetiedot:V\u00e4ri: mustaMateriaali: metalliputki, muoviliitinMitat: 92 x 30 x 33 cm (P x L x K) Hyllyjen v\u00e4linen et\u00e4isyys: 20 cm Paino: 0,8 kg Hyllyn enimm\u00e4iskuormitus: 4 kg Hyllyn enimm\u00e4iskuormitus: 8 kg Toimitus sis\u00e4lt\u00e4\u00e4: 1 x kenk\u00e4hylly 1 x ohjeet (DE, EN, FR, ES, IT) SONGMICS-ohjeet:\u00c4l\u00e4 k\u00e4yt\u00e4 tuotetta ulkona. Tekstiss\u00e4 mainittu maks. kantavuus viittaa staattiseen maksimipainoon.<\/p>\n","protected":false},"excerpt":{"rendered":"<p>SONGMICS kenk\u00e4hylly, 2 tasoa, metallinen kenk\u00e4s\u00e4ilytys, jopa 10 parille kenki\u00e4, kenk\u00e4j\u00e4rjestelij\u00e4 olohuoneeseen, eteiseen ja pukeutumishuoneeseen, 92 x 30 x 33 cm, musta LSA12BK<\/p>\n","protected":false},"featured_media":43325,"comment_status":"open","ping_status":"closed","template":"","meta":[],"product_brand":[],"product_cat":[32],"product_tag":[],"class_list":{"0":"post-34657","1":"product","2":"type-product","3":"status-publish","4":"has-post-thumbnail","6":"product_cat-uncategorized-fi","8":"first","9":"instock","10":"shipping-taxable","11":"purchasable","12":"product-type-simple"},"_links":{"self":[{"href":"https:\/\/nordicmart.andreevmaster.com\/fi\/wp-json\/wp\/v2\/product\/34657","targetHints":{"allow":["GET"]}}],"collection":[{"href":"https:\/\/nordicmart.andreevmaster.com\/fi\/wp-json\/wp\/v2\/product"}],"about":[{"href":"https:\/\/nordicmart.andreevmaster.com\/fi\/wp-json\/wp\/v2\/types\/product"}],"replies":[{"embeddable":true,"href":"https:\/\/nordicmart.andreevmaster.com\/fi\/wp-json\/wp\/v2\/comments?post=34657"}],"wp:featuredmedia":[{"embeddable":true,"href":"https:\/\/nordicmart.andreevmaster.com\/fi\/wp-json\/wp\/v2\/media\/43325"}],"wp:attachment":[{"href":"https:\/\/nordicmart.andreevmaster.com\/fi\/wp-json\/wp\/v2\/media?parent=34657"}],"wp:term":[{"taxonomy":"product_brand","embeddable":true,"href":"https:\/\/nordicmart.andreevmaster.com\/fi\/wp-json\/wp\/v2\/product_brand?post=34657"},{"taxonomy":"product_cat","embeddable":true,"href":"https:\/\/nordicmart.andreevmaster.com\/fi\/wp-json\/wp\/v2\/product_cat?post=34657"},{"taxonomy":"product_tag","embeddable":true,"href":"https:\/\/nordicmart.andreevmaster.com\/fi\/wp-json\/wp\/v2\/product_tag?post=34657"}],"curies":[{"name":"wp","href":"https:\/\/api.w.org\/{rel}","templated":true}]}}