{"id":34656,"date":"2026-02-27T00:26:37","date_gmt":"2026-02-27T00:26:37","guid":{"rendered":"https:\/\/nordicmart.andreevmaster.com\/product\/songmics-diy-kenkahylly-kenkateline\/"},"modified":"2026-02-27T09:45:58","modified_gmt":"2026-02-27T09:45:58","slug":"songmics-diy-kenkahylly-kenkateline","status":"publish","type":"product","link":"https:\/\/nordicmart.andreevmaster.com\/fi\/tuote\/songmics-diy-kenkahylly-kenkateline\/","title":{"rendered":"SONGMICS DIY kenk\u00e4hylly kenk\u00e4teline"},"content":{"rendered":"<p>Onko sinulla kenk\u00e4armeija? Sitten t\u00e4m\u00e4 tilaa s\u00e4\u00e4st\u00e4v\u00e4 mutta tilava kenk\u00e4teline on ihanteellinen ratkaisu sinulle. Voit koota t\u00e4m\u00e4n luovan hyllyn haluamallasi tavalla, ja se sopii t\u00e4ydellisesti eteiseen, k\u00e4yt\u00e4v\u00e4\u00e4n tai mihin tahansa haluttuun paikkaan. T\u00e4m\u00e4 kenk\u00e4teline auttaa sinua varmasti torjumaan ep\u00e4j\u00e4rjestyst\u00e4. Oletko ep\u00e4ilev\u00e4inen siit\u00e4, onko ter\u00e4sputken ja muoviosien yhdistelm\u00e4 tarpeeksi kest\u00e4v\u00e4? Vankkan rakenteensa ansiosta voit unohtaa t\u00e4m\u00e4n huolen. Lis\u00e4ksi kokoaminen on my\u00f6s lasten leikki\u00e4. Ilman ty\u00f6kaluja voit koota k\u00e4yt\u00e4nn\u00f6llisen kenk\u00e4telineen nopeasti kuvallisten kokoamisohjeiden avulla. T\u00e4m\u00e4n yksinkertaisen s\u00e4ilytysratkaisun avulla saat varmasti j\u00e4rjestyst\u00e4 kenk\u00e4armeijaasi! Miksi sinun pit\u00e4isi valita Songmics-kenk\u00e4teline? Songmics on aina asiakasl\u00e4ht\u00f6inen ja sitoutunut tarjoamaan korkealaatuisia tuotteita, joilla on hyv\u00e4 hinta-laatusuhde. Meill\u00e4 on erinomainen asiakaspalvelu, ja teemme kaikkemme ratkaistaksemme ongelmasi. Tuotetiedot:\u00b7 V\u00e4ri: harmaa\u00b7 Mitat per hylly: 92 x 194 x 30 cm (L x K x S)\u00b7 Pakkauksen mitat: 92 x 24 x 11 cm\u00b7 Hyllyn korkeus: 17 cm\u00b7 Paino: 4,47 kgToimitus sis\u00e4lt\u00e4\u00e4:\u00b7 1x kenk\u00e4teline<\/p>\n","protected":false},"excerpt":{"rendered":"<p>SONGMICS DIY kenk\u00e4hylly kenk\u00e4teline, 10 hylly\u00e4, jopa 50 parille kenki\u00e4, harmaa LSA10G<\/p>\n","protected":false},"featured_media":43324,"comment_status":"open","ping_status":"closed","template":"","meta":[],"product_brand":[],"product_cat":[32],"product_tag":[],"class_list":{"0":"post-34656","1":"product","2":"type-product","3":"status-publish","4":"has-post-thumbnail","6":"product_cat-uncategorized-fi","8":"first","9":"instock","10":"shipping-taxable","11":"purchasable","12":"product-type-simple"},"_links":{"self":[{"href":"https:\/\/nordicmart.andreevmaster.com\/fi\/wp-json\/wp\/v2\/product\/34656","targetHints":{"allow":["GET"]}}],"collection":[{"href":"https:\/\/nordicmart.andreevmaster.com\/fi\/wp-json\/wp\/v2\/product"}],"about":[{"href":"https:\/\/nordicmart.andreevmaster.com\/fi\/wp-json\/wp\/v2\/types\/product"}],"replies":[{"embeddable":true,"href":"https:\/\/nordicmart.andreevmaster.com\/fi\/wp-json\/wp\/v2\/comments?post=34656"}],"wp:featuredmedia":[{"embeddable":true,"href":"https:\/\/nordicmart.andreevmaster.com\/fi\/wp-json\/wp\/v2\/media\/43324"}],"wp:attachment":[{"href":"https:\/\/nordicmart.andreevmaster.com\/fi\/wp-json\/wp\/v2\/media?parent=34656"}],"wp:term":[{"taxonomy":"product_brand","embeddable":true,"href":"https:\/\/nordicmart.andreevmaster.com\/fi\/wp-json\/wp\/v2\/product_brand?post=34656"},{"taxonomy":"product_cat","embeddable":true,"href":"https:\/\/nordicmart.andreevmaster.com\/fi\/wp-json\/wp\/v2\/product_cat?post=34656"},{"taxonomy":"product_tag","embeddable":true,"href":"https:\/\/nordicmart.andreevmaster.com\/fi\/wp-json\/wp\/v2\/product_tag?post=34656"}],"curies":[{"name":"wp","href":"https:\/\/api.w.org\/{rel}","templated":true}]}}