{"id":34654,"date":"2026-02-27T00:26:37","date_gmt":"2026-02-27T00:26:37","guid":{"rendered":"https:\/\/nordicmart.andreevmaster.com\/product\/songmics-kenkahylly-4-tasoa-2-kpl-metallia\/"},"modified":"2026-02-27T09:45:57","modified_gmt":"2026-02-27T09:45:57","slug":"songmics-kenkahylly-4-tasoa-2-kpl-metallia","status":"publish","type":"product","link":"https:\/\/nordicmart.andreevmaster.com\/fi\/tuote\/songmics-kenkahylly-4-tasoa-2-kpl-metallia\/","title":{"rendered":"SONGMICS kenk\u00e4hylly 4 tasoa, 2 kpl, metallia"},"content":{"rendered":"<p>SONGMICS kenk\u00e4hylly, 2 kpl, kenk\u00e4organisaattori, 3 hyllytasoa, metallinen kenk\u00e4s\u00e4ilytys, 24\u201330 parille kenki\u00e4, pinottava, olohuoneeseen, eteiseen, sis\u00e4\u00e4nk\u00e4yntiin, musta LSA06BK<br \/>\nV\u00e4ri: musta<br \/>\nMateriaali: Metalliputket, muoviliittimet<br \/>\nHyllyn koko: 30 x 92 x 74 cm (S x L x K)<br \/>\nHyllyn paino: 1,6 kg<br \/>\nMaks. staattinen kantavuus hylly\u00e4 kohti: 10 kg<br \/>\nHyllyn maks. staattinen kantavuus yhteens\u00e4: 40 kg<\/p>\n","protected":false},"excerpt":{"rendered":"<p>SONGMICS kenk\u00e4hylly, 2 kpl, kenk\u00e4organisaattori, 3 hyllytasoa, metallinen kenk\u00e4s\u00e4ilytys, 24\u201330 parille kenki\u00e4, pinottava, olohuoneeseen, eteiseen, sis\u00e4\u00e4nk\u00e4yntiin, musta LSA06BK<\/p>\n","protected":false},"featured_media":43323,"comment_status":"open","ping_status":"closed","template":"","meta":[],"product_brand":[],"product_cat":[32],"product_tag":[],"class_list":{"0":"post-34654","1":"product","2":"type-product","3":"status-publish","4":"has-post-thumbnail","6":"product_cat-uncategorized-fi","8":"first","9":"instock","10":"shipping-taxable","11":"purchasable","12":"product-type-simple"},"_links":{"self":[{"href":"https:\/\/nordicmart.andreevmaster.com\/fi\/wp-json\/wp\/v2\/product\/34654","targetHints":{"allow":["GET"]}}],"collection":[{"href":"https:\/\/nordicmart.andreevmaster.com\/fi\/wp-json\/wp\/v2\/product"}],"about":[{"href":"https:\/\/nordicmart.andreevmaster.com\/fi\/wp-json\/wp\/v2\/types\/product"}],"replies":[{"embeddable":true,"href":"https:\/\/nordicmart.andreevmaster.com\/fi\/wp-json\/wp\/v2\/comments?post=34654"}],"wp:featuredmedia":[{"embeddable":true,"href":"https:\/\/nordicmart.andreevmaster.com\/fi\/wp-json\/wp\/v2\/media\/43323"}],"wp:attachment":[{"href":"https:\/\/nordicmart.andreevmaster.com\/fi\/wp-json\/wp\/v2\/media?parent=34654"}],"wp:term":[{"taxonomy":"product_brand","embeddable":true,"href":"https:\/\/nordicmart.andreevmaster.com\/fi\/wp-json\/wp\/v2\/product_brand?post=34654"},{"taxonomy":"product_cat","embeddable":true,"href":"https:\/\/nordicmart.andreevmaster.com\/fi\/wp-json\/wp\/v2\/product_cat?post=34654"},{"taxonomy":"product_tag","embeddable":true,"href":"https:\/\/nordicmart.andreevmaster.com\/fi\/wp-json\/wp\/v2\/product_tag?post=34654"}],"curies":[{"name":"wp","href":"https:\/\/api.w.org\/{rel}","templated":true}]}}