{"id":34653,"date":"2026-02-27T00:26:36","date_gmt":"2026-02-27T00:26:36","guid":{"rendered":"https:\/\/nordicmart.andreevmaster.com\/product\/songmics-kenkaorganisaattori-3-hyllytasoa\/"},"modified":"2026-02-27T09:45:57","modified_gmt":"2026-02-27T09:45:57","slug":"songmics-kenkaorganisaattori-3-hyllytasoa","status":"publish","type":"product","link":"https:\/\/nordicmart.andreevmaster.com\/fi\/tuote\/songmics-kenkaorganisaattori-3-hyllytasoa\/","title":{"rendered":"SONGMICS kenk\u00e4organisaattori, 3 hyllytasoa"},"content":{"rendered":"<p>Kenk\u00e4hyllyt, sinun p\u00e4\u00e4t\u00f6s Miten haluat k\u00e4ytt\u00e4\u00e4 n\u00e4it\u00e4 kenk\u00e4hyllyj\u00e4? P\u00e4\u00e4t\u00f6s on sinun. Voit k\u00e4ytt\u00e4\u00e4 pieni\u00e4 hyllyj\u00e4 erikseen eri huoneiden tavaroiden s\u00e4ilytt\u00e4miseen. Ne voidaan my\u00f6s helposti pinota p\u00e4\u00e4llekk\u00e4in \u2013 korkea hyllyj\u00e4rjestelm\u00e4 kenk\u00e4kokoelmallesi! Voit my\u00f6s poistaa yhden t\u00e4m\u00e4n hyllyj\u00e4rjestelm\u00e4n hyllyn saappaiden s\u00e4ilytt\u00e4mist\u00e4 varten. Vieh\u00e4tt\u00e4v\u00e4 kaikkialla: selke\u00e4t linjat, yksinkertainen siluetti ja tyylik\u00e4s musta v\u00e4ri \u2013 n\u00e4iden elementtien yhdistelm\u00e4 antaa SONGMICS-keng\u00e4hyllyille modernin ilmeen. Ne sopivat t\u00e4ydellisesti olohuoneeseesi, pukeutumishuoneeseesi tai eteiseesi. Sijoita hyllyt sinne, miss\u00e4 tarvitset lis\u00e4\u00e4 s\u00e4ilytystilaa, ja pid\u00e4 kaikki tavarat siististi j\u00e4rjestyksess\u00e4. Tuotetiedot: &#8211; V\u00e4ri: musta &#8211; Materiaali: rautaputket, muoviset liitoskappaleet &#8211; Hyllyn koko: 92 x 30 x 53 cm (P x L x K) &#8211; Hyllyn paino: 1,2 kg &#8211; Hyllyn maks. staattinen kantavuus: 5 kg &#8211; Hyllyn maks. staattinen kantavuus: 15 kg Toimitus sis\u00e4lt\u00e4\u00e4:- 2 x kenk\u00e4hylly 3 hyllyll\u00e4 &#8211; 1 x ohjeet (DE, EN, FR, ES, IT)<\/p>\n","protected":false},"excerpt":{"rendered":"<p>SONGMICS 3-tasoinen kenk\u00e4teline, metallinen kenk\u00e4s\u00e4ilytys, jopa 15 parille kenki\u00e4, kenk\u00e4j\u00e4rjestelij\u00e4 olohuoneeseen, eteiseen ja pukuhuoneeseen, 92 x 30 x 54 cm, harmaa LSA13G<\/p>\n","protected":false},"featured_media":43322,"comment_status":"open","ping_status":"closed","template":"","meta":[],"product_brand":[],"product_cat":[32],"product_tag":[],"class_list":{"0":"post-34653","1":"product","2":"type-product","3":"status-publish","4":"has-post-thumbnail","6":"product_cat-uncategorized-fi","8":"first","9":"instock","10":"shipping-taxable","11":"purchasable","12":"product-type-simple"},"_links":{"self":[{"href":"https:\/\/nordicmart.andreevmaster.com\/fi\/wp-json\/wp\/v2\/product\/34653","targetHints":{"allow":["GET"]}}],"collection":[{"href":"https:\/\/nordicmart.andreevmaster.com\/fi\/wp-json\/wp\/v2\/product"}],"about":[{"href":"https:\/\/nordicmart.andreevmaster.com\/fi\/wp-json\/wp\/v2\/types\/product"}],"replies":[{"embeddable":true,"href":"https:\/\/nordicmart.andreevmaster.com\/fi\/wp-json\/wp\/v2\/comments?post=34653"}],"wp:featuredmedia":[{"embeddable":true,"href":"https:\/\/nordicmart.andreevmaster.com\/fi\/wp-json\/wp\/v2\/media\/43322"}],"wp:attachment":[{"href":"https:\/\/nordicmart.andreevmaster.com\/fi\/wp-json\/wp\/v2\/media?parent=34653"}],"wp:term":[{"taxonomy":"product_brand","embeddable":true,"href":"https:\/\/nordicmart.andreevmaster.com\/fi\/wp-json\/wp\/v2\/product_brand?post=34653"},{"taxonomy":"product_cat","embeddable":true,"href":"https:\/\/nordicmart.andreevmaster.com\/fi\/wp-json\/wp\/v2\/product_cat?post=34653"},{"taxonomy":"product_tag","embeddable":true,"href":"https:\/\/nordicmart.andreevmaster.com\/fi\/wp-json\/wp\/v2\/product_tag?post=34653"}],"curies":[{"name":"wp","href":"https:\/\/api.w.org\/{rel}","templated":true}]}}