{"id":34651,"date":"2026-02-27T00:26:36","date_gmt":"2026-02-27T00:26:36","guid":{"rendered":"https:\/\/nordicmart.andreevmaster.com\/product\/songmics-4-tasoinen-kenkateline-25-30-parille-kenkia-musta\/"},"modified":"2026-02-27T09:45:57","modified_gmt":"2026-02-27T09:45:57","slug":"songmics-4-tasoinen-kenkateline-25-30-parille-kenkia-musta","status":"publish","type":"product","link":"https:\/\/nordicmart.andreevmaster.com\/fi\/tuote\/songmics-4-tasoinen-kenkateline-25-30-parille-kenkia-musta\/","title":{"rendered":"SONGMICS 4-tasoinen kenk\u00e4teline 25\u201330 parille kenki\u00e4, musta"},"content":{"rendered":"<p>SONGMICS kenk\u00e4hylly 4 tasoa, metallinen kenk\u00e4teline, kenkien s\u00e4ilytys, kenkien j\u00e4rjestelij\u00e4, pystyss\u00e4 tai yl\u00f6salaisin, 5\u201310 parille kenki\u00e4, pinottava, eteinen, 30 x 42,5 x 71,5 cm, musta LSA004B01<br \/>\nV\u00e4ri: musta<br \/>\nMateriaali: metalliputket, muoviliittimet<br \/>\nKeng\u00e4hyllyn koko: 30 x 117 x 75 cm (S x L x K)<br \/>\nPaino per kenk\u00e4teline: 2 kg<br \/>\nSuurin staattinen kantavuus tasoa kohti: 10 kg<br \/>\nKenk\u00e4hyllyn maks. staattinen kokonaiskuormitus: 40 kg<\/p>\n","protected":false},"excerpt":{"rendered":"<p>SONGMICS kenk\u00e4hylly 4 tasoa, metallinen kenk\u00e4teline, kenkien s\u00e4ilytys, kenkien j\u00e4rjestelij\u00e4, pystyss\u00e4 tai yl\u00f6salaisin, 5\u201310 parille kenki\u00e4, pinottava, eteinen, 30 x 42,5 x 71,5 cm, musta LSA004B01<\/p>\n","protected":false},"featured_media":43320,"comment_status":"open","ping_status":"closed","template":"","meta":[],"product_brand":[],"product_cat":[32],"product_tag":[],"class_list":{"0":"post-34651","1":"product","2":"type-product","3":"status-publish","4":"has-post-thumbnail","6":"product_cat-uncategorized-fi","8":"first","9":"instock","10":"shipping-taxable","11":"purchasable","12":"product-type-simple"},"_links":{"self":[{"href":"https:\/\/nordicmart.andreevmaster.com\/fi\/wp-json\/wp\/v2\/product\/34651","targetHints":{"allow":["GET"]}}],"collection":[{"href":"https:\/\/nordicmart.andreevmaster.com\/fi\/wp-json\/wp\/v2\/product"}],"about":[{"href":"https:\/\/nordicmart.andreevmaster.com\/fi\/wp-json\/wp\/v2\/types\/product"}],"replies":[{"embeddable":true,"href":"https:\/\/nordicmart.andreevmaster.com\/fi\/wp-json\/wp\/v2\/comments?post=34651"}],"wp:featuredmedia":[{"embeddable":true,"href":"https:\/\/nordicmart.andreevmaster.com\/fi\/wp-json\/wp\/v2\/media\/43320"}],"wp:attachment":[{"href":"https:\/\/nordicmart.andreevmaster.com\/fi\/wp-json\/wp\/v2\/media?parent=34651"}],"wp:term":[{"taxonomy":"product_brand","embeddable":true,"href":"https:\/\/nordicmart.andreevmaster.com\/fi\/wp-json\/wp\/v2\/product_brand?post=34651"},{"taxonomy":"product_cat","embeddable":true,"href":"https:\/\/nordicmart.andreevmaster.com\/fi\/wp-json\/wp\/v2\/product_cat?post=34651"},{"taxonomy":"product_tag","embeddable":true,"href":"https:\/\/nordicmart.andreevmaster.com\/fi\/wp-json\/wp\/v2\/product_tag?post=34651"}],"curies":[{"name":"wp","href":"https:\/\/api.w.org\/{rel}","templated":true}]}}