{"id":34649,"date":"2026-02-27T00:26:35","date_gmt":"2026-02-27T00:26:35","guid":{"rendered":"https:\/\/nordicmart.andreevmaster.com\/product\/songmics-kenkahylly-2-tasoa-metallia-30-x-116-x-34-cm-pinottava\/"},"modified":"2026-02-27T09:45:56","modified_gmt":"2026-02-27T09:45:56","slug":"songmics-kenkahylly-2-tasoa-metallia-30-x-116-x-34-cm-pinottava","status":"publish","type":"product","link":"https:\/\/nordicmart.andreevmaster.com\/fi\/tuote\/songmics-kenkahylly-2-tasoa-metallia-30-x-116-x-34-cm-pinottava\/","title":{"rendered":"SONGMICS kenk\u00e4hylly, 2 tasoa, metallia, 30 x 116 x 34 cm, pinottava"},"content":{"rendered":"<p>SONGMICS kenk\u00e4hylly, 2 tasoa, metallinen kenk\u00e4s\u00e4ilytys, jopa 10 parille kenki\u00e4, kenk\u00e4j\u00e4rjestelij\u00e4 olohuoneeseen, eteiseen ja pukeutumishuoneeseen, 92 x 30 x 33 cm, musta LSA12BK<br \/>\nV\u00e4ri: musta<br \/>\nMateriaali: Metalliputket, muoviliittimet<br \/>\nKoko: 30 x 116 x 34 cm (S x L x K)<br \/>\nPaino: 1 kg<br \/>\nMaks. staattinen kantavuus tasoa kohti: 12,5 kg<br \/>\nMaks. staattinen kantavuus yhteens\u00e4: 25 kg<\/p>\n","protected":false},"excerpt":{"rendered":"<p>SONGMICS kenk\u00e4hylly, 2 tasoa, metallinen kenk\u00e4s\u00e4ilytys, jopa 10 parille kenki\u00e4, kenk\u00e4j\u00e4rjestelij\u00e4 olohuoneeseen, eteiseen ja pukeutumishuoneeseen, 92 x 30 x 33 cm, musta LSA12BK<\/p>\n","protected":false},"featured_media":43318,"comment_status":"open","ping_status":"closed","template":"","meta":[],"product_brand":[],"product_cat":[32],"product_tag":[],"class_list":{"0":"post-34649","1":"product","2":"type-product","3":"status-publish","4":"has-post-thumbnail","6":"product_cat-uncategorized-fi","8":"first","9":"instock","10":"shipping-taxable","11":"purchasable","12":"product-type-simple"},"_links":{"self":[{"href":"https:\/\/nordicmart.andreevmaster.com\/fi\/wp-json\/wp\/v2\/product\/34649","targetHints":{"allow":["GET"]}}],"collection":[{"href":"https:\/\/nordicmart.andreevmaster.com\/fi\/wp-json\/wp\/v2\/product"}],"about":[{"href":"https:\/\/nordicmart.andreevmaster.com\/fi\/wp-json\/wp\/v2\/types\/product"}],"replies":[{"embeddable":true,"href":"https:\/\/nordicmart.andreevmaster.com\/fi\/wp-json\/wp\/v2\/comments?post=34649"}],"wp:featuredmedia":[{"embeddable":true,"href":"https:\/\/nordicmart.andreevmaster.com\/fi\/wp-json\/wp\/v2\/media\/43318"}],"wp:attachment":[{"href":"https:\/\/nordicmart.andreevmaster.com\/fi\/wp-json\/wp\/v2\/media?parent=34649"}],"wp:term":[{"taxonomy":"product_brand","embeddable":true,"href":"https:\/\/nordicmart.andreevmaster.com\/fi\/wp-json\/wp\/v2\/product_brand?post=34649"},{"taxonomy":"product_cat","embeddable":true,"href":"https:\/\/nordicmart.andreevmaster.com\/fi\/wp-json\/wp\/v2\/product_cat?post=34649"},{"taxonomy":"product_tag","embeddable":true,"href":"https:\/\/nordicmart.andreevmaster.com\/fi\/wp-json\/wp\/v2\/product_tag?post=34649"}],"curies":[{"name":"wp","href":"https:\/\/api.w.org\/{rel}","templated":true}]}}