{"id":34648,"date":"2026-02-27T00:26:35","date_gmt":"2026-02-27T00:26:35","guid":{"rendered":"https:\/\/nordicmart.andreevmaster.com\/product\/songmics-suuri-kenkateline-10-tasoa-harmaa\/"},"modified":"2026-02-27T09:45:56","modified_gmt":"2026-02-27T09:45:56","slug":"songmics-suuri-kenkateline-10-tasoa-harmaa","status":"publish","type":"product","link":"https:\/\/nordicmart.andreevmaster.com\/fi\/tuote\/songmics-suuri-kenkateline-10-tasoa-harmaa\/","title":{"rendered":"SONGMICS Suuri kenk\u00e4teline, 10 tasoa, harmaa"},"content":{"rendered":"<p>J\u00e4rjestys tekee onnelliseksi! Oletko joka p\u00e4iv\u00e4 kotiin tullessasi tyrmistynyt eteisen kenk\u00e4kaaoksesta? Kuka voi olla hyv\u00e4ll\u00e4 tuulella? T\u00e4m\u00e4 SONGMICS:n 10-tasoinen kenk\u00e4teline auttaa sinua poistamaan kaaoksen ja l\u00f6yt\u00e4m\u00e4\u00e4n sis\u00e4isen rauhan. Vahvistetuista metalliputkista ja korkealaatuisista muoviliittimist\u00e4 valmistettu teline tarjoaa kengillesi tukevan pidon (jokainen taso kest\u00e4\u00e4 5 kg:n painon). Lis\u00e4ksi se vakuuttaa \u00e4lykk\u00e4\u00e4ll\u00e4 DIY-muotoilullaan ja helpolla kokoonpanollaan. Kuka hallitsee kaaoksen, hallitsee el\u00e4m\u00e4ns\u00e4! Hemmottele itse\u00e4si t\u00e4ll\u00e4 tilaa s\u00e4\u00e4st\u00e4v\u00e4ll\u00e4 10 hyllyll\u00e4 varustetulla hyllyll\u00e4 ja pid\u00e4 kenk\u00e4kaos kurissa. Tuotetiedot: &#8211; V\u00e4ri: harmaa &#8211; Materiaali: metalliputket, muoviset liitoskappaleet &#8211; Koko: 45 x 30 x 174 cm (P x L x K) &#8211; Paino: 3,1 kg &#8211; Maks. staattinen kantavuus per taso: 5 kg &#8211; Maks. staattinen kantavuus yhteens\u00e4: 50 kg Toimitus sis\u00e4lt\u00e4\u00e4:- 1 x kenk\u00e4hylly 10 hyllyll\u00e4 &#8211; 1 x kaatumissuoja &#8211; 1 x ohjeet (DE, EN, FR, ES, IT) SONGMICS-ohjeet: &#8211; Turvallisuussyist\u00e4 lapset eiv\u00e4t saa kiivet\u00e4 tuotteelle tai leikki\u00e4 sill\u00e4. &#8211; Kiinnit\u00e4 t\u00e4m\u00e4 tuote sein\u00e4\u00e4n mukana toimitetulla kaatumissuojalla turvallisen k\u00e4yt\u00f6n varmistamiseksi.<\/p>\n","protected":false},"excerpt":{"rendered":"<p>SONGMICS kenk\u00e4hylly, suuri rautainen kenk\u00e4teline, lattialla seisova hylly, tilaa s\u00e4\u00e4st\u00e4v\u00e4, monik\u00e4ytt\u00f6inen, olohuone, makuuhuone, keitti\u00f6, harmaa LSA025G02<\/p>\n","protected":false},"featured_media":0,"comment_status":"open","ping_status":"closed","template":"","meta":[],"product_brand":[],"product_cat":[32],"product_tag":[],"class_list":{"0":"post-34648","1":"product","2":"type-product","3":"status-publish","5":"product_cat-uncategorized-fi","7":"first","8":"instock","9":"shipping-taxable","10":"purchasable","11":"product-type-simple"},"_links":{"self":[{"href":"https:\/\/nordicmart.andreevmaster.com\/fi\/wp-json\/wp\/v2\/product\/34648","targetHints":{"allow":["GET"]}}],"collection":[{"href":"https:\/\/nordicmart.andreevmaster.com\/fi\/wp-json\/wp\/v2\/product"}],"about":[{"href":"https:\/\/nordicmart.andreevmaster.com\/fi\/wp-json\/wp\/v2\/types\/product"}],"replies":[{"embeddable":true,"href":"https:\/\/nordicmart.andreevmaster.com\/fi\/wp-json\/wp\/v2\/comments?post=34648"}],"wp:attachment":[{"href":"https:\/\/nordicmart.andreevmaster.com\/fi\/wp-json\/wp\/v2\/media?parent=34648"}],"wp:term":[{"taxonomy":"product_brand","embeddable":true,"href":"https:\/\/nordicmart.andreevmaster.com\/fi\/wp-json\/wp\/v2\/product_brand?post=34648"},{"taxonomy":"product_cat","embeddable":true,"href":"https:\/\/nordicmart.andreevmaster.com\/fi\/wp-json\/wp\/v2\/product_cat?post=34648"},{"taxonomy":"product_tag","embeddable":true,"href":"https:\/\/nordicmart.andreevmaster.com\/fi\/wp-json\/wp\/v2\/product_tag?post=34648"}],"curies":[{"name":"wp","href":"https:\/\/api.w.org\/{rel}","templated":true}]}}