{"id":34645,"date":"2026-02-27T00:26:34","date_gmt":"2026-02-27T00:26:34","guid":{"rendered":"https:\/\/nordicmart.andreevmaster.com\/product\/songmics-kenkahylly-5-tasoa-musta\/"},"modified":"2026-02-27T09:45:55","modified_gmt":"2026-02-27T09:45:55","slug":"songmics-kenkahylly-5-tasoa-musta","status":"publish","type":"product","link":"https:\/\/nordicmart.andreevmaster.com\/fi\/tuote\/songmics-kenkahylly-5-tasoa-musta\/","title":{"rendered":"SONGMICS kenk\u00e4hylly, 5 tasoa, musta"},"content":{"rendered":"<p>J\u00e4rjestys tekee onnelliseksi! Oletko joka p\u00e4iv\u00e4 kotiin tullessasi tyrmistynyt eteisen kenk\u00e4kaaoksesta? Kuka voi olla hyv\u00e4ll\u00e4 tuulella? T\u00e4m\u00e4 SONGMICS:n 5-tasoinen kenk\u00e4teline auttaa sinua poistamaan kaaoksen ja l\u00f6yt\u00e4m\u00e4\u00e4n sis\u00e4isen rauhan. Vahvistetuista metalliputkista ja korkealaatuisista muoviliittimist\u00e4 valmistettu hylly tarjoaa kengillesi tukevan pidon (jokainen hylly kest\u00e4\u00e4 5 kg:n painon). Lis\u00e4ksi se vakuuttaa \u00e4lykk\u00e4\u00e4ll\u00e4 DIY-muotoilullaan ja helpolla kokoonpanollaan. Kuka hallitsee kaaoksen, hallitsee el\u00e4m\u00e4ns\u00e4! Hemmottele itse\u00e4si t\u00e4ll\u00e4 tilaa s\u00e4\u00e4st\u00e4v\u00e4ll\u00e4 5-tasoisella hyllyll\u00e4 ja pid\u00e4 kenk\u00e4kaos kurissa. Tuotetiedot: &#8211; V\u00e4ri: musta &#8211; Materiaali: metalliputki, muoviliitoskappale &#8211; Koko: 45 x 30 x 89,5 cm (P x L x K) &#8211; Paino: 1,5 kg &#8211; Maks. staattinen kantavuus tasoa kohti: 5 kg &#8211; Maks. staattinen kantavuus yhteens\u00e4: 25 kg Toimitus sis\u00e4lt\u00e4\u00e4:- 1 x kenk\u00e4hylly 5 hyllyll\u00e4 &#8211; 1 x kaatumissuoja &#8211; 1 x ohjeet (DE, EN, FR, ES, IT) SONGMICS-ohjeet: &#8211; Turvallisuussyist\u00e4 lapset eiv\u00e4t saa kiivet\u00e4 tuotteelle tai leikki\u00e4 sill\u00e4. &#8211; Kiinnit\u00e4 t\u00e4m\u00e4 tuote sein\u00e4\u00e4n mukana toimitetulla kaatumissuojalla turvallisen k\u00e4yt\u00f6n varmistamiseksi.<\/p>\n","protected":false},"excerpt":{"rendered":"<p>SONGMICS kenk\u00e4teline, 5 tasoa, metallinen kenk\u00e4teline, pinottava, tilaa s\u00e4\u00e4st\u00e4v\u00e4, kenkien s\u00e4ilytys, monik\u00e4ytt\u00f6inen, lattiateline, eteiseen, makuuhuoneeseen, olohuoneeseen, musta LSA005B02<\/p>\n","protected":false},"featured_media":43315,"comment_status":"open","ping_status":"closed","template":"","meta":[],"product_brand":[],"product_cat":[32],"product_tag":[],"class_list":{"0":"post-34645","1":"product","2":"type-product","3":"status-publish","4":"has-post-thumbnail","6":"product_cat-uncategorized-fi","8":"first","9":"instock","10":"shipping-taxable","11":"purchasable","12":"product-type-simple"},"_links":{"self":[{"href":"https:\/\/nordicmart.andreevmaster.com\/fi\/wp-json\/wp\/v2\/product\/34645","targetHints":{"allow":["GET"]}}],"collection":[{"href":"https:\/\/nordicmart.andreevmaster.com\/fi\/wp-json\/wp\/v2\/product"}],"about":[{"href":"https:\/\/nordicmart.andreevmaster.com\/fi\/wp-json\/wp\/v2\/types\/product"}],"replies":[{"embeddable":true,"href":"https:\/\/nordicmart.andreevmaster.com\/fi\/wp-json\/wp\/v2\/comments?post=34645"}],"wp:featuredmedia":[{"embeddable":true,"href":"https:\/\/nordicmart.andreevmaster.com\/fi\/wp-json\/wp\/v2\/media\/43315"}],"wp:attachment":[{"href":"https:\/\/nordicmart.andreevmaster.com\/fi\/wp-json\/wp\/v2\/media?parent=34645"}],"wp:term":[{"taxonomy":"product_brand","embeddable":true,"href":"https:\/\/nordicmart.andreevmaster.com\/fi\/wp-json\/wp\/v2\/product_brand?post=34645"},{"taxonomy":"product_cat","embeddable":true,"href":"https:\/\/nordicmart.andreevmaster.com\/fi\/wp-json\/wp\/v2\/product_cat?post=34645"},{"taxonomy":"product_tag","embeddable":true,"href":"https:\/\/nordicmart.andreevmaster.com\/fi\/wp-json\/wp\/v2\/product_tag?post=34645"}],"curies":[{"name":"wp","href":"https:\/\/api.w.org\/{rel}","templated":true}]}}