{"id":34643,"date":"2026-02-27T00:26:34","date_gmt":"2026-02-27T00:26:34","guid":{"rendered":"https:\/\/nordicmart.andreevmaster.com\/product\/songmics-3-tasoinen-kenkateline-4-8-parille-kenkia-30-x-425-x-545-cm-musta\/"},"modified":"2026-02-27T09:45:55","modified_gmt":"2026-02-27T09:45:55","slug":"songmics-3-tasoinen-kenkateline-4-8-parille-kenkia-30-x-425-x-545-cm-musta","status":"publish","type":"product","link":"https:\/\/nordicmart.andreevmaster.com\/fi\/tuote\/songmics-3-tasoinen-kenkateline-4-8-parille-kenkia-30-x-425-x-545-cm-musta\/","title":{"rendered":"SONGMICS 3-tasoinen kenk\u00e4teline 4\u20138 parille kenki\u00e4 30 x 42,5 x 54,5 cm musta"},"content":{"rendered":"<p>SONGMICS kenk\u00e4hylly, 3 tasoa, metallinen kenk\u00e4teline, seisomahylly, helppo asentaa, tilaa s\u00e4\u00e4st\u00e4v\u00e4, 12\u201315 parille kenki\u00e4, pinottava, eteiseen, olohuoneeseen, musta LSA303B02<br \/>\nV\u00e4ri: musta<br \/>\nMateriaali: metalliputket, muoviliittimet<br \/>\nKeng\u00e4hyllyn koko: 30 x 42,5 x 54,5 cm (S x L x K)<br \/>\nPaino per kenk\u00e4teline: 0,7 kg<br \/>\nMaks. staattinen kantavuus per taso: 10 kg<br \/>\nKenk\u00e4hyllyn maks. staattinen kantavuus yhteens\u00e4: 30 kg<\/p>\n","protected":false},"excerpt":{"rendered":"<p>SONGMICS kenk\u00e4hylly, 3 tasoa, metallinen kenk\u00e4teline, seisomahylly, helppo asentaa, tilaa s\u00e4\u00e4st\u00e4v\u00e4, 12\u201315 parille kenki\u00e4, pinottava, eteiseen, olohuoneeseen, musta LSA303B02<\/p>\n","protected":false},"featured_media":43313,"comment_status":"open","ping_status":"closed","template":"","meta":[],"product_brand":[],"product_cat":[32],"product_tag":[],"class_list":{"0":"post-34643","1":"product","2":"type-product","3":"status-publish","4":"has-post-thumbnail","6":"product_cat-uncategorized-fi","8":"first","9":"instock","10":"shipping-taxable","11":"purchasable","12":"product-type-simple"},"_links":{"self":[{"href":"https:\/\/nordicmart.andreevmaster.com\/fi\/wp-json\/wp\/v2\/product\/34643","targetHints":{"allow":["GET"]}}],"collection":[{"href":"https:\/\/nordicmart.andreevmaster.com\/fi\/wp-json\/wp\/v2\/product"}],"about":[{"href":"https:\/\/nordicmart.andreevmaster.com\/fi\/wp-json\/wp\/v2\/types\/product"}],"replies":[{"embeddable":true,"href":"https:\/\/nordicmart.andreevmaster.com\/fi\/wp-json\/wp\/v2\/comments?post=34643"}],"wp:featuredmedia":[{"embeddable":true,"href":"https:\/\/nordicmart.andreevmaster.com\/fi\/wp-json\/wp\/v2\/media\/43313"}],"wp:attachment":[{"href":"https:\/\/nordicmart.andreevmaster.com\/fi\/wp-json\/wp\/v2\/media?parent=34643"}],"wp:term":[{"taxonomy":"product_brand","embeddable":true,"href":"https:\/\/nordicmart.andreevmaster.com\/fi\/wp-json\/wp\/v2\/product_brand?post=34643"},{"taxonomy":"product_cat","embeddable":true,"href":"https:\/\/nordicmart.andreevmaster.com\/fi\/wp-json\/wp\/v2\/product_cat?post=34643"},{"taxonomy":"product_tag","embeddable":true,"href":"https:\/\/nordicmart.andreevmaster.com\/fi\/wp-json\/wp\/v2\/product_tag?post=34643"}],"curies":[{"name":"wp","href":"https:\/\/api.w.org\/{rel}","templated":true}]}}