{"id":34641,"date":"2026-02-27T00:26:33","date_gmt":"2026-02-27T00:26:33","guid":{"rendered":"https:\/\/nordicmart.andreevmaster.com\/product\/vasagle-tarjoiluvaunu-3-tasoinen-rullavaunu-pyorilla\/"},"modified":"2026-02-27T09:45:55","modified_gmt":"2026-02-27T09:45:55","slug":"vasagle-tarjoiluvaunu-3-tasoinen-rullavaunu-pyorilla","status":"publish","type":"product","link":"https:\/\/nordicmart.andreevmaster.com\/fi\/tuote\/vasagle-tarjoiluvaunu-3-tasoinen-rullavaunu-pyorilla\/","title":{"rendered":"VASAGLE tarjoiluvaunu, 3-tasoinen rullavaunu, py\u00f6rill\u00e4"},"content":{"rendered":"<p>VASAGLE tarjoiluvaunu, 3 tasoa, rullavaunu, rullilla, kahvoilla, peililasihyllyill\u00e4, pieniin tiloihin, keitti\u00f6\u00f6n, ruokasaliin, baariin<br \/>\nTekniset tiedot:<br \/>\n&#8211; Mitat: 30 x 46,8 x 92 cm (S x L x K)<br \/>\n&#8211; Paino: 7,7 kg<br \/>\n&#8211; Maks. staattinen kantavuus tasoa kohti: 30 kg<br \/>\n&#8211; Materiaali: ter\u00e4s, peililasi<br \/>\n&#8211; V\u00e4ri: kultainen<\/p>\n","protected":false},"excerpt":{"rendered":"<p>VASAGLE tarjoiluvaunu, 3 tasoa, rullavaunu, rullilla, kahvoilla, peililasihyllyill\u00e4, pieniin tiloihin, keitti\u00f6\u00f6n, ruokasaliin, baariin<\/p>\n","protected":false},"featured_media":43311,"comment_status":"open","ping_status":"closed","template":"","meta":[],"product_brand":[],"product_cat":[32],"product_tag":[],"class_list":{"0":"post-34641","1":"product","2":"type-product","3":"status-publish","4":"has-post-thumbnail","6":"product_cat-uncategorized-fi","8":"first","9":"instock","10":"shipping-taxable","11":"purchasable","12":"product-type-simple"},"_links":{"self":[{"href":"https:\/\/nordicmart.andreevmaster.com\/fi\/wp-json\/wp\/v2\/product\/34641","targetHints":{"allow":["GET"]}}],"collection":[{"href":"https:\/\/nordicmart.andreevmaster.com\/fi\/wp-json\/wp\/v2\/product"}],"about":[{"href":"https:\/\/nordicmart.andreevmaster.com\/fi\/wp-json\/wp\/v2\/types\/product"}],"replies":[{"embeddable":true,"href":"https:\/\/nordicmart.andreevmaster.com\/fi\/wp-json\/wp\/v2\/comments?post=34641"}],"wp:featuredmedia":[{"embeddable":true,"href":"https:\/\/nordicmart.andreevmaster.com\/fi\/wp-json\/wp\/v2\/media\/43311"}],"wp:attachment":[{"href":"https:\/\/nordicmart.andreevmaster.com\/fi\/wp-json\/wp\/v2\/media?parent=34641"}],"wp:term":[{"taxonomy":"product_brand","embeddable":true,"href":"https:\/\/nordicmart.andreevmaster.com\/fi\/wp-json\/wp\/v2\/product_brand?post=34641"},{"taxonomy":"product_cat","embeddable":true,"href":"https:\/\/nordicmart.andreevmaster.com\/fi\/wp-json\/wp\/v2\/product_cat?post=34641"},{"taxonomy":"product_tag","embeddable":true,"href":"https:\/\/nordicmart.andreevmaster.com\/fi\/wp-json\/wp\/v2\/product_tag?post=34641"}],"curies":[{"name":"wp","href":"https:\/\/api.w.org\/{rel}","templated":true}]}}