{"id":34640,"date":"2026-02-27T00:26:33","date_gmt":"2026-02-27T00:26:33","guid":{"rendered":"https:\/\/nordicmart.andreevmaster.com\/product\/vasagle-tarjoiluvaunu-rullavaunu-lasiteline\/"},"modified":"2026-02-27T09:45:54","modified_gmt":"2026-02-27T09:45:54","slug":"vasagle-tarjoiluvaunu-rullavaunu-lasiteline","status":"publish","type":"product","link":"https:\/\/nordicmart.andreevmaster.com\/fi\/tuote\/vasagle-tarjoiluvaunu-rullavaunu-lasiteline\/","title":{"rendered":"VASAGLE tarjoiluvaunu, rullavaunu, lasiteline"},"content":{"rendered":"<p>VASAGLE tarjoiluvaunu, rullavaunu, lasiteline, 2 peilattua lasihylly\u00e4, baarivaunu, viinivaunu, keitti\u00f6\u00f6n, ruokasaliin, baariin, kullanv\u00e4rinen LRC090A03<br \/>\nTekniset tiedot:<br \/>\n&#8211; Mitat: 38 x 80 x 90 cm (S x L x K)<br \/>\n&#8211; Paino: 14 kg<br \/>\n&#8211; Yl\u00e4hyllyn maks. staattinen kantavuus: 29,5 kg<br \/>\n&#8211; Alimman hyllyn maks. staattinen kantavuus: 30,4 kg<br \/>\n&#8211; Materiaali: ter\u00e4s, peililasi<br \/>\n&#8211; V\u00e4ri: musta<\/p>\n","protected":false},"excerpt":{"rendered":"<p>VASAGLE tarjoiluvaunu, rullavaunu, lasiteline, 2 peilattua lasihylly\u00e4, baarivaunu, viinivaunu, keitti\u00f6\u00f6n, ruokasaliin, baariin, kullanv\u00e4rinen LRC090A03<\/p>\n","protected":false},"featured_media":43310,"comment_status":"open","ping_status":"closed","template":"","meta":[],"product_brand":[],"product_cat":[32],"product_tag":[],"class_list":{"0":"post-34640","1":"product","2":"type-product","3":"status-publish","4":"has-post-thumbnail","6":"product_cat-uncategorized-fi","8":"first","9":"instock","10":"shipping-taxable","11":"purchasable","12":"product-type-simple"},"_links":{"self":[{"href":"https:\/\/nordicmart.andreevmaster.com\/fi\/wp-json\/wp\/v2\/product\/34640","targetHints":{"allow":["GET"]}}],"collection":[{"href":"https:\/\/nordicmart.andreevmaster.com\/fi\/wp-json\/wp\/v2\/product"}],"about":[{"href":"https:\/\/nordicmart.andreevmaster.com\/fi\/wp-json\/wp\/v2\/types\/product"}],"replies":[{"embeddable":true,"href":"https:\/\/nordicmart.andreevmaster.com\/fi\/wp-json\/wp\/v2\/comments?post=34640"}],"wp:featuredmedia":[{"embeddable":true,"href":"https:\/\/nordicmart.andreevmaster.com\/fi\/wp-json\/wp\/v2\/media\/43310"}],"wp:attachment":[{"href":"https:\/\/nordicmart.andreevmaster.com\/fi\/wp-json\/wp\/v2\/media?parent=34640"}],"wp:term":[{"taxonomy":"product_brand","embeddable":true,"href":"https:\/\/nordicmart.andreevmaster.com\/fi\/wp-json\/wp\/v2\/product_brand?post=34640"},{"taxonomy":"product_cat","embeddable":true,"href":"https:\/\/nordicmart.andreevmaster.com\/fi\/wp-json\/wp\/v2\/product_cat?post=34640"},{"taxonomy":"product_tag","embeddable":true,"href":"https:\/\/nordicmart.andreevmaster.com\/fi\/wp-json\/wp\/v2\/product_tag?post=34640"}],"curies":[{"name":"wp","href":"https:\/\/api.w.org\/{rel}","templated":true}]}}