{"id":34632,"date":"2026-02-27T00:26:31","date_gmt":"2026-02-27T00:26:31","guid":{"rendered":"https:\/\/nordicmart.andreevmaster.com\/product\/vasagle-5-tasoinen-rullavaunu-kapea-keittiovaunu-rullilla-varustettu-kapea-hylly\/"},"modified":"2026-02-27T09:45:53","modified_gmt":"2026-02-27T09:45:53","slug":"vasagle-5-tasoinen-rullavaunu-kapea-keittiovaunu-rullilla-varustettu-kapea-hylly","status":"publish","type":"product","link":"https:\/\/nordicmart.andreevmaster.com\/fi\/tuote\/vasagle-5-tasoinen-rullavaunu-kapea-keittiovaunu-rullilla-varustettu-kapea-hylly\/","title":{"rendered":"VASAGLE 5-tasoinen rullavaunu, kapea keitti\u00f6vaunu, rullilla varustettu kapea hylly"},"content":{"rendered":"<p>5-tasoinen rullavaunu, kapea keitti\u00f6vaunu, rullallinen hyllykk\u00f6, ter\u00e4s, kahva, pienet tilat, 13 x 45,4 x 99,6 cm, keitti\u00f6, kylpyhuone, tammiv\u00e4rinen-valkoinen<br \/>\nTuotetiedot:<br \/>\n&#8211; V\u00e4ri: vintage-ruskea-musta<br \/>\n&#8211; Materiaali: lastulevy, ter\u00e4s<br \/>\n&#8211; Koko: 13 x 45,4 x 99,6 cm (S x L x K)<br \/>\n&#8211; Paino: 3,8 kg<br \/>\n&#8211; Maks. staattinen kokonaiskuormitus: 12,5 kg<\/p>\n<p>Toimitus sis\u00e4lt\u00e4\u00e4<br \/>\n&#8211; 1 x rullavaunu<br \/>\n&#8211; 1 x lis\u00e4varustepaketti<br \/>\n&#8211; 1 x k\u00e4ytt\u00f6ohje<\/p>\n<p>VASAGLE-huomautukset:<br \/>\n&#8211; Keitti\u00f6k\u00e4rryn suurin staattinen kokonaiskuormituskyky on 12,5 kg. \u00c4l\u00e4 ylit\u00e4 t\u00e4t\u00e4 enimm\u00e4ispainoa.<br \/>\n&#8211; \u00c4l\u00e4 sijoita t\u00e4t\u00e4 kapeaa hylly\u00e4 kosteaan ymp\u00e4rist\u00f6\u00f6n vahingoittumisen v\u00e4ltt\u00e4miseksi. Jos kaadat vahingossa vett\u00e4 sen p\u00e4\u00e4lle, pyyhi se v\u00e4litt\u00f6m\u00e4sti kuivalla liinalla.<\/p>\n","protected":false},"excerpt":{"rendered":"<p>5-tasoinen rullavaunu, kapea keitti\u00f6vaunu, rullallinen hyllykk\u00f6, ter\u00e4s, kahva, pienet tilat, 13 x 45,4 x 99,6 cm, keitti\u00f6, kylpyhuone, tammiv\u00e4rinen-valkoinen<\/p>\n","protected":false},"featured_media":43303,"comment_status":"open","ping_status":"closed","template":"","meta":[],"product_brand":[],"product_cat":[32],"product_tag":[],"class_list":{"0":"post-34632","1":"product","2":"type-product","3":"status-publish","4":"has-post-thumbnail","6":"product_cat-uncategorized-fi","8":"first","9":"instock","10":"shipping-taxable","11":"purchasable","12":"product-type-simple"},"_links":{"self":[{"href":"https:\/\/nordicmart.andreevmaster.com\/fi\/wp-json\/wp\/v2\/product\/34632","targetHints":{"allow":["GET"]}}],"collection":[{"href":"https:\/\/nordicmart.andreevmaster.com\/fi\/wp-json\/wp\/v2\/product"}],"about":[{"href":"https:\/\/nordicmart.andreevmaster.com\/fi\/wp-json\/wp\/v2\/types\/product"}],"replies":[{"embeddable":true,"href":"https:\/\/nordicmart.andreevmaster.com\/fi\/wp-json\/wp\/v2\/comments?post=34632"}],"wp:featuredmedia":[{"embeddable":true,"href":"https:\/\/nordicmart.andreevmaster.com\/fi\/wp-json\/wp\/v2\/media\/43303"}],"wp:attachment":[{"href":"https:\/\/nordicmart.andreevmaster.com\/fi\/wp-json\/wp\/v2\/media?parent=34632"}],"wp:term":[{"taxonomy":"product_brand","embeddable":true,"href":"https:\/\/nordicmart.andreevmaster.com\/fi\/wp-json\/wp\/v2\/product_brand?post=34632"},{"taxonomy":"product_cat","embeddable":true,"href":"https:\/\/nordicmart.andreevmaster.com\/fi\/wp-json\/wp\/v2\/product_cat?post=34632"},{"taxonomy":"product_tag","embeddable":true,"href":"https:\/\/nordicmart.andreevmaster.com\/fi\/wp-json\/wp\/v2\/product_tag?post=34632"}],"curies":[{"name":"wp","href":"https:\/\/api.w.org\/{rel}","templated":true}]}}