{"id":34630,"date":"2026-02-27T00:26:30","date_gmt":"2026-02-27T00:26:30","guid":{"rendered":"https:\/\/nordicmart.andreevmaster.com\/product\/vasagle-4-tasoinen-rullavaunu-kapea-keittiovaunu-kapea-hylly\/"},"modified":"2026-02-27T09:45:53","modified_gmt":"2026-02-27T09:45:53","slug":"vasagle-4-tasoinen-rullavaunu-kapea-keittiovaunu-kapea-hylly","status":"publish","type":"product","link":"https:\/\/nordicmart.andreevmaster.com\/fi\/tuote\/vasagle-4-tasoinen-rullavaunu-kapea-keittiovaunu-kapea-hylly\/","title":{"rendered":"VASAGLE 4-tasoinen rullavaunu, kapea keitti\u00f6vaunu, kapea hylly"},"content":{"rendered":"<p>&#8221;4-tasoinen rullavaunu, kapea keitti\u00f6vaunu, kapea hylly, rullat, ter\u00e4s, kahva, 22 x 45,4 x 77 cm, keitti\u00f6, kylpyhuone, vintage-ruskea-musta&#8221;<br \/>\n&#8211; V\u00e4ri: vintage-ruskea-musta<br \/>\n&#8211; Materiaali: lastulevy, ter\u00e4s<br \/>\n&#8211; Koko: 22 x 45,4 x 77 cm (S x L x K)<br \/>\n&#8211; Paino: 3,6 kg<br \/>\n&#8211; Yl\u00e4levyn maks. staattinen kantavuus: 5 kg<br \/>\n&#8211; Maks. staattinen kantavuus per ritil\u00e4korissa: 5 kg<br \/>\n&#8211; Maks. staattinen kokonaiskuormitus: 20 kg<\/p>\n","protected":false},"excerpt":{"rendered":"<p>&#8221;4-tasoinen rullavaunu, kapea keitti\u00f6vaunu, kapea hylly, rullat, ter\u00e4s, kahva, 22 x 45,4 x 77 cm, keitti\u00f6, kylpyhuone, vintage-ruskea-musta&#8221;<\/p>\n","protected":false},"featured_media":0,"comment_status":"open","ping_status":"closed","template":"","meta":[],"product_brand":[],"product_cat":[32],"product_tag":[],"class_list":{"0":"post-34630","1":"product","2":"type-product","3":"status-publish","5":"product_cat-uncategorized-fi","7":"first","8":"instock","9":"shipping-taxable","10":"purchasable","11":"product-type-simple"},"_links":{"self":[{"href":"https:\/\/nordicmart.andreevmaster.com\/fi\/wp-json\/wp\/v2\/product\/34630","targetHints":{"allow":["GET"]}}],"collection":[{"href":"https:\/\/nordicmart.andreevmaster.com\/fi\/wp-json\/wp\/v2\/product"}],"about":[{"href":"https:\/\/nordicmart.andreevmaster.com\/fi\/wp-json\/wp\/v2\/types\/product"}],"replies":[{"embeddable":true,"href":"https:\/\/nordicmart.andreevmaster.com\/fi\/wp-json\/wp\/v2\/comments?post=34630"}],"wp:attachment":[{"href":"https:\/\/nordicmart.andreevmaster.com\/fi\/wp-json\/wp\/v2\/media?parent=34630"}],"wp:term":[{"taxonomy":"product_brand","embeddable":true,"href":"https:\/\/nordicmart.andreevmaster.com\/fi\/wp-json\/wp\/v2\/product_brand?post=34630"},{"taxonomy":"product_cat","embeddable":true,"href":"https:\/\/nordicmart.andreevmaster.com\/fi\/wp-json\/wp\/v2\/product_cat?post=34630"},{"taxonomy":"product_tag","embeddable":true,"href":"https:\/\/nordicmart.andreevmaster.com\/fi\/wp-json\/wp\/v2\/product_tag?post=34630"}],"curies":[{"name":"wp","href":"https:\/\/api.w.org\/{rel}","templated":true}]}}