{"id":34627,"date":"2026-02-27T00:26:30","date_gmt":"2026-02-27T00:26:30","guid":{"rendered":"https:\/\/nordicmart.andreevmaster.com\/product\/vaunu-4-tasoa-kapea-keittiovaunu-kapeahylly-pyorilla-varustettuna-2\/"},"modified":"2026-02-27T09:45:52","modified_gmt":"2026-02-27T09:45:52","slug":"vaunu-4-tasoa-kapea-keittiovaunu-kapeahylly-pyorilla-varustettuna-2","status":"publish","type":"product","link":"https:\/\/nordicmart.andreevmaster.com\/fi\/tuote\/vaunu-4-tasoa-kapea-keittiovaunu-kapeahylly-pyorilla-varustettuna-2\/","title":{"rendered":"Vaunu 4 tasoa, kapea keitti\u00f6vaunu, kapeahylly py\u00f6rill\u00e4 varustettuna"},"content":{"rendered":"<p>Tuotetiedot: &#8211; V\u00e4ri: V\u00e4ri: V\u00e4ri: Vintage ruskea-musta: Materiaali: lastulevy, ter\u00e4s &#8211; Koko: 13 x 45,4 x 77 cm (S x L x K) &#8211; Paino: 3,8 kg &#8211; Yl\u00e4hyllyn staattinen maksimikuormitettavuus: 5 kg &#8211; Maks. staattinen kuormitettavuus ritil\u00e4koria kohden: 5 kg &#8211; Maks. staattinen kokonaiskuormitettavuus: 20 kg Toimituksen laajuus: &#8211; 1 x vaunu &#8211; 1 x tarvikepakkaus &#8211; 1 x k\u00e4ytt\u00f6ohjeVASAGLE Huomautuksia:- Turvallisuussyist\u00e4 lapset eiv\u00e4t saa kiivet\u00e4 tuotteen p\u00e4\u00e4lle tai leikki\u00e4 sill\u00e4. Tuotteen suurin staattinen kokonaiskuormitettavuus on 20 kg. \u00c4l\u00e4 ylit\u00e4 t\u00e4t\u00e4 enimm\u00e4ispainoa.- \u00c4l\u00e4 aseta t\u00e4t\u00e4 tuotetta kosteaan ymp\u00e4rist\u00f6\u00f6n vaurioiden v\u00e4ltt\u00e4miseksi. Jos sille l\u00e4ikkyy vahingossa vett\u00e4, pyyhi se v\u00e4litt\u00f6m\u00e4sti pois kuivalla liinalla.<\/p>\n","protected":false},"excerpt":{"rendered":"<p>Tuotetiedot: &#8211; V\u00e4ri: V\u00e4ri: V\u00e4ri: Vintage ruskea-musta: Materiaali: lastulevy, ter\u00e4s &#8211; Koko: 13 x 45,4 x 77 cm (S x L x K) &#8211; Paino: 3,8 kg &#8211; Yl\u00e4hyllyn staattinen maksimikuormitettavuus: 5 kg &#8211; Maks. staattinen kuormitettavuus ritil\u00e4koria kohden: 5 kg &#8211; Maks. staattinen kokonaiskuormitettavuus: 20 kg Toimituksen laajuus: &#8211; 1 x vaunu &#8211; 1 [&hellip;]<\/p>\n","protected":false},"featured_media":0,"comment_status":"open","ping_status":"closed","template":"","meta":[],"product_brand":[],"product_cat":[32],"product_tag":[],"class_list":{"0":"post-34627","1":"product","2":"type-product","3":"status-publish","5":"product_cat-uncategorized-fi","7":"first","8":"instock","9":"shipping-taxable","10":"product-type-simple"},"_links":{"self":[{"href":"https:\/\/nordicmart.andreevmaster.com\/fi\/wp-json\/wp\/v2\/product\/34627","targetHints":{"allow":["GET"]}}],"collection":[{"href":"https:\/\/nordicmart.andreevmaster.com\/fi\/wp-json\/wp\/v2\/product"}],"about":[{"href":"https:\/\/nordicmart.andreevmaster.com\/fi\/wp-json\/wp\/v2\/types\/product"}],"replies":[{"embeddable":true,"href":"https:\/\/nordicmart.andreevmaster.com\/fi\/wp-json\/wp\/v2\/comments?post=34627"}],"wp:attachment":[{"href":"https:\/\/nordicmart.andreevmaster.com\/fi\/wp-json\/wp\/v2\/media?parent=34627"}],"wp:term":[{"taxonomy":"product_brand","embeddable":true,"href":"https:\/\/nordicmart.andreevmaster.com\/fi\/wp-json\/wp\/v2\/product_brand?post=34627"},{"taxonomy":"product_cat","embeddable":true,"href":"https:\/\/nordicmart.andreevmaster.com\/fi\/wp-json\/wp\/v2\/product_cat?post=34627"},{"taxonomy":"product_tag","embeddable":true,"href":"https:\/\/nordicmart.andreevmaster.com\/fi\/wp-json\/wp\/v2\/product_tag?post=34627"}],"curies":[{"name":"wp","href":"https:\/\/api.w.org\/{rel}","templated":true}]}}