{"id":34626,"date":"2026-02-27T00:26:29","date_gmt":"2026-02-27T00:26:29","guid":{"rendered":"https:\/\/nordicmart.andreevmaster.com\/product\/vasagle-tarjoiluvaunu-2-hyllya-vintage-ruskea\/"},"modified":"2026-02-27T09:45:52","modified_gmt":"2026-02-27T09:45:52","slug":"vasagle-tarjoiluvaunu-2-hyllya-vintage-ruskea","status":"publish","type":"product","link":"https:\/\/nordicmart.andreevmaster.com\/fi\/tuote\/vasagle-tarjoiluvaunu-2-hyllya-vintage-ruskea\/","title":{"rendered":"VASAGLE tarjoiluvaunu 2 hylly\u00e4 vintage-ruskea"},"content":{"rendered":"<p>Tuotetiedot:- V\u00e4ri: vintage\/tummanruskea- Materiaali: lastulevy, rauta- Koko: 86 x 40 x 85 cm (P x L x K)- Paino: 11,6 kg- Suurin staattinen kantavuus per henkarikansi: 10 kgToimitus sis\u00e4lt\u00e4\u00e4:- 1 x tarjoiluvaunu &#8211; 8 x koukku &#8211; 1 x asennustarvikkeet &#8211; 1 x ohjeet (DE, EN, IT, FR, ES) VASAGLE-ohjeet: &#8211; Pid\u00e4 tuote poissa l\u00e4mm\u00f6nl\u00e4hteist\u00e4, kosteudesta, suorasta auringonvalosta ja sy\u00f6vytt\u00e4vist\u00e4 kemikaaleista.- Pid\u00e4 tuote my\u00f6s poissa ter\u00e4vist\u00e4 ja ter\u00e4vist\u00e4 esineist\u00e4, jotta sen pinta ei vahingoitu. &#8211; \u00c4l\u00e4 anna lasten kiivet\u00e4 tuotteen p\u00e4\u00e4lle.<\/p>\n","protected":false},"excerpt":{"rendered":"<p>VASAGLE tarjoiluvaunu, keitti\u00f6vaunu, jossa on yleisk\u00e4ytt\u00f6iset rullat, keitti\u00f6hylly koukkuilla, 86 x 40 x 85 cm, suuri s\u00e4ilytystila, tukeva metallirunko, teollinen muotoilu, vintage, tummanruskea LRC85BX<\/p>\n","protected":false},"featured_media":43299,"comment_status":"open","ping_status":"closed","template":"","meta":[],"product_brand":[],"product_cat":[32],"product_tag":[],"class_list":{"0":"post-34626","1":"product","2":"type-product","3":"status-publish","4":"has-post-thumbnail","6":"product_cat-uncategorized-fi","8":"first","9":"instock","10":"shipping-taxable","11":"purchasable","12":"product-type-simple"},"_links":{"self":[{"href":"https:\/\/nordicmart.andreevmaster.com\/fi\/wp-json\/wp\/v2\/product\/34626","targetHints":{"allow":["GET"]}}],"collection":[{"href":"https:\/\/nordicmart.andreevmaster.com\/fi\/wp-json\/wp\/v2\/product"}],"about":[{"href":"https:\/\/nordicmart.andreevmaster.com\/fi\/wp-json\/wp\/v2\/types\/product"}],"replies":[{"embeddable":true,"href":"https:\/\/nordicmart.andreevmaster.com\/fi\/wp-json\/wp\/v2\/comments?post=34626"}],"wp:featuredmedia":[{"embeddable":true,"href":"https:\/\/nordicmart.andreevmaster.com\/fi\/wp-json\/wp\/v2\/media\/43299"}],"wp:attachment":[{"href":"https:\/\/nordicmart.andreevmaster.com\/fi\/wp-json\/wp\/v2\/media?parent=34626"}],"wp:term":[{"taxonomy":"product_brand","embeddable":true,"href":"https:\/\/nordicmart.andreevmaster.com\/fi\/wp-json\/wp\/v2\/product_brand?post=34626"},{"taxonomy":"product_cat","embeddable":true,"href":"https:\/\/nordicmart.andreevmaster.com\/fi\/wp-json\/wp\/v2\/product_cat?post=34626"},{"taxonomy":"product_tag","embeddable":true,"href":"https:\/\/nordicmart.andreevmaster.com\/fi\/wp-json\/wp\/v2\/product_tag?post=34626"}],"curies":[{"name":"wp","href":"https:\/\/api.w.org\/{rel}","templated":true}]}}