{"id":34624,"date":"2026-02-27T00:26:29","date_gmt":"2026-02-27T00:26:29","guid":{"rendered":"https:\/\/nordicmart.andreevmaster.com\/product\/vasagle-keittiokarry-universaalipyorilla\/"},"modified":"2026-02-27T09:45:51","modified_gmt":"2026-02-27T09:45:51","slug":"vasagle-keittiokarry-universaalipyorilla","status":"publish","type":"product","link":"https:\/\/nordicmart.andreevmaster.com\/fi\/tuote\/vasagle-keittiokarry-universaalipyorilla\/","title":{"rendered":"VASAGLE keitti\u00f6k\u00e4rry universaalipy\u00f6rill\u00e4"},"content":{"rendered":"<p>Tuotetiedot: &#8211; V\u00e4ri: vintage-ruskea-musta &#8211; Materiaali: lastulevy, ter\u00e4s &#8211; Koko: 60 x 40 x 75 cm (P x L x K) &#8211; Paino: 8,5 kg &#8211; Pinnan suurin staattinen kantavuus: 20 kg &#8211; Hyllytasojen suurin staattinen kantavuus: 5 kg Toimitus sis\u00e4lt\u00e4\u00e4:- 1 x tarjoiluvaunu &#8211; 1 x asennustarvikkeet &#8211; 1 x ohjeet (DE, EN, IT, FR, ES) VASAGLE-ohjeet: &#8211; Pid\u00e4 tuote poissa l\u00e4mm\u00f6nl\u00e4hteist\u00e4, kosteudesta, suorasta auringonvalosta ja sy\u00f6vytt\u00e4vist\u00e4 kemikaaleista. &#8211; Pid\u00e4 tuote my\u00f6s poissa ter\u00e4vist\u00e4 ja ter\u00e4vist\u00e4 esineist\u00e4, jotta sen pinta ei vahingoitu.<\/p>\n","protected":false},"excerpt":{"rendered":"<p>VASAGLE tarjoiluvaunu, keitti\u00f6vaunu, jossa on yleisk\u00e4ytt\u00f6iset rullat, keitti\u00f6hylly, jossa on s\u00e4\u00e4dett\u00e4v\u00e4t jalat, tukeva metallirunko, 2 ritil\u00e4hylly\u00e4, 60 x 40 x 75 cm, teollinen muotoilu, vintage-ruskea-musta LRC75BX<\/p>\n","protected":false},"featured_media":43297,"comment_status":"open","ping_status":"closed","template":"","meta":[],"product_brand":[],"product_cat":[32],"product_tag":[],"class_list":{"0":"post-34624","1":"product","2":"type-product","3":"status-publish","4":"has-post-thumbnail","6":"product_cat-uncategorized-fi","8":"first","9":"instock","10":"shipping-taxable","11":"purchasable","12":"product-type-simple"},"_links":{"self":[{"href":"https:\/\/nordicmart.andreevmaster.com\/fi\/wp-json\/wp\/v2\/product\/34624","targetHints":{"allow":["GET"]}}],"collection":[{"href":"https:\/\/nordicmart.andreevmaster.com\/fi\/wp-json\/wp\/v2\/product"}],"about":[{"href":"https:\/\/nordicmart.andreevmaster.com\/fi\/wp-json\/wp\/v2\/types\/product"}],"replies":[{"embeddable":true,"href":"https:\/\/nordicmart.andreevmaster.com\/fi\/wp-json\/wp\/v2\/comments?post=34624"}],"wp:featuredmedia":[{"embeddable":true,"href":"https:\/\/nordicmart.andreevmaster.com\/fi\/wp-json\/wp\/v2\/media\/43297"}],"wp:attachment":[{"href":"https:\/\/nordicmart.andreevmaster.com\/fi\/wp-json\/wp\/v2\/media?parent=34624"}],"wp:term":[{"taxonomy":"product_brand","embeddable":true,"href":"https:\/\/nordicmart.andreevmaster.com\/fi\/wp-json\/wp\/v2\/product_brand?post=34624"},{"taxonomy":"product_cat","embeddable":true,"href":"https:\/\/nordicmart.andreevmaster.com\/fi\/wp-json\/wp\/v2\/product_cat?post=34624"},{"taxonomy":"product_tag","embeddable":true,"href":"https:\/\/nordicmart.andreevmaster.com\/fi\/wp-json\/wp\/v2\/product_tag?post=34624"}],"curies":[{"name":"wp","href":"https:\/\/api.w.org\/{rel}","templated":true}]}}