{"id":34621,"date":"2026-02-27T00:26:28","date_gmt":"2026-02-27T00:26:28","guid":{"rendered":"https:\/\/nordicmart.andreevmaster.com\/product\/vasagle-tarjoilupoyta-3-hyllya-vintage-ruskea\/"},"modified":"2026-02-27T09:45:51","modified_gmt":"2026-02-27T09:45:51","slug":"vasagle-tarjoilupoyta-3-hyllya-vintage-ruskea","status":"publish","type":"product","link":"https:\/\/nordicmart.andreevmaster.com\/fi\/tuote\/vasagle-tarjoilupoyta-3-hyllya-vintage-ruskea\/","title":{"rendered":"VASAGLE tarjoilup\u00f6yt\u00e4 3 hylly\u00e4 vintage-ruskea"},"content":{"rendered":"<p>Tuotetiedot: &#8211; V\u00e4ri: vintage\/tummanruskea &#8211; Materiaali: lastulevy, rauta &#8211; Koko: 66 x 26 x 85 cm (P x L x K) &#8211; Paino: 9,9 kg &#8211; Hyllytasojen suurin staattinen kantavuus: 10 kg Toimitus sis\u00e4lt\u00e4\u00e4:- 1 x tarjoilup\u00f6yt\u00e4 &#8211; 1 x asennustarvikkeet &#8211; 1 x ohjeet (DE, EN, IT, FR, ES) VASAGLE Huomautukset: &#8211; Pid\u00e4 tuote poissa l\u00e4mm\u00f6nl\u00e4hteist\u00e4, kosteudesta, suorasta auringonvalosta ja sy\u00f6vytt\u00e4vist\u00e4 kemikaaleista. &#8211; Pid\u00e4 tuote my\u00f6s poissa ter\u00e4vist\u00e4 ja ter\u00e4vist\u00e4 esineist\u00e4, jotta sen pinta ei vahingoitu.- \u00c4l\u00e4 anna lasten kiivet\u00e4 tuotteen p\u00e4\u00e4lle.<\/p>\n","protected":false},"excerpt":{"rendered":"<p>VASAGLE tarjoiluvaunu, tilaa s\u00e4\u00e4st\u00e4v\u00e4 keitti\u00f6vaunu, jossa on yleisk\u00e4ytt\u00f6iset rullat, keitti\u00f6hylly, jossa on s\u00e4\u00e4dett\u00e4v\u00e4t jalat, vakaa metallirunko, 66 x 26 x 85 cm, teollinen muotoilu, vintage, tummanruskea LRC66BX<\/p>\n","protected":false},"featured_media":43294,"comment_status":"open","ping_status":"closed","template":"","meta":[],"product_brand":[],"product_cat":[32],"product_tag":[],"class_list":{"0":"post-34621","1":"product","2":"type-product","3":"status-publish","4":"has-post-thumbnail","6":"product_cat-uncategorized-fi","8":"first","9":"instock","10":"shipping-taxable","11":"purchasable","12":"product-type-simple"},"_links":{"self":[{"href":"https:\/\/nordicmart.andreevmaster.com\/fi\/wp-json\/wp\/v2\/product\/34621","targetHints":{"allow":["GET"]}}],"collection":[{"href":"https:\/\/nordicmart.andreevmaster.com\/fi\/wp-json\/wp\/v2\/product"}],"about":[{"href":"https:\/\/nordicmart.andreevmaster.com\/fi\/wp-json\/wp\/v2\/types\/product"}],"replies":[{"embeddable":true,"href":"https:\/\/nordicmart.andreevmaster.com\/fi\/wp-json\/wp\/v2\/comments?post=34621"}],"wp:featuredmedia":[{"embeddable":true,"href":"https:\/\/nordicmart.andreevmaster.com\/fi\/wp-json\/wp\/v2\/media\/43294"}],"wp:attachment":[{"href":"https:\/\/nordicmart.andreevmaster.com\/fi\/wp-json\/wp\/v2\/media?parent=34621"}],"wp:term":[{"taxonomy":"product_brand","embeddable":true,"href":"https:\/\/nordicmart.andreevmaster.com\/fi\/wp-json\/wp\/v2\/product_brand?post=34621"},{"taxonomy":"product_cat","embeddable":true,"href":"https:\/\/nordicmart.andreevmaster.com\/fi\/wp-json\/wp\/v2\/product_cat?post=34621"},{"taxonomy":"product_tag","embeddable":true,"href":"https:\/\/nordicmart.andreevmaster.com\/fi\/wp-json\/wp\/v2\/product_tag?post=34621"}],"curies":[{"name":"wp","href":"https:\/\/api.w.org\/{rel}","templated":true}]}}