{"id":34618,"date":"2026-02-27T00:26:27","date_gmt":"2026-02-27T00:26:27","guid":{"rendered":"https:\/\/nordicmart.andreevmaster.com\/product\/vasagle-tarjoiluvaunu-2-peililasi-hyllya-kullanvarinen\/"},"modified":"2026-02-27T09:45:50","modified_gmt":"2026-02-27T09:45:50","slug":"vasagle-tarjoiluvaunu-2-peililasi-hyllya-kullanvarinen","status":"publish","type":"product","link":"https:\/\/nordicmart.andreevmaster.com\/fi\/tuote\/vasagle-tarjoiluvaunu-2-peililasi-hyllya-kullanvarinen\/","title":{"rendered":"VASAGLE tarjoiluvaunu, 2 peililasi-hylly\u00e4, kullanv\u00e4rinen"},"content":{"rendered":"<p>VASAGLE tarjoiluvaunu, rullavaunu, lasiteline, 2 peililasi-hylly\u00e4, baarivaunu, viinivaunu, keitti\u00f6\u00f6n, ruokasaliin, baariin Tarjoiluvaunu<br \/>\nV\u00e4ri: kultainen<br \/>\nMateriaali: ter\u00e4s, peililasi<br \/>\nKoko: 38 x 60 x 90 cm (S x L x K)<br \/>\nPaino: 9,9 kg<br \/>\nYl\u00e4hyllyn maks. staattinen kantavuus: 29,5 kg<br \/>\nAlemman hyllyn maks. staattinen kantavuus: 30,4 kg<\/p>\n","protected":false},"excerpt":{"rendered":"<p>VASAGLE tarjoiluvaunu, rullavaunu, lasiteline, 2 peililasi-hylly\u00e4, baarivaunu, viinivaunu, keitti\u00f6\u00f6n, ruokasaliin, baariin Tarjoiluvaunu<\/p>\n","protected":false},"featured_media":43291,"comment_status":"open","ping_status":"closed","template":"","meta":[],"product_brand":[],"product_cat":[32],"product_tag":[],"class_list":{"0":"post-34618","1":"product","2":"type-product","3":"status-publish","4":"has-post-thumbnail","6":"product_cat-uncategorized-fi","8":"first","9":"instock","10":"shipping-taxable","11":"purchasable","12":"product-type-simple"},"_links":{"self":[{"href":"https:\/\/nordicmart.andreevmaster.com\/fi\/wp-json\/wp\/v2\/product\/34618","targetHints":{"allow":["GET"]}}],"collection":[{"href":"https:\/\/nordicmart.andreevmaster.com\/fi\/wp-json\/wp\/v2\/product"}],"about":[{"href":"https:\/\/nordicmart.andreevmaster.com\/fi\/wp-json\/wp\/v2\/types\/product"}],"replies":[{"embeddable":true,"href":"https:\/\/nordicmart.andreevmaster.com\/fi\/wp-json\/wp\/v2\/comments?post=34618"}],"wp:featuredmedia":[{"embeddable":true,"href":"https:\/\/nordicmart.andreevmaster.com\/fi\/wp-json\/wp\/v2\/media\/43291"}],"wp:attachment":[{"href":"https:\/\/nordicmart.andreevmaster.com\/fi\/wp-json\/wp\/v2\/media?parent=34618"}],"wp:term":[{"taxonomy":"product_brand","embeddable":true,"href":"https:\/\/nordicmart.andreevmaster.com\/fi\/wp-json\/wp\/v2\/product_brand?post=34618"},{"taxonomy":"product_cat","embeddable":true,"href":"https:\/\/nordicmart.andreevmaster.com\/fi\/wp-json\/wp\/v2\/product_cat?post=34618"},{"taxonomy":"product_tag","embeddable":true,"href":"https:\/\/nordicmart.andreevmaster.com\/fi\/wp-json\/wp\/v2\/product_tag?post=34618"}],"curies":[{"name":"wp","href":"https:\/\/api.w.org\/{rel}","templated":true}]}}