{"id":34614,"date":"2026-02-27T00:26:26","date_gmt":"2026-02-27T00:26:26","guid":{"rendered":"https:\/\/nordicmart.andreevmaster.com\/product\/vasagle-tarjoiluvaunu-lasilevyilla\/"},"modified":"2026-02-27T09:45:50","modified_gmt":"2026-02-27T09:45:50","slug":"vasagle-tarjoiluvaunu-lasilevyilla","status":"publish","type":"product","link":"https:\/\/nordicmart.andreevmaster.com\/fi\/tuote\/vasagle-tarjoiluvaunu-lasilevyilla\/","title":{"rendered":"VASAGLE tarjoiluvaunu lasilevyill\u00e4"},"content":{"rendered":"<p>Tuotetiedot: &#8211; V\u00e4ri: kultainen &#8211; Materiaali: ter\u00e4s, peililasi &#8211; Koko: 80 x 38 x 77,5 cm (P x L x K)  &#8211; Paino: 14 kg &#8211; Yl\u00e4hyllyn maks. staattinen kantavuus: 91 kg &#8211; Alahyllyn maks. staattinen kantavuus: 45,5 kg Toimitus sis\u00e4lt\u00e4\u00e4: &#8211; 1 x rullavaunu &#8211; 1 x lis\u00e4varustepaketti &#8211; 1 x ohjeet VASAGLE-ohjeet: &#8211; Lapset eiv\u00e4t saa kiivet\u00e4 tuotteen p\u00e4\u00e4lle tai leikki\u00e4 sill\u00e4.<\/p>\n","protected":false},"excerpt":{"rendered":"<p>VASAGLE tarjoiluvaunu, rullavaunu, lasiteline, 2 peilattua lasihylly\u00e4, baarivaunu, viinivaunu, keitti\u00f6\u00f6n, ruokasaliin, baariin, kullanv\u00e4rinen LRC090A03<\/p>\n","protected":false},"featured_media":43287,"comment_status":"open","ping_status":"closed","template":"","meta":[],"product_brand":[],"product_cat":[32],"product_tag":[],"class_list":{"0":"post-34614","1":"product","2":"type-product","3":"status-publish","4":"has-post-thumbnail","6":"product_cat-uncategorized-fi","8":"first","9":"instock","10":"shipping-taxable","11":"purchasable","12":"product-type-simple"},"_links":{"self":[{"href":"https:\/\/nordicmart.andreevmaster.com\/fi\/wp-json\/wp\/v2\/product\/34614","targetHints":{"allow":["GET"]}}],"collection":[{"href":"https:\/\/nordicmart.andreevmaster.com\/fi\/wp-json\/wp\/v2\/product"}],"about":[{"href":"https:\/\/nordicmart.andreevmaster.com\/fi\/wp-json\/wp\/v2\/types\/product"}],"replies":[{"embeddable":true,"href":"https:\/\/nordicmart.andreevmaster.com\/fi\/wp-json\/wp\/v2\/comments?post=34614"}],"wp:featuredmedia":[{"embeddable":true,"href":"https:\/\/nordicmart.andreevmaster.com\/fi\/wp-json\/wp\/v2\/media\/43287"}],"wp:attachment":[{"href":"https:\/\/nordicmart.andreevmaster.com\/fi\/wp-json\/wp\/v2\/media?parent=34614"}],"wp:term":[{"taxonomy":"product_brand","embeddable":true,"href":"https:\/\/nordicmart.andreevmaster.com\/fi\/wp-json\/wp\/v2\/product_brand?post=34614"},{"taxonomy":"product_cat","embeddable":true,"href":"https:\/\/nordicmart.andreevmaster.com\/fi\/wp-json\/wp\/v2\/product_cat?post=34614"},{"taxonomy":"product_tag","embeddable":true,"href":"https:\/\/nordicmart.andreevmaster.com\/fi\/wp-json\/wp\/v2\/product_tag?post=34614"}],"curies":[{"name":"wp","href":"https:\/\/api.w.org\/{rel}","templated":true}]}}