{"id":34613,"date":"2026-02-27T00:26:26","date_gmt":"2026-02-27T00:26:26","guid":{"rendered":"https:\/\/nordicmart.andreevmaster.com\/product\/vasagle-tarjoiluvaunu-teollinen-muotoilu-turkoosiruskea-musta\/"},"modified":"2026-02-27T09:45:49","modified_gmt":"2026-02-27T09:45:49","slug":"vasagle-tarjoiluvaunu-teollinen-muotoilu-turkoosiruskea-musta","status":"publish","type":"product","link":"https:\/\/nordicmart.andreevmaster.com\/fi\/tuote\/vasagle-tarjoiluvaunu-teollinen-muotoilu-turkoosiruskea-musta\/","title":{"rendered":"VASAGLE tarjoiluvaunu teollinen muotoilu turkoosiruskea-musta"},"content":{"rendered":"<p>VASAGLE tarjoiluvaunu, keitti\u00f6vaunu py\u00f6rill\u00e4, hyllyill\u00e4, lasi- ja pullotelineill\u00e4, 60 x 40 x 75 cm, teollinen muotoilu, vintage-ruskea-musta LRC087B01<br \/>\nV\u00e4ri: turkoosiruskea-musta<br \/>\nMateriaali: lastulevy, ter\u00e4s<br \/>\nKoko: 40 x 60 x 82 cm (S x L x K)<br \/>\nPaino: 10,4 kg<br \/>\nYl\u00e4levyn suurin staattinen kantavuus: 20 kg<br \/>\nAlemman lastulevyn suurin staattinen kantavuus: 15 kg<\/p>\n","protected":false},"excerpt":{"rendered":"<p>VASAGLE tarjoiluvaunu, keitti\u00f6vaunu py\u00f6rill\u00e4, hyllyill\u00e4, lasi- ja pullotelineill\u00e4, 60 x 40 x 75 cm, teollinen muotoilu, vintage-ruskea-musta LRC087B01<\/p>\n","protected":false},"featured_media":43286,"comment_status":"open","ping_status":"closed","template":"","meta":[],"product_brand":[],"product_cat":[32],"product_tag":[],"class_list":{"0":"post-34613","1":"product","2":"type-product","3":"status-publish","4":"has-post-thumbnail","6":"product_cat-uncategorized-fi","8":"first","9":"instock","10":"shipping-taxable","11":"purchasable","12":"product-type-simple"},"_links":{"self":[{"href":"https:\/\/nordicmart.andreevmaster.com\/fi\/wp-json\/wp\/v2\/product\/34613","targetHints":{"allow":["GET"]}}],"collection":[{"href":"https:\/\/nordicmart.andreevmaster.com\/fi\/wp-json\/wp\/v2\/product"}],"about":[{"href":"https:\/\/nordicmart.andreevmaster.com\/fi\/wp-json\/wp\/v2\/types\/product"}],"replies":[{"embeddable":true,"href":"https:\/\/nordicmart.andreevmaster.com\/fi\/wp-json\/wp\/v2\/comments?post=34613"}],"wp:featuredmedia":[{"embeddable":true,"href":"https:\/\/nordicmart.andreevmaster.com\/fi\/wp-json\/wp\/v2\/media\/43286"}],"wp:attachment":[{"href":"https:\/\/nordicmart.andreevmaster.com\/fi\/wp-json\/wp\/v2\/media?parent=34613"}],"wp:term":[{"taxonomy":"product_brand","embeddable":true,"href":"https:\/\/nordicmart.andreevmaster.com\/fi\/wp-json\/wp\/v2\/product_brand?post=34613"},{"taxonomy":"product_cat","embeddable":true,"href":"https:\/\/nordicmart.andreevmaster.com\/fi\/wp-json\/wp\/v2\/product_cat?post=34613"},{"taxonomy":"product_tag","embeddable":true,"href":"https:\/\/nordicmart.andreevmaster.com\/fi\/wp-json\/wp\/v2\/product_tag?post=34613"}],"curies":[{"name":"wp","href":"https:\/\/api.w.org\/{rel}","templated":true}]}}