{"id":34610,"date":"2026-02-27T00:26:25","date_gmt":"2026-02-27T00:26:25","guid":{"rendered":"https:\/\/nordicmart.andreevmaster.com\/product\/vasagle-tarjoiluvaunu-vintage-ruskea-musta\/"},"modified":"2026-02-27T09:45:49","modified_gmt":"2026-02-27T09:45:49","slug":"vasagle-tarjoiluvaunu-vintage-ruskea-musta","status":"publish","type":"product","link":"https:\/\/nordicmart.andreevmaster.com\/fi\/tuote\/vasagle-tarjoiluvaunu-vintage-ruskea-musta\/","title":{"rendered":"VASAGLE tarjoiluvaunu, vintage-ruskea-musta"},"content":{"rendered":"<p>Tuotetiedot: &#8211; V\u00e4ri: vintage-ruskea-musta &#8211; Materiaali: puulevy, ter\u00e4s &#8211; Koko: 60 x 40 x 75 cm (P x L x K) &#8211; Paino: 12 kg &#8211; Yl\u00e4levyn suurin staattinen kantavuus: 20 kg &#8211; Alalevyn suurin staattinen kantavuus: 15 kg Toimitus sis\u00e4lt\u00e4\u00e4: &#8211; 1 x tarjoiluvaunu &#8211; 1 x lis\u00e4varustepaketti &#8211; 1 x ohjeet VASAGLE Huomautukset: &#8211; Turvallisuussyist\u00e4 lapset eiv\u00e4t saa kiivet\u00e4 tuotteelle tai leikki\u00e4 sill\u00e4.<\/p>\n","protected":false},"excerpt":{"rendered":"<p>VASAGLE tarjoiluvaunu, keitti\u00f6vaunu py\u00f6rill\u00e4, hyllyill\u00e4, lasi- ja pullotelineill\u00e4, 60 x 40 x 75 cm, teollinen muotoilu, vintage-ruskea-musta LRC087B01<\/p>\n","protected":false},"featured_media":43283,"comment_status":"open","ping_status":"closed","template":"","meta":[],"product_brand":[],"product_cat":[32],"product_tag":[],"class_list":{"0":"post-34610","1":"product","2":"type-product","3":"status-publish","4":"has-post-thumbnail","6":"product_cat-uncategorized-fi","8":"first","9":"instock","10":"shipping-taxable","11":"purchasable","12":"product-type-simple"},"_links":{"self":[{"href":"https:\/\/nordicmart.andreevmaster.com\/fi\/wp-json\/wp\/v2\/product\/34610","targetHints":{"allow":["GET"]}}],"collection":[{"href":"https:\/\/nordicmart.andreevmaster.com\/fi\/wp-json\/wp\/v2\/product"}],"about":[{"href":"https:\/\/nordicmart.andreevmaster.com\/fi\/wp-json\/wp\/v2\/types\/product"}],"replies":[{"embeddable":true,"href":"https:\/\/nordicmart.andreevmaster.com\/fi\/wp-json\/wp\/v2\/comments?post=34610"}],"wp:featuredmedia":[{"embeddable":true,"href":"https:\/\/nordicmart.andreevmaster.com\/fi\/wp-json\/wp\/v2\/media\/43283"}],"wp:attachment":[{"href":"https:\/\/nordicmart.andreevmaster.com\/fi\/wp-json\/wp\/v2\/media?parent=34610"}],"wp:term":[{"taxonomy":"product_brand","embeddable":true,"href":"https:\/\/nordicmart.andreevmaster.com\/fi\/wp-json\/wp\/v2\/product_brand?post=34610"},{"taxonomy":"product_cat","embeddable":true,"href":"https:\/\/nordicmart.andreevmaster.com\/fi\/wp-json\/wp\/v2\/product_cat?post=34610"},{"taxonomy":"product_tag","embeddable":true,"href":"https:\/\/nordicmart.andreevmaster.com\/fi\/wp-json\/wp\/v2\/product_tag?post=34610"}],"curies":[{"name":"wp","href":"https:\/\/api.w.org\/{rel}","templated":true}]}}