{"id":34609,"date":"2026-02-27T00:26:25","date_gmt":"2026-02-27T00:26:25","guid":{"rendered":"https:\/\/nordicmart.andreevmaster.com\/product\/vasagle-tarjoiluvaunu-universaalipyorilla\/"},"modified":"2026-02-27T09:45:49","modified_gmt":"2026-02-27T09:45:49","slug":"vasagle-tarjoiluvaunu-universaalipyorilla","status":"publish","type":"product","link":"https:\/\/nordicmart.andreevmaster.com\/fi\/tuote\/vasagle-tarjoiluvaunu-universaalipyorilla\/","title":{"rendered":"VASAGLE tarjoiluvaunu universaalipy\u00f6rill\u00e4"},"content":{"rendered":"<p>Juhlat voivat alkaa! Juomat, v\u00e4lipalat&#8230; Laita kaikki herkut t\u00e4lle k\u00e4rrylle. Vieraat tulevat olemaan innoissaan! Lounas on katettu! Kuljeta astiat, lautaset ja ruokailuv\u00e4lineet helposti ruokasaliin, jotta voit kattaa p\u00f6yd\u00e4n perheen yhteist\u00e4 ateriaa varten. Mik\u00e4 katseenvangitsija! Lasilevy antaa t\u00e4lle rullak\u00e4rrylle ripauksen glamouria. Kaarevalla kahvalla varustettu tarjoiluvaunu muuttaa kotisi viiden t\u00e4hden hotelliksi. Tuotetiedot: V\u00e4ri: vintage-ruskea-musta Materiaali: lastulevy, ter\u00e4s Koko: 75 x 40 x 86 cm (P x L x K) Paino: 12,3 kg Suurin staattinen kantavuus per hylly: 30 kg Suurin staattinen kantavuus yhteens\u00e4: 60 kg Toimitus sis\u00e4lt\u00e4\u00e4: 1 x tarjoiluvaunu 1 x lis\u00e4varustepaketti 1 x ohjeet (DE, EN, IT, FR, ES) VASAGLE Huomautukset:Turvallisuussyist\u00e4 lapset eiv\u00e4t saa kiivet\u00e4 tuotteelle tai leikki\u00e4 sill\u00e4. Tuotteen suurin staattinen kantavuus on 60 kg. \u00c4l\u00e4 ylit\u00e4 t\u00e4t\u00e4 enimm\u00e4ispainoa.<\/p>\n","protected":false},"excerpt":{"rendered":"<p>VASAGLE tarjoiluvaunu, jossa on yleisk\u00e4ytt\u00f6iset rullat, baarivaunu, hyllyill\u00e4, lasi- ja pullotelineell\u00e4, lasilevyll\u00e4, 75 x 40 x 86 cm, teollinen muotoilu, vintage-ruskea-musta LRC086B01<\/p>\n","protected":false},"featured_media":43282,"comment_status":"open","ping_status":"closed","template":"","meta":[],"product_brand":[],"product_cat":[32],"product_tag":[],"class_list":{"0":"post-34609","1":"product","2":"type-product","3":"status-publish","4":"has-post-thumbnail","6":"product_cat-uncategorized-fi","8":"first","9":"instock","10":"shipping-taxable","11":"purchasable","12":"product-type-simple"},"_links":{"self":[{"href":"https:\/\/nordicmart.andreevmaster.com\/fi\/wp-json\/wp\/v2\/product\/34609","targetHints":{"allow":["GET"]}}],"collection":[{"href":"https:\/\/nordicmart.andreevmaster.com\/fi\/wp-json\/wp\/v2\/product"}],"about":[{"href":"https:\/\/nordicmart.andreevmaster.com\/fi\/wp-json\/wp\/v2\/types\/product"}],"replies":[{"embeddable":true,"href":"https:\/\/nordicmart.andreevmaster.com\/fi\/wp-json\/wp\/v2\/comments?post=34609"}],"wp:featuredmedia":[{"embeddable":true,"href":"https:\/\/nordicmart.andreevmaster.com\/fi\/wp-json\/wp\/v2\/media\/43282"}],"wp:attachment":[{"href":"https:\/\/nordicmart.andreevmaster.com\/fi\/wp-json\/wp\/v2\/media?parent=34609"}],"wp:term":[{"taxonomy":"product_brand","embeddable":true,"href":"https:\/\/nordicmart.andreevmaster.com\/fi\/wp-json\/wp\/v2\/product_brand?post=34609"},{"taxonomy":"product_cat","embeddable":true,"href":"https:\/\/nordicmart.andreevmaster.com\/fi\/wp-json\/wp\/v2\/product_cat?post=34609"},{"taxonomy":"product_tag","embeddable":true,"href":"https:\/\/nordicmart.andreevmaster.com\/fi\/wp-json\/wp\/v2\/product_tag?post=34609"}],"curies":[{"name":"wp","href":"https:\/\/api.w.org\/{rel}","templated":true}]}}