{"id":34607,"date":"2026-02-27T00:26:24","date_gmt":"2026-02-27T00:26:24","guid":{"rendered":"https:\/\/nordicmart.andreevmaster.com\/product\/vasagle-keittiokarry-65-x-40-x-86-cm-greige-musta\/"},"modified":"2026-02-27T09:45:48","modified_gmt":"2026-02-27T09:45:48","slug":"vasagle-keittiokarry-65-x-40-x-86-cm-greige-musta","status":"publish","type":"product","link":"https:\/\/nordicmart.andreevmaster.com\/fi\/tuote\/vasagle-keittiokarry-65-x-40-x-86-cm-greige-musta\/","title":{"rendered":"VASAGLE keitti\u00f6k\u00e4rry 65 x 40 x 86 cm greige-musta"},"content":{"rendered":"<p>Tuotetiedot: &#8211; V\u00e4ri: greige-musta &#8211; Materiaali: lastulevy, ter\u00e4s &#8211; Koko: 65 x 40 x 86 cm (P x L x K) &#8211; Paino: 12,4 kg &#8211; Suurin staattinen kokonaiskuormitus: 60 kg &#8211; Suurin staattinen kuormitus tarjottimelle: 15 kg  Toimitus sis\u00e4lt\u00e4\u00e4: &#8211; 1 x tarjoiluvaunu &#8211; 1 x tarjotin &#8211; 1 x asennustarvikkeet &#8211; 1 x ohjeet (DE, EN, IT, FR, ES) VASAGLE Huomautukset: &#8211; \u00c4l\u00e4 anna lasten kiivet\u00e4 tuotteelle tai leikki\u00e4 sill\u00e4. Pid\u00e4 lapset poissa asennusalueelta. Toimitukseen sis\u00e4ltyy monia pieni\u00e4 osia, jotka voivat olla terveydelle vaarallisia, jos niit\u00e4 hengitet\u00e4\u00e4n tai nielaistaan. &#8211; Pid\u00e4 tuote my\u00f6s poissa ter\u00e4vien ja ter\u00e4vien esineiden sek\u00e4 sy\u00f6vytt\u00e4vien kemikaalien l\u00e4heisyydest\u00e4, jotta sen pinta ei vahingoitu. &#8211; Tuotteen suurin staattinen kantavuus on 60 kg, tarjottimen 15 kg. \u00c4l\u00e4 aseta tuotteen p\u00e4\u00e4lle painavampia esineit\u00e4.<\/p>\n","protected":false},"excerpt":{"rendered":"<p>VASAGLE tarjoiluvaunu irrotettavalla tarjottimella, lukittava keitti\u00f6vaunu universaalipy\u00f6rill\u00e4, keitti\u00f6hylly, 65 x 40 x 86 cm, tukeva metallirunko, teollinen muotoilu, greige-musta LRC072B02<\/p>\n","protected":false},"featured_media":43280,"comment_status":"open","ping_status":"closed","template":"","meta":[],"product_brand":[],"product_cat":[32],"product_tag":[],"class_list":{"0":"post-34607","1":"product","2":"type-product","3":"status-publish","4":"has-post-thumbnail","6":"product_cat-uncategorized-fi","8":"first","9":"instock","10":"shipping-taxable","11":"purchasable","12":"product-type-simple"},"_links":{"self":[{"href":"https:\/\/nordicmart.andreevmaster.com\/fi\/wp-json\/wp\/v2\/product\/34607","targetHints":{"allow":["GET"]}}],"collection":[{"href":"https:\/\/nordicmart.andreevmaster.com\/fi\/wp-json\/wp\/v2\/product"}],"about":[{"href":"https:\/\/nordicmart.andreevmaster.com\/fi\/wp-json\/wp\/v2\/types\/product"}],"replies":[{"embeddable":true,"href":"https:\/\/nordicmart.andreevmaster.com\/fi\/wp-json\/wp\/v2\/comments?post=34607"}],"wp:featuredmedia":[{"embeddable":true,"href":"https:\/\/nordicmart.andreevmaster.com\/fi\/wp-json\/wp\/v2\/media\/43280"}],"wp:attachment":[{"href":"https:\/\/nordicmart.andreevmaster.com\/fi\/wp-json\/wp\/v2\/media?parent=34607"}],"wp:term":[{"taxonomy":"product_brand","embeddable":true,"href":"https:\/\/nordicmart.andreevmaster.com\/fi\/wp-json\/wp\/v2\/product_brand?post=34607"},{"taxonomy":"product_cat","embeddable":true,"href":"https:\/\/nordicmart.andreevmaster.com\/fi\/wp-json\/wp\/v2\/product_cat?post=34607"},{"taxonomy":"product_tag","embeddable":true,"href":"https:\/\/nordicmart.andreevmaster.com\/fi\/wp-json\/wp\/v2\/product_tag?post=34607"}],"curies":[{"name":"wp","href":"https:\/\/api.w.org\/{rel}","templated":true}]}}