{"id":34606,"date":"2026-02-27T00:26:24","date_gmt":"2026-02-27T00:26:24","guid":{"rendered":"https:\/\/nordicmart.andreevmaster.com\/product\/vasagle-tarjoiluvaunu-jaloilla-ja-rullilla-vintage-ruskea-musta\/"},"modified":"2026-02-27T09:45:48","modified_gmt":"2026-02-27T09:45:48","slug":"vasagle-tarjoiluvaunu-jaloilla-ja-rullilla-vintage-ruskea-musta","status":"publish","type":"product","link":"https:\/\/nordicmart.andreevmaster.com\/fi\/tuote\/vasagle-tarjoiluvaunu-jaloilla-ja-rullilla-vintage-ruskea-musta\/","title":{"rendered":"VASAGLE tarjoiluvaunu jaloilla ja rullilla, vintage-ruskea-musta"},"content":{"rendered":"<p>VASAGLE tarjoiluvaunu irrotettavalla tarjottimella, lukittava keitti\u00f6vaunu universaalipy\u00f6rill\u00e4, keitti\u00f6hylly, 65 x 40 x 86 cm, tukeva metallirunko, teollinen muotoilu, vintage-ruskea-musta LRC72X<br \/>\nV\u00e4ri: vintage-ruskea-musta<br \/>\nMateriaali: lastulevy, ter\u00e4s<br \/>\nKoko: 30 x 34,7 x 86 cm (S x L x K)<br \/>\nPaino: 5,3 kg<br \/>\nSuurin staattinen kokonaiskuormitus: 30 kg<br \/>\nTelineen suurin staattinen kantavuus: 10 kg<\/p>\n","protected":false},"excerpt":{"rendered":"<p>VASAGLE tarjoiluvaunu irrotettavalla tarjottimella, lukittava keitti\u00f6vaunu universaalipy\u00f6rill\u00e4, keitti\u00f6hylly, 65 x 40 x 86 cm, tukeva metallirunko, teollinen muotoilu, vintage-ruskea-musta LRC72X<\/p>\n","protected":false},"featured_media":43279,"comment_status":"open","ping_status":"closed","template":"","meta":[],"product_brand":[],"product_cat":[32],"product_tag":[],"class_list":{"0":"post-34606","1":"product","2":"type-product","3":"status-publish","4":"has-post-thumbnail","6":"product_cat-uncategorized-fi","8":"first","9":"instock","10":"shipping-taxable","11":"purchasable","12":"product-type-simple"},"_links":{"self":[{"href":"https:\/\/nordicmart.andreevmaster.com\/fi\/wp-json\/wp\/v2\/product\/34606","targetHints":{"allow":["GET"]}}],"collection":[{"href":"https:\/\/nordicmart.andreevmaster.com\/fi\/wp-json\/wp\/v2\/product"}],"about":[{"href":"https:\/\/nordicmart.andreevmaster.com\/fi\/wp-json\/wp\/v2\/types\/product"}],"replies":[{"embeddable":true,"href":"https:\/\/nordicmart.andreevmaster.com\/fi\/wp-json\/wp\/v2\/comments?post=34606"}],"wp:featuredmedia":[{"embeddable":true,"href":"https:\/\/nordicmart.andreevmaster.com\/fi\/wp-json\/wp\/v2\/media\/43279"}],"wp:attachment":[{"href":"https:\/\/nordicmart.andreevmaster.com\/fi\/wp-json\/wp\/v2\/media?parent=34606"}],"wp:term":[{"taxonomy":"product_brand","embeddable":true,"href":"https:\/\/nordicmart.andreevmaster.com\/fi\/wp-json\/wp\/v2\/product_brand?post=34606"},{"taxonomy":"product_cat","embeddable":true,"href":"https:\/\/nordicmart.andreevmaster.com\/fi\/wp-json\/wp\/v2\/product_cat?post=34606"},{"taxonomy":"product_tag","embeddable":true,"href":"https:\/\/nordicmart.andreevmaster.com\/fi\/wp-json\/wp\/v2\/product_tag?post=34606"}],"curies":[{"name":"wp","href":"https:\/\/api.w.org\/{rel}","templated":true}]}}