{"id":34603,"date":"2026-02-27T00:26:23","date_gmt":"2026-02-27T00:26:23","guid":{"rendered":"https:\/\/nordicmart.andreevmaster.com\/product\/vasagle-keittiokarry-4-tasoa-ja-rullat-vintage-ruskea-mustanmusta\/"},"modified":"2026-02-27T09:45:48","modified_gmt":"2026-02-27T09:45:48","slug":"vasagle-keittiokarry-4-tasoa-ja-rullat-vintage-ruskea-mustanmusta","status":"publish","type":"product","link":"https:\/\/nordicmart.andreevmaster.com\/fi\/tuote\/vasagle-keittiokarry-4-tasoa-ja-rullat-vintage-ruskea-mustanmusta\/","title":{"rendered":"VASAGLE keitti\u00f6k\u00e4rry, 4 tasoa ja rullat, vintage-ruskea-mustanmusta"},"content":{"rendered":"<p>VASAGLE rullavaunu, keitti\u00f6vaunu 3 tasoa, tarjoiluvaunu jarruilla, puulevy, ylempi laatikko, s\u00e4ilytyshylly keitti\u00f6\u00f6n, kylpyhuoneeseen, makuuhuoneeseen, vintage-ruskea-mustan musta LRC048K01<br \/>\nV\u00e4ri: vintage-ruskea-mustanmusta<br \/>\nMateriaali: jauhemaalattu metalli, lastulevy, Oxford-kangas<br \/>\nKoko: 30 x 46,2 x 96,1 cm (S x L x K)<br \/>\nPaino: 6,8 kg<br \/>\nP\u00f6yt\u00e4levyn maks. staattinen kantavuus: 30 kg<br \/>\nJokaisen hyllyn maks. staattinen kantavuus: 30 kg<br \/>\nLaatikkon enimm\u00e4iskantavuus: 10 kg<br \/>\nSuurin staattinen kantavuus yhteens\u00e4: 130 kg<\/p>\n","protected":false},"excerpt":{"rendered":"<p>VASAGLE rullavaunu, keitti\u00f6vaunu 3 tasoa, tarjoiluvaunu jarruilla, puulevy, ylempi laatikko, s\u00e4ilytyshylly keitti\u00f6\u00f6n, kylpyhuoneeseen, makuuhuoneeseen, vintage-ruskea-mustan musta LRC048K01<\/p>\n","protected":false},"featured_media":43276,"comment_status":"open","ping_status":"closed","template":"","meta":[],"product_brand":[],"product_cat":[32],"product_tag":[],"class_list":{"0":"post-34603","1":"product","2":"type-product","3":"status-publish","4":"has-post-thumbnail","6":"product_cat-uncategorized-fi","8":"first","9":"instock","10":"shipping-taxable","11":"purchasable","12":"product-type-simple"},"_links":{"self":[{"href":"https:\/\/nordicmart.andreevmaster.com\/fi\/wp-json\/wp\/v2\/product\/34603","targetHints":{"allow":["GET"]}}],"collection":[{"href":"https:\/\/nordicmart.andreevmaster.com\/fi\/wp-json\/wp\/v2\/product"}],"about":[{"href":"https:\/\/nordicmart.andreevmaster.com\/fi\/wp-json\/wp\/v2\/types\/product"}],"replies":[{"embeddable":true,"href":"https:\/\/nordicmart.andreevmaster.com\/fi\/wp-json\/wp\/v2\/comments?post=34603"}],"wp:featuredmedia":[{"embeddable":true,"href":"https:\/\/nordicmart.andreevmaster.com\/fi\/wp-json\/wp\/v2\/media\/43276"}],"wp:attachment":[{"href":"https:\/\/nordicmart.andreevmaster.com\/fi\/wp-json\/wp\/v2\/media?parent=34603"}],"wp:term":[{"taxonomy":"product_brand","embeddable":true,"href":"https:\/\/nordicmart.andreevmaster.com\/fi\/wp-json\/wp\/v2\/product_brand?post=34603"},{"taxonomy":"product_cat","embeddable":true,"href":"https:\/\/nordicmart.andreevmaster.com\/fi\/wp-json\/wp\/v2\/product_cat?post=34603"},{"taxonomy":"product_tag","embeddable":true,"href":"https:\/\/nordicmart.andreevmaster.com\/fi\/wp-json\/wp\/v2\/product_tag?post=34603"}],"curies":[{"name":"wp","href":"https:\/\/api.w.org\/{rel}","templated":true}]}}