{"id":34598,"date":"2026-02-27T00:26:22","date_gmt":"2026-02-27T00:26:22","guid":{"rendered":"https:\/\/nordicmart.andreevmaster.com\/product\/vasagle-tarjoilupoyta-jossa-useita-tasoja-ja-ulosvedettavat-korit\/"},"modified":"2026-02-27T09:45:47","modified_gmt":"2026-02-27T09:45:47","slug":"vasagle-tarjoilupoyta-jossa-useita-tasoja-ja-ulosvedettavat-korit","status":"publish","type":"product","link":"https:\/\/nordicmart.andreevmaster.com\/fi\/tuote\/vasagle-tarjoilupoyta-jossa-useita-tasoja-ja-ulosvedettavat-korit\/","title":{"rendered":"VASAGLE Tarjoilup\u00f6yt\u00e4, jossa useita tasoja ja ulosvedett\u00e4v\u00e4t korit"},"content":{"rendered":"<p>VASAGLE 4-tasoinen tarjoiluvaunu, rullavaunu ulosvedett\u00e4vill\u00e4 koreilla, keitti\u00f6hylly rullilla, kahva, 31,7 x 40 x 76 cm, vintage-ruskea-mustanmusta LRC040K01<br \/>\nV\u00e4ri: vintage-ruskea, musta<br \/>\nMateriaali: lastulevy, ter\u00e4s, FSC-sertifioitu: Kansi on valmistettu FSC-sertifioidusta puusta.<br \/>\nKoko: 31,7 x 40 x 76 cm (S x L x K)<br \/>\nPaino: 5,1 kg<br \/>\nKoriin kohdistuva maksimaalinen staattinen kuormitus: 10 kg<br \/>\nYl\u00e4hyllyn maks. staattinen kantavuus: 15 kg<\/p>\n","protected":false},"excerpt":{"rendered":"<p>VASAGLE 4-tasoinen tarjoiluvaunu, rullavaunu ulosvedett\u00e4vill\u00e4 koreilla, keitti\u00f6hylly rullilla, kahva, 31,7 x 40 x 76 cm, vintage-ruskea-mustanmusta LRC040K01<\/p>\n","protected":false},"featured_media":43271,"comment_status":"open","ping_status":"closed","template":"","meta":[],"product_brand":[],"product_cat":[32],"product_tag":[],"class_list":{"0":"post-34598","1":"product","2":"type-product","3":"status-publish","4":"has-post-thumbnail","6":"product_cat-uncategorized-fi","8":"first","9":"instock","10":"shipping-taxable","11":"purchasable","12":"product-type-simple"},"_links":{"self":[{"href":"https:\/\/nordicmart.andreevmaster.com\/fi\/wp-json\/wp\/v2\/product\/34598","targetHints":{"allow":["GET"]}}],"collection":[{"href":"https:\/\/nordicmart.andreevmaster.com\/fi\/wp-json\/wp\/v2\/product"}],"about":[{"href":"https:\/\/nordicmart.andreevmaster.com\/fi\/wp-json\/wp\/v2\/types\/product"}],"replies":[{"embeddable":true,"href":"https:\/\/nordicmart.andreevmaster.com\/fi\/wp-json\/wp\/v2\/comments?post=34598"}],"wp:featuredmedia":[{"embeddable":true,"href":"https:\/\/nordicmart.andreevmaster.com\/fi\/wp-json\/wp\/v2\/media\/43271"}],"wp:attachment":[{"href":"https:\/\/nordicmart.andreevmaster.com\/fi\/wp-json\/wp\/v2\/media?parent=34598"}],"wp:term":[{"taxonomy":"product_brand","embeddable":true,"href":"https:\/\/nordicmart.andreevmaster.com\/fi\/wp-json\/wp\/v2\/product_brand?post=34598"},{"taxonomy":"product_cat","embeddable":true,"href":"https:\/\/nordicmart.andreevmaster.com\/fi\/wp-json\/wp\/v2\/product_cat?post=34598"},{"taxonomy":"product_tag","embeddable":true,"href":"https:\/\/nordicmart.andreevmaster.com\/fi\/wp-json\/wp\/v2\/product_tag?post=34598"}],"curies":[{"name":"wp","href":"https:\/\/api.w.org\/{rel}","templated":true}]}}