{"id":34594,"date":"2026-02-27T00:26:21","date_gmt":"2026-02-27T00:26:21","guid":{"rendered":"https:\/\/nordicmart.andreevmaster.com\/product\/songmics-3-metalliritilahyllya-tarjoiluvaunu-musta\/"},"modified":"2026-02-27T09:45:46","modified_gmt":"2026-02-27T09:45:46","slug":"songmics-3-metalliritilahyllya-tarjoiluvaunu-musta","status":"publish","type":"product","link":"https:\/\/nordicmart.andreevmaster.com\/fi\/tuote\/songmics-3-metalliritilahyllya-tarjoiluvaunu-musta\/","title":{"rendered":"SONGMICS 3 metalliritil\u00e4hylly\u00e4, tarjoiluvaunu musta"},"content":{"rendered":"<p>SONGMICS rullavaunu, keitti\u00f6vaunu, 3 metalliritil\u00e4hylly\u00e4, tarjoiluvaunu, 2 irrotettavaa ripustettavaa s\u00e4ilytysastiaa, 2 j\u00e4rjestelij\u00e4\u00e4, toimistoon, keitti\u00f6\u00f6n, olohuoneeseen, kylpyhuoneeseen, musta LRC036B01<br \/>\nV\u00e4ri: musta<br \/>\nMateriaali: ter\u00e4s<br \/>\nKoko: 30,6 x 44,3 x 74,2 cm (S x L x K)<br \/>\nPaino: 3,8 kg<br \/>\nMaks. staattinen kantavuus hylly\u00e4 kohti: 10 kg<br \/>\nMaks. staattinen kokonaiskuormitus: 30 kg<\/p>\n","protected":false},"excerpt":{"rendered":"<p>SONGMICS rullavaunu, keitti\u00f6vaunu, 3 metalliritil\u00e4hylly\u00e4, tarjoiluvaunu, 2 irrotettavaa ripustettavaa s\u00e4ilytysastiaa, 2 j\u00e4rjestelij\u00e4\u00e4, toimistoon, keitti\u00f6\u00f6n, olohuoneeseen, kylpyhuoneeseen, musta LRC036B01<\/p>\n","protected":false},"featured_media":43267,"comment_status":"open","ping_status":"closed","template":"","meta":[],"product_brand":[],"product_cat":[32],"product_tag":[],"class_list":{"0":"post-34594","1":"product","2":"type-product","3":"status-publish","4":"has-post-thumbnail","6":"product_cat-uncategorized-fi","8":"first","9":"instock","10":"shipping-taxable","11":"purchasable","12":"product-type-simple"},"_links":{"self":[{"href":"https:\/\/nordicmart.andreevmaster.com\/fi\/wp-json\/wp\/v2\/product\/34594","targetHints":{"allow":["GET"]}}],"collection":[{"href":"https:\/\/nordicmart.andreevmaster.com\/fi\/wp-json\/wp\/v2\/product"}],"about":[{"href":"https:\/\/nordicmart.andreevmaster.com\/fi\/wp-json\/wp\/v2\/types\/product"}],"replies":[{"embeddable":true,"href":"https:\/\/nordicmart.andreevmaster.com\/fi\/wp-json\/wp\/v2\/comments?post=34594"}],"wp:featuredmedia":[{"embeddable":true,"href":"https:\/\/nordicmart.andreevmaster.com\/fi\/wp-json\/wp\/v2\/media\/43267"}],"wp:attachment":[{"href":"https:\/\/nordicmart.andreevmaster.com\/fi\/wp-json\/wp\/v2\/media?parent=34594"}],"wp:term":[{"taxonomy":"product_brand","embeddable":true,"href":"https:\/\/nordicmart.andreevmaster.com\/fi\/wp-json\/wp\/v2\/product_brand?post=34594"},{"taxonomy":"product_cat","embeddable":true,"href":"https:\/\/nordicmart.andreevmaster.com\/fi\/wp-json\/wp\/v2\/product_cat?post=34594"},{"taxonomy":"product_tag","embeddable":true,"href":"https:\/\/nordicmart.andreevmaster.com\/fi\/wp-json\/wp\/v2\/product_tag?post=34594"}],"curies":[{"name":"wp","href":"https:\/\/api.w.org\/{rel}","templated":true}]}}