{"id":34593,"date":"2026-02-27T00:26:21","date_gmt":"2026-02-27T00:26:21","guid":{"rendered":"https:\/\/nordicmart.andreevmaster.com\/product\/vasagle-rullavaunu-5-tasoa-pyorilla-22-x-454-x-996-cm\/"},"modified":"2026-02-27T09:45:46","modified_gmt":"2026-02-27T09:45:46","slug":"vasagle-rullavaunu-5-tasoa-pyorilla-22-x-454-x-996-cm","status":"publish","type":"product","link":"https:\/\/nordicmart.andreevmaster.com\/fi\/tuote\/vasagle-rullavaunu-5-tasoa-pyorilla-22-x-454-x-996-cm\/","title":{"rendered":"VASAGLE-rullavaunu, 5 tasoa, py\u00f6rill\u00e4 22 x 45,4 x 99,6 cm"},"content":{"rendered":"<p>VASAGLE 5-tasoinen rullavaunu, kapea keitti\u00f6vaunu, rullilla varustettu kapea hylly, ter\u00e4s, kahva, pienet tilat, 22 x 45,4 x 99,6 cm, keitti\u00f6, kylpyhuone, olohuone, ty\u00f6huone<br \/>\nV\u00e4ri: tammiv\u00e4ri-valkoinen<br \/>\nMateriaali: lastulevy, ter\u00e4s<br \/>\nKoko: 22 x 45,4 x 99,6 cm (S x L x K)<br \/>\nPaino: 4,5 kg<br \/>\nMaks. staattinen kokonaiskuormitus: 25 kg<\/p>\n","protected":false},"excerpt":{"rendered":"<p>VASAGLE 5-tasoinen rullavaunu, kapea keitti\u00f6vaunu, rullilla varustettu kapea hylly, ter\u00e4s, kahva, pienet tilat, 22 x 45,4 x 99,6 cm, keitti\u00f6, kylpyhuone, olohuone, ty\u00f6huone<\/p>\n","protected":false},"featured_media":43266,"comment_status":"open","ping_status":"closed","template":"","meta":[],"product_brand":[],"product_cat":[32],"product_tag":[],"class_list":{"0":"post-34593","1":"product","2":"type-product","3":"status-publish","4":"has-post-thumbnail","6":"product_cat-uncategorized-fi","8":"first","9":"instock","10":"shipping-taxable","11":"purchasable","12":"product-type-simple"},"_links":{"self":[{"href":"https:\/\/nordicmart.andreevmaster.com\/fi\/wp-json\/wp\/v2\/product\/34593","targetHints":{"allow":["GET"]}}],"collection":[{"href":"https:\/\/nordicmart.andreevmaster.com\/fi\/wp-json\/wp\/v2\/product"}],"about":[{"href":"https:\/\/nordicmart.andreevmaster.com\/fi\/wp-json\/wp\/v2\/types\/product"}],"replies":[{"embeddable":true,"href":"https:\/\/nordicmart.andreevmaster.com\/fi\/wp-json\/wp\/v2\/comments?post=34593"}],"wp:featuredmedia":[{"embeddable":true,"href":"https:\/\/nordicmart.andreevmaster.com\/fi\/wp-json\/wp\/v2\/media\/43266"}],"wp:attachment":[{"href":"https:\/\/nordicmart.andreevmaster.com\/fi\/wp-json\/wp\/v2\/media?parent=34593"}],"wp:term":[{"taxonomy":"product_brand","embeddable":true,"href":"https:\/\/nordicmart.andreevmaster.com\/fi\/wp-json\/wp\/v2\/product_brand?post=34593"},{"taxonomy":"product_cat","embeddable":true,"href":"https:\/\/nordicmart.andreevmaster.com\/fi\/wp-json\/wp\/v2\/product_cat?post=34593"},{"taxonomy":"product_tag","embeddable":true,"href":"https:\/\/nordicmart.andreevmaster.com\/fi\/wp-json\/wp\/v2\/product_tag?post=34593"}],"curies":[{"name":"wp","href":"https:\/\/api.w.org\/{rel}","templated":true}]}}