{"id":34588,"date":"2026-02-27T00:26:19","date_gmt":"2026-02-27T00:26:19","guid":{"rendered":"https:\/\/nordicmart.andreevmaster.com\/product\/vasagle-rullavaunu-4-tasoa-rullilla-kahvalla-vintage-ruskea-musta\/"},"modified":"2026-02-27T09:45:45","modified_gmt":"2026-02-27T09:45:45","slug":"vasagle-rullavaunu-4-tasoa-rullilla-kahvalla-vintage-ruskea-musta","status":"publish","type":"product","link":"https:\/\/nordicmart.andreevmaster.com\/fi\/tuote\/vasagle-rullavaunu-4-tasoa-rullilla-kahvalla-vintage-ruskea-musta\/","title":{"rendered":"VASAGLE rullavaunu, 4 tasoa, rullilla, kahvalla, vintage-ruskea-musta"},"content":{"rendered":"<p>VASAGLE 4-tasoinen rullavaunu, kapea keitti\u00f6vaunu, rullilla varustettu kapea hylly, ter\u00e4s, kahva, pieniin tiloihin, 22 x 45,5 x 77 cm, keitti\u00f6, kylpyhuone, olohuone, ty\u00f6huone, vintage-ruskea-musta LRC033B01<br \/>\nV\u00e4ri: vintage-ruskea-musta<br \/>\nMateriaali: lastulevy, ter\u00e4s<br \/>\nKoko: 22 x 45,5 x 77 cm (S x L x K)<br \/>\nPaino: 3,6 kg<br \/>\nYl\u00e4levyn maks. staattinen kantavuus: 5 kg<br \/>\nMaks. staattinen kantavuus per ritil\u00e4korissa: 5 kg<br \/>\nMaks. staattinen kokonaiskuormitus: 20 kg<\/p>\n","protected":false},"excerpt":{"rendered":"<p>VASAGLE 4-tasoinen rullavaunu, kapea keitti\u00f6vaunu, rullilla varustettu kapea hylly, ter\u00e4s, kahva, pieniin tiloihin, 22 x 45,5 x 77 cm, keitti\u00f6, kylpyhuone, olohuone, ty\u00f6huone, vintage-ruskea-musta LRC033B01<\/p>\n","protected":false},"featured_media":43261,"comment_status":"open","ping_status":"closed","template":"","meta":[],"product_brand":[],"product_cat":[32],"product_tag":[],"class_list":{"0":"post-34588","1":"product","2":"type-product","3":"status-publish","4":"has-post-thumbnail","6":"product_cat-uncategorized-fi","8":"first","9":"instock","10":"shipping-taxable","11":"purchasable","12":"product-type-simple"},"_links":{"self":[{"href":"https:\/\/nordicmart.andreevmaster.com\/fi\/wp-json\/wp\/v2\/product\/34588","targetHints":{"allow":["GET"]}}],"collection":[{"href":"https:\/\/nordicmart.andreevmaster.com\/fi\/wp-json\/wp\/v2\/product"}],"about":[{"href":"https:\/\/nordicmart.andreevmaster.com\/fi\/wp-json\/wp\/v2\/types\/product"}],"replies":[{"embeddable":true,"href":"https:\/\/nordicmart.andreevmaster.com\/fi\/wp-json\/wp\/v2\/comments?post=34588"}],"wp:featuredmedia":[{"embeddable":true,"href":"https:\/\/nordicmart.andreevmaster.com\/fi\/wp-json\/wp\/v2\/media\/43261"}],"wp:attachment":[{"href":"https:\/\/nordicmart.andreevmaster.com\/fi\/wp-json\/wp\/v2\/media?parent=34588"}],"wp:term":[{"taxonomy":"product_brand","embeddable":true,"href":"https:\/\/nordicmart.andreevmaster.com\/fi\/wp-json\/wp\/v2\/product_brand?post=34588"},{"taxonomy":"product_cat","embeddable":true,"href":"https:\/\/nordicmart.andreevmaster.com\/fi\/wp-json\/wp\/v2\/product_cat?post=34588"},{"taxonomy":"product_tag","embeddable":true,"href":"https:\/\/nordicmart.andreevmaster.com\/fi\/wp-json\/wp\/v2\/product_tag?post=34588"}],"curies":[{"name":"wp","href":"https:\/\/api.w.org\/{rel}","templated":true}]}}