{"id":34584,"date":"2026-02-27T00:26:18","date_gmt":"2026-02-27T00:26:18","guid":{"rendered":"https:\/\/nordicmart.andreevmaster.com\/product\/vasagle-kapea-rullavaunu-4-tasoa\/"},"modified":"2026-02-27T09:45:44","modified_gmt":"2026-02-27T09:45:44","slug":"vasagle-kapea-rullavaunu-4-tasoa","status":"publish","type":"product","link":"https:\/\/nordicmart.andreevmaster.com\/fi\/tuote\/vasagle-kapea-rullavaunu-4-tasoa\/","title":{"rendered":"VASAGLE Kapea rullavaunu, 4 tasoa"},"content":{"rendered":"<p>Tuotetiedot: &#8211; V\u00e4ri: vintage-ruskea-musta &#8211; Materiaali: lastulevy, ter\u00e4s &#8211; Koko: 13 x 45,4 x 77 cm (S x L x K) &#8211; Paino: 3,8 kg &#8211; Yl\u00e4levyn suurin staattinen kantavuus: 5 kg &#8211; Kunkin ritil\u00e4korin suurin staattinen kantavuus: 5 kg &#8211; Suurin staattinen kokonaiskantavuus: 20 kg Toimitus sis\u00e4lt\u00e4\u00e4: &#8211; 1 x rullavaunu &#8211; 1 x lis\u00e4varustepaketti &#8211; 1 x ohjeet VASAGLE Huomautukset:- Turvallisuussyist\u00e4 lapset eiv\u00e4t saa kiivet\u00e4 tuotteelle tai leikki\u00e4 sill\u00e4. &#8211; Tuotteen suurin staattinen kokonaiskuormituskyky on 20 kg. \u00c4l\u00e4 ylit\u00e4 t\u00e4t\u00e4 enimm\u00e4ispainoa. &#8211; \u00c4l\u00e4 sijoita t\u00e4t\u00e4 tuotetta kosteaan ymp\u00e4rist\u00f6\u00f6n vahingoittumisen v\u00e4ltt\u00e4miseksi. Jos kaadat vahingossa vett\u00e4 tuotteen p\u00e4\u00e4lle, pyyhi se v\u00e4litt\u00f6m\u00e4sti kuivalla liinalla.<\/p>\n","protected":false},"excerpt":{"rendered":"<p>VASAGLE tarjoiluvaunu, keitti\u00f6hylly py\u00f6rill\u00e4, kapea, keitti\u00f6vaunu, py\u00f6rill\u00e4, 360\u00b0 k\u00e4\u00e4ntyv\u00e4t py\u00f6r\u00e4t, metallirunko, keitti\u00f6\u00f6n, olohuoneeseen, kotitoimistoon, vintage-ruskea-musta LRC032B01<\/p>\n","protected":false},"featured_media":43257,"comment_status":"open","ping_status":"closed","template":"","meta":[],"product_brand":[],"product_cat":[32],"product_tag":[],"class_list":{"0":"post-34584","1":"product","2":"type-product","3":"status-publish","4":"has-post-thumbnail","6":"product_cat-uncategorized-fi","8":"first","9":"instock","10":"shipping-taxable","11":"purchasable","12":"product-type-simple"},"_links":{"self":[{"href":"https:\/\/nordicmart.andreevmaster.com\/fi\/wp-json\/wp\/v2\/product\/34584","targetHints":{"allow":["GET"]}}],"collection":[{"href":"https:\/\/nordicmart.andreevmaster.com\/fi\/wp-json\/wp\/v2\/product"}],"about":[{"href":"https:\/\/nordicmart.andreevmaster.com\/fi\/wp-json\/wp\/v2\/types\/product"}],"replies":[{"embeddable":true,"href":"https:\/\/nordicmart.andreevmaster.com\/fi\/wp-json\/wp\/v2\/comments?post=34584"}],"wp:featuredmedia":[{"embeddable":true,"href":"https:\/\/nordicmart.andreevmaster.com\/fi\/wp-json\/wp\/v2\/media\/43257"}],"wp:attachment":[{"href":"https:\/\/nordicmart.andreevmaster.com\/fi\/wp-json\/wp\/v2\/media?parent=34584"}],"wp:term":[{"taxonomy":"product_brand","embeddable":true,"href":"https:\/\/nordicmart.andreevmaster.com\/fi\/wp-json\/wp\/v2\/product_brand?post=34584"},{"taxonomy":"product_cat","embeddable":true,"href":"https:\/\/nordicmart.andreevmaster.com\/fi\/wp-json\/wp\/v2\/product_cat?post=34584"},{"taxonomy":"product_tag","embeddable":true,"href":"https:\/\/nordicmart.andreevmaster.com\/fi\/wp-json\/wp\/v2\/product_tag?post=34584"}],"curies":[{"name":"wp","href":"https:\/\/api.w.org\/{rel}","templated":true}]}}