{"id":34580,"date":"2026-02-27T00:26:17","date_gmt":"2026-02-27T00:26:17","guid":{"rendered":"https:\/\/nordicmart.andreevmaster.com\/product\/songmics-pimentava-verho-hopeanharmaa\/"},"modified":"2026-02-27T09:45:44","modified_gmt":"2026-02-27T09:45:44","slug":"songmics-pimentava-verho-hopeanharmaa","status":"publish","type":"product","link":"https:\/\/nordicmart.andreevmaster.com\/fi\/tuote\/songmics-pimentava-verho-hopeanharmaa\/","title":{"rendered":"SONGMICS piment\u00e4v\u00e4 verho hopeanharmaa"},"content":{"rendered":"<p>Tuotetiedot:   &#8211; Valoa l\u00e4p\u00e4isem\u00e4t\u00f6n verho, kolmikerroksinen ommeltu, mustalla v\u00e4likerroksella.  &#8211; Mit\u00e4 tummempi v\u00e4ri, sit\u00e4 parempi piment\u00e4v\u00e4 vaikutus.  &#8211; Kahdeksan silmukkaa on kiinnitetty suoraan kankaaseen, ja ne on helppo vet\u00e4\u00e4 verhotangolle.  &#8211; Sopii erinomaisesti olohuoneeseen tai makuuhuoneeseen, voidaan k\u00e4ytt\u00e4\u00e4 my\u00f6s  &#8211; v\u00e4liverhona, luo huoneeseen viihtyis\u00e4n ilmapiirin.  &#8211; Ymp\u00e4rist\u00f6yst\u00e4v\u00e4llinen, kulutusta kest\u00e4v\u00e4, kangas ei kutistu juuri lainkaan, v\u00e4ri ei haalistu, ei nyppyj\u00e4, valonkest\u00e4v\u00e4, ei vanhene helposti.  &#8211; Esitetyt v\u00e4rit voivat poiketa todellisista v\u00e4reist\u00e4 monitorin ja n\u00e4yt\u00f6n asetusten mukaan.  &#8211; Kaikki mitat ovat likim\u00e4\u00e4r\u00e4isi\u00e4. Tarjoamissamme mitoissa ja todellisissa mitoissa voi olla pieni\u00e4 eroja.  Vinkkej\u00e4:   &#8211; Leveys: Verhojen ja verhojen haluttu leveys on leveys, joka kankaalla tulisi olla rypytettyn\u00e4. Todellinen kankaan leveys (kankaan mitta) voidaan laskea rypistyssuhteella. Verhoille ja verhoille suositellaan rypistyssuhdetta noin 1:1,5-2. Lasket siis: mitattu leveys x 1,5 tai 2 = tilattava kankaan leveys.  &#8211; Korkeus: Lattiaan ulottuvien verhojen tulisi olla 5\u201310 cm:n p\u00e4\u00e4ss\u00e4 lattiasta, eiv\u00e4tk\u00e4 ne saisi koskettaa lattiaa. Jos korkeus (verhotangon tai narun yl\u00e4reunasta lattiaan) on esimerkiksi 2 m, tilattava kankaan korkeus tulisi olla 1,95\/1,90 m.  &#8211; Pest\u00e4v\u00e4 30 \u00b0C:ssa, ilman klooria.  Toimitus &#8211; 2 x valoa l\u00e4p\u00e4isem\u00e4t\u00f6n verho valitussa v\u00e4riss\u00e4<\/p>\n","protected":false},"excerpt":{"rendered":"<p>SONGMICS Verhot 2 kpl piment\u00e4v\u00e4t verhot piment\u00e4v\u00e4t verhot silmukoilla musta 145 x 245 cm LRB245H-2<\/p>\n","protected":false},"featured_media":43253,"comment_status":"open","ping_status":"closed","template":"","meta":[],"product_brand":[],"product_cat":[32],"product_tag":[],"class_list":{"0":"post-34580","1":"product","2":"type-product","3":"status-publish","4":"has-post-thumbnail","6":"product_cat-uncategorized-fi","8":"first","9":"instock","10":"shipping-taxable","11":"purchasable","12":"product-type-simple"},"_links":{"self":[{"href":"https:\/\/nordicmart.andreevmaster.com\/fi\/wp-json\/wp\/v2\/product\/34580","targetHints":{"allow":["GET"]}}],"collection":[{"href":"https:\/\/nordicmart.andreevmaster.com\/fi\/wp-json\/wp\/v2\/product"}],"about":[{"href":"https:\/\/nordicmart.andreevmaster.com\/fi\/wp-json\/wp\/v2\/types\/product"}],"replies":[{"embeddable":true,"href":"https:\/\/nordicmart.andreevmaster.com\/fi\/wp-json\/wp\/v2\/comments?post=34580"}],"wp:featuredmedia":[{"embeddable":true,"href":"https:\/\/nordicmart.andreevmaster.com\/fi\/wp-json\/wp\/v2\/media\/43253"}],"wp:attachment":[{"href":"https:\/\/nordicmart.andreevmaster.com\/fi\/wp-json\/wp\/v2\/media?parent=34580"}],"wp:term":[{"taxonomy":"product_brand","embeddable":true,"href":"https:\/\/nordicmart.andreevmaster.com\/fi\/wp-json\/wp\/v2\/product_brand?post=34580"},{"taxonomy":"product_cat","embeddable":true,"href":"https:\/\/nordicmart.andreevmaster.com\/fi\/wp-json\/wp\/v2\/product_cat?post=34580"},{"taxonomy":"product_tag","embeddable":true,"href":"https:\/\/nordicmart.andreevmaster.com\/fi\/wp-json\/wp\/v2\/product_tag?post=34580"}],"curies":[{"name":"wp","href":"https:\/\/api.w.org\/{rel}","templated":true}]}}