{"id":34578,"date":"2026-02-27T00:26:17","date_gmt":"2026-02-27T00:26:17","guid":{"rendered":"https:\/\/nordicmart.andreevmaster.com\/product\/vasagle-leikkiteltta-tunneleilla-ja-pallomereella\/"},"modified":"2026-02-27T09:45:43","modified_gmt":"2026-02-27T09:45:43","slug":"vasagle-leikkiteltta-tunneleilla-ja-pallomereella","status":"publish","type":"product","link":"https:\/\/nordicmart.andreevmaster.com\/fi\/tuote\/vasagle-leikkiteltta-tunneleilla-ja-pallomereella\/","title":{"rendered":"VASAGLE leikkiteltta tunneleilla ja pallomereell\u00e4"},"content":{"rendered":"<p>Olipa kerran&#8230; seikkailulinna, jota lapset rakastivat, koska siell\u00e4 he saattoivat leikki\u00e4 eik\u00e4 siell\u00e4 koskaan ollut tyls\u00e4\u00e4. Huomiota her\u00e4tt\u00e4v\u00e4t v\u00e4rit ja hauskat kuviot (t\u00e4hdet, raketit ja satelliitit) \u2013 kaikki t\u00e4m\u00e4 antoi lasten mielikuvitukselle vapaat k\u00e4det. Lis\u00e4ksi t\u00e4m\u00e4 leikkim\u00f6kki oli varustettu tunnelilla ja koripallokorilla, jotta lasten motoriset taidot saivat vahvistusta. Taikuutta: Vain leikkim\u00f6kki? ABRAKADABRA SIMSALABIM! Yht\u00e4kki\u00e4 siell\u00e4 oli viel\u00e4 tunneli ja pallomeri, joita voitiin k\u00e4ytt\u00e4\u00e4 erikseen. Leikin j\u00e4lkeen setti oli helppo taittaa kokoon \u2013 kaikki mahtui mukana toimitettuun kuljetuslaukkuun! Kun jokin osa likaantui, yksi lapsista huomasi, ett\u00e4 se puhdistui nopeasti kostealla liinalla! Tarinan loppu? Tuo iloa kotiisi t\u00e4ll\u00e4 3-in-1-leikkiteltalla! Tuotetiedot: &#8211; V\u00e4ri: sininen-punainen &#8211; Materiaali: polyesterikangas, verkkokangas, lasikuitutangot &#8211; Pallomeren koko: 120 x 60 x 38 cm (P x L x K) &#8211; Korkeus lattian ja koripallokorin v\u00e4lill\u00e4: 74 cm &#8211; Tunnelin koko: 110 x 48 x 53 cm (P x L x K) &#8211; Teltan koko: 102 x 130 cm (\u00d8 x K) &#8211; Paino: 2,1 kg Toimitus sis\u00e4lt\u00e4\u00e4: &#8211; 1 x leikkiteltta &#8211; 1 x tunneli &#8211; 1 x pallomeri &#8211; 1 x kuljetuslaukku &#8211; 7 x lasikuitutanko &#8211; 1 x ohjeet SONGMICS Huomautukset: &#8211; Pallot eiv\u00e4t sis\u00e4lly pakkaukseen. &#8211; Pid\u00e4 tuote poissa tulen l\u00e4hteist\u00e4.<\/p>\n","protected":false},"excerpt":{"rendered":"<p>VASAGLE 3-in-1 leikkiteltta, pop-up, tunneli, pallomeri, koripallokori, lapsille, sis\u00e4- ja ulkok\u00e4ytt\u00f6\u00f6n, avaruusteema, lahjaidea, syntym\u00e4p\u00e4iv\u00e4ksi, sininen-punainen LPT703Q01<\/p>\n","protected":false},"featured_media":43251,"comment_status":"open","ping_status":"closed","template":"","meta":[],"product_brand":[],"product_cat":[32],"product_tag":[],"class_list":{"0":"post-34578","1":"product","2":"type-product","3":"status-publish","4":"has-post-thumbnail","6":"product_cat-uncategorized-fi","8":"first","9":"instock","10":"shipping-taxable","11":"purchasable","12":"product-type-simple"},"_links":{"self":[{"href":"https:\/\/nordicmart.andreevmaster.com\/fi\/wp-json\/wp\/v2\/product\/34578","targetHints":{"allow":["GET"]}}],"collection":[{"href":"https:\/\/nordicmart.andreevmaster.com\/fi\/wp-json\/wp\/v2\/product"}],"about":[{"href":"https:\/\/nordicmart.andreevmaster.com\/fi\/wp-json\/wp\/v2\/types\/product"}],"replies":[{"embeddable":true,"href":"https:\/\/nordicmart.andreevmaster.com\/fi\/wp-json\/wp\/v2\/comments?post=34578"}],"wp:featuredmedia":[{"embeddable":true,"href":"https:\/\/nordicmart.andreevmaster.com\/fi\/wp-json\/wp\/v2\/media\/43251"}],"wp:attachment":[{"href":"https:\/\/nordicmart.andreevmaster.com\/fi\/wp-json\/wp\/v2\/media?parent=34578"}],"wp:term":[{"taxonomy":"product_brand","embeddable":true,"href":"https:\/\/nordicmart.andreevmaster.com\/fi\/wp-json\/wp\/v2\/product_brand?post=34578"},{"taxonomy":"product_cat","embeddable":true,"href":"https:\/\/nordicmart.andreevmaster.com\/fi\/wp-json\/wp\/v2\/product_cat?post=34578"},{"taxonomy":"product_tag","embeddable":true,"href":"https:\/\/nordicmart.andreevmaster.com\/fi\/wp-json\/wp\/v2\/product_tag?post=34578"}],"curies":[{"name":"wp","href":"https:\/\/api.w.org\/{rel}","templated":true}]}}