{"id":34574,"date":"2026-02-27T00:26:16","date_gmt":"2026-02-27T00:26:16","guid":{"rendered":"https:\/\/nordicmart.andreevmaster.com\/product\/songmics-sisa-ja-ulkokayttoon-tarkoitettu-sininen-leikkikeha\/"},"modified":"2026-02-27T09:45:43","modified_gmt":"2026-02-27T09:45:43","slug":"songmics-sisa-ja-ulkokayttoon-tarkoitettu-sininen-leikkikeha","status":"publish","type":"product","link":"https:\/\/nordicmart.andreevmaster.com\/fi\/tuote\/songmics-sisa-ja-ulkokayttoon-tarkoitettu-sininen-leikkikeha\/","title":{"rendered":"SONGMICS sis\u00e4- ja ulkok\u00e4ytt\u00f6\u00f6n tarkoitettu sininen leikkikeh\u00e4"},"content":{"rendered":"<p>Kest\u00e4v\u00e4t materiaalit: Lapset eiv\u00e4t yleens\u00e4 v\u00e4lit\u00e4 lelujensa kest\u00e4vyydest\u00e4, mutta vanhemmat kyll\u00e4. Voit olla rauhallinen, sill\u00e4 t\u00e4m\u00e4 SONGMICS-palloparatiisi on valmistettu kest\u00e4v\u00e4st\u00e4 polyesterist\u00e4 ja kest\u00e4\u00e4 ongelmitta pienten lasten p\u00e4ivitt\u00e4isen k\u00e4yt\u00f6n. T\u00e4ydellinen lahja: Etsitk\u00f6 viel\u00e4 t\u00e4ydellist\u00e4 lahjaa tulevaa vauvakutsuja tai lasten syntym\u00e4p\u00e4iv\u00e4juhlia varten? Haluatko l\u00f6yt\u00e4\u00e4 lelun, jolla viihdytt\u00e4\u00e4 lapsenlapsia? T\u00e4m\u00e4 SONGMICS-palloparatiisi on t\u00e4ydellinen lahja kaikille, joilla on pieni lapsi. Sen avulla lapset voivat antaa mielikuvituksensa lent\u00e4\u00e4, kun sin\u00e4 voit rauhassa nauttia kupin kahvia. S\u00f6p\u00f6ille ilonpaloille: t\u00e4m\u00e4 avattava leikkiteltta on todellinen ilonaihe. Se toimitetaan k\u00e4tev\u00e4ss\u00e4 kantolaukussa, jonka avulla voit helposti pystytt\u00e4\u00e4 hauskan palloparatiisin mihin tahansa ja ottaa sen mukaan, kun l\u00e4hdet pois. Olipa kyseess\u00e4 oma olohuoneesi, appivanhempien koti tai yst\u00e4vien luona \u2013 t\u00e4m\u00e4 pallomeri ilahduttaa lastasi kaikkialla.<\/p>\n","protected":false},"excerpt":{"rendered":"<p>SONGMICS pallomeri, pallouima-allas, sis\u00e4- ja ulkok\u00e4ytt\u00f6\u00f6n tarkoitettu leikkikeh\u00e4, leikkiteltta pikkulapsille, koripallokori, leluja, lahja lapsille, avaruusaiheinen, ILMAN palloja, valkoinen LPT66WT<\/p>\n","protected":false},"featured_media":43247,"comment_status":"open","ping_status":"closed","template":"","meta":[],"product_brand":[],"product_cat":[32],"product_tag":[],"class_list":{"0":"post-34574","1":"product","2":"type-product","3":"status-publish","4":"has-post-thumbnail","6":"product_cat-uncategorized-fi","8":"first","9":"instock","10":"shipping-taxable","11":"purchasable","12":"product-type-simple"},"_links":{"self":[{"href":"https:\/\/nordicmart.andreevmaster.com\/fi\/wp-json\/wp\/v2\/product\/34574","targetHints":{"allow":["GET"]}}],"collection":[{"href":"https:\/\/nordicmart.andreevmaster.com\/fi\/wp-json\/wp\/v2\/product"}],"about":[{"href":"https:\/\/nordicmart.andreevmaster.com\/fi\/wp-json\/wp\/v2\/types\/product"}],"replies":[{"embeddable":true,"href":"https:\/\/nordicmart.andreevmaster.com\/fi\/wp-json\/wp\/v2\/comments?post=34574"}],"wp:featuredmedia":[{"embeddable":true,"href":"https:\/\/nordicmart.andreevmaster.com\/fi\/wp-json\/wp\/v2\/media\/43247"}],"wp:attachment":[{"href":"https:\/\/nordicmart.andreevmaster.com\/fi\/wp-json\/wp\/v2\/media?parent=34574"}],"wp:term":[{"taxonomy":"product_brand","embeddable":true,"href":"https:\/\/nordicmart.andreevmaster.com\/fi\/wp-json\/wp\/v2\/product_brand?post=34574"},{"taxonomy":"product_cat","embeddable":true,"href":"https:\/\/nordicmart.andreevmaster.com\/fi\/wp-json\/wp\/v2\/product_cat?post=34574"},{"taxonomy":"product_tag","embeddable":true,"href":"https:\/\/nordicmart.andreevmaster.com\/fi\/wp-json\/wp\/v2\/product_tag?post=34574"}],"curies":[{"name":"wp","href":"https:\/\/api.w.org\/{rel}","templated":true}]}}