{"id":34573,"date":"2026-02-27T00:26:15","date_gmt":"2026-02-27T00:26:15","guid":{"rendered":"https:\/\/nordicmart.andreevmaster.com\/product\/songmics-prinsessalinna-leikkiteltta-vaaleanpunainen\/"},"modified":"2026-02-27T09:45:42","modified_gmt":"2026-02-27T09:45:42","slug":"songmics-prinsessalinna-leikkiteltta-vaaleanpunainen","status":"publish","type":"product","link":"https:\/\/nordicmart.andreevmaster.com\/fi\/tuote\/songmics-prinsessalinna-leikkiteltta-vaaleanpunainen\/","title":{"rendered":"SONGMICS Prinsessalinna-leikkiteltta, vaaleanpunainen"},"content":{"rendered":"<p>Pieni teltta, suuri ilo: Rakastavatko lapsesi leikki\u00e4 rakennuspalikoilla, lukea sarjakuvia tai halata pehmolelujaan? On korkea aika hankkia t\u00e4m\u00e4 teltta! Pieni vinkki meilt\u00e4: Koristele teltta valosarjalla (ei sis\u00e4lly toimitukseen) kaksinkertaisen ilon takaamiseksi! Turvallisuus ennen kaikkea: Lasten turvallisuus on meille t\u00e4rke\u00e4\u00e4. Vankat liitoskappaleet pit\u00e4v\u00e4t leikkiteltan vakaana ja est\u00e4v\u00e4t sen hajoamisen. Muoviset tangot, verkkokankaiset sivusein\u00e4t ja polyesterikangas ovat lapsille sopivia ja ovat l\u00e4p\u00e4isseet T\u00dcV Rheinlandin testin (raportin nro: 180189644a 001).Asennetaan muutamassa minuutissa: avaa leikkim\u00f6kki, kiinnit\u00e4 PVC-tangot, sido hihnat yhteen ja hauskanpito voi alkaa! Nyt voit rauhassa hoitaa p\u00e4ivitt\u00e4isi\u00e4 askareitasi, kun lapsesi leikkii. Kun lapsesi ei en\u00e4\u00e4 halua leikki\u00e4, voit taittaa m\u00f6kin kasaan ja pakata sen k\u00e4tev\u00e4\u00e4n kantolaukkuun \u2013 helppoa! Tuotetiedot:V\u00e4ri: vaaleanpunainen Materiaali: polyesterikangas, sivusein\u00e4t verkkokangasta, PVC-tanko Koko: 140 x 120 x 135 cm (P x L x K) Paino: 1,9 kg Toimitus sis\u00e4lt\u00e4\u00e4: 1 x leikkim\u00f6kki 1 x kantolaukku 1 x ohjeet (DE, EN, FR, ES, IT)<\/p>\n","protected":false},"excerpt":{"rendered":"<p>SONGMICS Prinsessalinna-leikkiteltta, lasten leikkiteltta tyt\u00f6ille ja pojille, prinsessateltta sis\u00e4- ja ulkok\u00e4ytt\u00f6\u00f6n, sopii enint\u00e4\u00e4n 3 lapselle, 140 x 120 x 135 cm, vaaleanpunainen LPT601P01<\/p>\n","protected":false},"featured_media":43246,"comment_status":"open","ping_status":"closed","template":"","meta":[],"product_brand":[],"product_cat":[32],"product_tag":[],"class_list":{"0":"post-34573","1":"product","2":"type-product","3":"status-publish","4":"has-post-thumbnail","6":"product_cat-uncategorized-fi","8":"first","9":"instock","10":"shipping-taxable","11":"purchasable","12":"product-type-simple"},"_links":{"self":[{"href":"https:\/\/nordicmart.andreevmaster.com\/fi\/wp-json\/wp\/v2\/product\/34573","targetHints":{"allow":["GET"]}}],"collection":[{"href":"https:\/\/nordicmart.andreevmaster.com\/fi\/wp-json\/wp\/v2\/product"}],"about":[{"href":"https:\/\/nordicmart.andreevmaster.com\/fi\/wp-json\/wp\/v2\/types\/product"}],"replies":[{"embeddable":true,"href":"https:\/\/nordicmart.andreevmaster.com\/fi\/wp-json\/wp\/v2\/comments?post=34573"}],"wp:featuredmedia":[{"embeddable":true,"href":"https:\/\/nordicmart.andreevmaster.com\/fi\/wp-json\/wp\/v2\/media\/43246"}],"wp:attachment":[{"href":"https:\/\/nordicmart.andreevmaster.com\/fi\/wp-json\/wp\/v2\/media?parent=34573"}],"wp:term":[{"taxonomy":"product_brand","embeddable":true,"href":"https:\/\/nordicmart.andreevmaster.com\/fi\/wp-json\/wp\/v2\/product_brand?post=34573"},{"taxonomy":"product_cat","embeddable":true,"href":"https:\/\/nordicmart.andreevmaster.com\/fi\/wp-json\/wp\/v2\/product_cat?post=34573"},{"taxonomy":"product_tag","embeddable":true,"href":"https:\/\/nordicmart.andreevmaster.com\/fi\/wp-json\/wp\/v2\/product_tag?post=34573"}],"curies":[{"name":"wp","href":"https:\/\/api.w.org\/{rel}","templated":true}]}}