{"id":34572,"date":"2026-02-27T00:26:15","date_gmt":"2026-02-27T00:26:15","guid":{"rendered":"https:\/\/nordicmart.andreevmaster.com\/product\/songmics-leikkiteltta-pikkulapsille\/"},"modified":"2026-02-27T09:45:42","modified_gmt":"2026-02-27T09:45:42","slug":"songmics-leikkiteltta-pikkulapsille","status":"publish","type":"product","link":"https:\/\/nordicmart.andreevmaster.com\/fi\/tuote\/songmics-leikkiteltta-pikkulapsille\/","title":{"rendered":"SONGMICS leikkiteltta pikkulapsille"},"content":{"rendered":"<p>Laatu on t\u00e4rke\u00e4\u00e4: 190T polyesterikangas, tukevat lasikuitutangot ja vahvistetut saumat \u2013 kaikki n\u00e4m\u00e4 korkealaatuiset materiaalit varmistavat, ett\u00e4 t\u00e4m\u00e4 leikkim\u00f6kki kest\u00e4\u00e4 jopa suurimmatkin riehujat.T\u00e4ll\u00e4 lahjalla et voi menn\u00e4 vikaan: t\u00e4m\u00e4 SONGMICS-leikkim\u00f6kki on t\u00e4ydellinen lahja pikkulapsille. He varmasti iloitsevat: \u201dVihdoin minulla on oma linna!\u201d Lapsesi voivat leikki\u00e4 tai oppia t\u00e4ss\u00e4 teltassa noin 8-vuotiaiksi asti! Onnen l\u00e4hde: K\u00e4ytt\u00e4j\u00e4yst\u00e4v\u00e4llisen muotoilun ansiosta teltan voi helposti taittaa kokoon ja s\u00e4ilytt\u00e4\u00e4 k\u00e4tev\u00e4ss\u00e4 kantolaukussa. Se on onnen l\u00e4hde kaikkialla: olohuoneessa, yst\u00e4v\u00e4n luona tai aurinkoisessa puutarhassa. Tuotetiedot:V\u00e4ri: vaaleanpunainen-keltainen Materiaali: 190T polyesteri, lasikuitutangot, ter\u00e4slangat Koko: 101 x 135 cm (\u00d8 x H) Paino: 1,1 kg Toimitus sis\u00e4lt\u00e4\u00e4: 1 x leikkiteltta 4 x lasikuitutanko 1 x kantolaukku 1 x ohjeet (DE, EN, FR, ES, IT) SONGMICS-huomautukset:\u00c4l\u00e4 k\u00e4yt\u00e4 tuotetta avotulen l\u00e4hell\u00e4.<\/p>\n","protected":false},"excerpt":{"rendered":"<p>SONGMICS leikkiteltta pikkulapsille, prinsessalinna, pop-up-intiaaniteltta, lahja lapsille, sis\u00e4- ja ulkok\u00e4ytt\u00f6\u00f6n, kantolaukku, vaaleanpunainen-keltainen LPT04PY<\/p>\n","protected":false},"featured_media":43245,"comment_status":"open","ping_status":"closed","template":"","meta":[],"product_brand":[],"product_cat":[32],"product_tag":[],"class_list":{"0":"post-34572","1":"product","2":"type-product","3":"status-publish","4":"has-post-thumbnail","6":"product_cat-uncategorized-fi","8":"first","9":"instock","10":"shipping-taxable","11":"purchasable","12":"product-type-simple"},"_links":{"self":[{"href":"https:\/\/nordicmart.andreevmaster.com\/fi\/wp-json\/wp\/v2\/product\/34572","targetHints":{"allow":["GET"]}}],"collection":[{"href":"https:\/\/nordicmart.andreevmaster.com\/fi\/wp-json\/wp\/v2\/product"}],"about":[{"href":"https:\/\/nordicmart.andreevmaster.com\/fi\/wp-json\/wp\/v2\/types\/product"}],"replies":[{"embeddable":true,"href":"https:\/\/nordicmart.andreevmaster.com\/fi\/wp-json\/wp\/v2\/comments?post=34572"}],"wp:featuredmedia":[{"embeddable":true,"href":"https:\/\/nordicmart.andreevmaster.com\/fi\/wp-json\/wp\/v2\/media\/43245"}],"wp:attachment":[{"href":"https:\/\/nordicmart.andreevmaster.com\/fi\/wp-json\/wp\/v2\/media?parent=34572"}],"wp:term":[{"taxonomy":"product_brand","embeddable":true,"href":"https:\/\/nordicmart.andreevmaster.com\/fi\/wp-json\/wp\/v2\/product_brand?post=34572"},{"taxonomy":"product_cat","embeddable":true,"href":"https:\/\/nordicmart.andreevmaster.com\/fi\/wp-json\/wp\/v2\/product_cat?post=34572"},{"taxonomy":"product_tag","embeddable":true,"href":"https:\/\/nordicmart.andreevmaster.com\/fi\/wp-json\/wp\/v2\/product_tag?post=34572"}],"curies":[{"name":"wp","href":"https:\/\/api.w.org\/{rel}","templated":true}]}}