{"id":34570,"date":"2026-02-27T00:26:15","date_gmt":"2026-02-27T00:26:15","guid":{"rendered":"https:\/\/nordicmart.andreevmaster.com\/product\/songmics-leikkiteltta-dinosauruskuvioilla\/"},"modified":"2026-02-27T09:45:42","modified_gmt":"2026-02-27T09:45:42","slug":"songmics-leikkiteltta-dinosauruskuvioilla","status":"publish","type":"product","link":"https:\/\/nordicmart.andreevmaster.com\/fi\/tuote\/songmics-leikkiteltta-dinosauruskuvioilla\/","title":{"rendered":"SONGMICS leikkiteltta  dinosauruskuvioilla"},"content":{"rendered":"<p>Loputtomia tunteja hauskaa: Luo pienokaisillesi oma valtakunta mihin tahansa kodin nurkkaan t\u00e4ll\u00e4 maagisella leikkimajalla, ja heill\u00e4 on hauskaa. Lis\u00e4ksi leikkimaja on viel\u00e4 hauskempi, kun koristelet sen valosarjoilla (EI SIS\u00c4LLY TOIMITUKSEEN)! Pitk\u00e4ik\u00e4inen: 190T-polyesterikankaasta valmistettu leikkimaja on erityisen kest\u00e4v\u00e4. Kiinnittyv\u00e4t kangasaukot est\u00e4v\u00e4t tangot liukumasta. T\u00e4m\u00e4 est\u00e4\u00e4 tangot liukumasta ulos aukoista. Tuote on l\u00e4p\u00e4issyt T\u00dcV Rheinlandin turvallisuustestit palavuuden ja mekaanisten ominaisuuksien osalta (raportti nro 0154336177a 001).Asennetaan muutamassa minuutissa: avaa vain teltta ja aseta 4 lasikuitutankoa paikoilleen, niin voit hoitaa p\u00e4ivitt\u00e4iset askareesi, kun lapsesi leikkiv\u00e4t turvallisesti. Kun teltta ei ole k\u00e4yt\u00f6ss\u00e4, se voidaan taittaa pussiin helppoa s\u00e4ilytyst\u00e4 varten. \u00c4l\u00e4 odota en\u00e4\u00e4, vaan yll\u00e4t\u00e4 lapsesi t\u00e4ll\u00e4 suloisella lahjalla! Tuotetiedot: V\u00e4ri: moniv\u00e4rinen Materiaali: 190T polyesteri, lasikuitutangot, galvanoidut rautalangat Mitat: 101 x 135 cm (\u00d8 x H) Paino: 1,14 kg Pakkaus sis\u00e4lt\u00e4\u00e4: 1 x teltta 4 x lasikuitutankoa 1 x s\u00e4ilytyslaukku 1 x ohjeet (DE, EN, FR, ES, IT) SONGMICS Huomautukset:Valosarja ei sis\u00e4lly toimitukseen. \u00c4l\u00e4 altista tuotteita suoralle auringonvalolle. T\u00e4m\u00e4 tuote on tarkoitettu yli 3-vuotiaille lapsille. Lapset eiv\u00e4t saa k\u00e4ytt\u00e4\u00e4 tuotetta ilman aikuisen valvontaa.<\/p>\n","protected":false},"excerpt":{"rendered":"<p>SONGMICS leikkiteltta pikkulapsille, leikkim\u00f6kki sis\u00e4- ja ulkok\u00e4ytt\u00f6\u00f6n, kannettava pop-up-intiaaniteltta kantolaukulla, dinosaurus-teemainen leikkim\u00f6kki, yksityinen tila jopa 3 lapselle LPT02YU<\/p>\n","protected":false},"featured_media":43243,"comment_status":"open","ping_status":"closed","template":"","meta":[],"product_brand":[],"product_cat":[32],"product_tag":[],"class_list":{"0":"post-34570","1":"product","2":"type-product","3":"status-publish","4":"has-post-thumbnail","6":"product_cat-uncategorized-fi","8":"first","9":"instock","10":"shipping-taxable","11":"purchasable","12":"product-type-simple"},"_links":{"self":[{"href":"https:\/\/nordicmart.andreevmaster.com\/fi\/wp-json\/wp\/v2\/product\/34570","targetHints":{"allow":["GET"]}}],"collection":[{"href":"https:\/\/nordicmart.andreevmaster.com\/fi\/wp-json\/wp\/v2\/product"}],"about":[{"href":"https:\/\/nordicmart.andreevmaster.com\/fi\/wp-json\/wp\/v2\/types\/product"}],"replies":[{"embeddable":true,"href":"https:\/\/nordicmart.andreevmaster.com\/fi\/wp-json\/wp\/v2\/comments?post=34570"}],"wp:featuredmedia":[{"embeddable":true,"href":"https:\/\/nordicmart.andreevmaster.com\/fi\/wp-json\/wp\/v2\/media\/43243"}],"wp:attachment":[{"href":"https:\/\/nordicmart.andreevmaster.com\/fi\/wp-json\/wp\/v2\/media?parent=34570"}],"wp:term":[{"taxonomy":"product_brand","embeddable":true,"href":"https:\/\/nordicmart.andreevmaster.com\/fi\/wp-json\/wp\/v2\/product_brand?post=34570"},{"taxonomy":"product_cat","embeddable":true,"href":"https:\/\/nordicmart.andreevmaster.com\/fi\/wp-json\/wp\/v2\/product_cat?post=34570"},{"taxonomy":"product_tag","embeddable":true,"href":"https:\/\/nordicmart.andreevmaster.com\/fi\/wp-json\/wp\/v2\/product_tag?post=34570"}],"curies":[{"name":"wp","href":"https:\/\/api.w.org\/{rel}","templated":true}]}}