{"id":34569,"date":"2026-02-27T00:26:14","date_gmt":"2026-02-27T00:26:14","guid":{"rendered":"https:\/\/nordicmart.andreevmaster.com\/product\/songmics-leikkiteltta-prinsessalinna\/"},"modified":"2026-02-27T09:45:42","modified_gmt":"2026-02-27T09:45:42","slug":"songmics-leikkiteltta-prinsessalinna","status":"publish","type":"product","link":"https:\/\/nordicmart.andreevmaster.com\/fi\/tuote\/songmics-leikkiteltta-prinsessalinna\/","title":{"rendered":"SONGMICS leikkiteltta Prinsessalinna"},"content":{"rendered":"<p>Kest\u00e4\u00e4 jopa suurimmatkin riehujat 190T polyesterikankaansa ansiosta teltta on erityisen kest\u00e4v\u00e4. Kiinnitt\u00e4v\u00e4t kangasaukot est\u00e4v\u00e4t tangot liukumasta. Tuote on l\u00e4p\u00e4issyt T\u00dcV Rheinlandin turvallisuustestit syttyvyyden ja mekaanisten ominaisuuksien osalta. Ihanteellinen sis\u00e4- ja ulkok\u00e4ytt\u00f6\u00f6n Teltta on t\u00e4ydellinen paikka olla kotona poissa kotoa. Voit pystytt\u00e4\u00e4 sen leikkihuoneeseen, makuuhuoneeseen, puutarhaan tai muihin paikkoihin. Leikkim\u00f6kki on my\u00f6s mukava majoituspaikka retkille. Pystytet\u00e4\u00e4n muutamassa minuutissa Teltassa on pop-up-mekanismi, joten se on nopea pystytt\u00e4\u00e4. Asennuksen viimeistelemiseksi sinun tarvitsee vain ty\u00f6nt\u00e4\u00e4 4 lasikuitutankoa niille tarkoitettuihin aukkoihin, ja voit jatkaa p\u00e4ivitt\u00e4isi\u00e4 kotit\u00f6it\u00e4si, kun lapsesi leikkii iloisesti. Teltta on my\u00f6s helppo taittaa k\u00e4yt\u00f6n j\u00e4lkeen ja s\u00e4ilytt\u00e4\u00e4 tai kuljettaa mukana toimitetussa kantolaukussa.\u00c4l\u00e4 odota en\u00e4\u00e4, vaan yll\u00e4t\u00e4 lapsesi t\u00e4ll\u00e4 suloisella lahjalla! Tuotetiedot: &#8211; V\u00e4ri: vaaleanpunainen &#8211; Materiaali: 190T polyesteri, lasikuitutangot, galvanoidut rautalangat &#8211; Mitat: 101 x 135 cm (\u00d8 x H) &#8211; Paino: 1,13 kg Toimitus sis\u00e4lt\u00e4\u00e4:- 1 x teltta &#8211; 4 x lasikuitutangot &#8211; 1 x s\u00e4ilytyslaukku &#8211; 1 x ohjeet (DE, EN, FR, ES, IT) SONGMICS Huomautukset:- Valosarja ei sis\u00e4lly toimitukseen. &#8211; Varmista, ett\u00e4 teltta on riitt\u00e4v\u00e4n p\u00e4iv\u00e4nvalossa, jotta se loistaa y\u00f6ll\u00e4. &#8211; T\u00e4m\u00e4 tuote on tarkoitettu yli 3-vuotiaille lapsille. &#8211; Lapset eiv\u00e4t saa k\u00e4ytt\u00e4\u00e4 tuotetta ilman aikuisen valvontaa.<\/p>\n","protected":false},"excerpt":{"rendered":"<p>SONGMICS leikkiteltta, prinssinlinna-teltta pojille ja pikkulapsille, leikkim\u00f6kki sis\u00e4- ja ulkok\u00e4ytt\u00f6\u00f6n, kannettava pop-up-intiaaniteltta tipi kantolaukulla, lahja lapsille, sininen LPT01BU<\/p>\n","protected":false},"featured_media":43242,"comment_status":"open","ping_status":"closed","template":"","meta":[],"product_brand":[],"product_cat":[32],"product_tag":[],"class_list":{"0":"post-34569","1":"product","2":"type-product","3":"status-publish","4":"has-post-thumbnail","6":"product_cat-uncategorized-fi","8":"first","9":"instock","10":"shipping-taxable","11":"purchasable","12":"product-type-simple"},"_links":{"self":[{"href":"https:\/\/nordicmart.andreevmaster.com\/fi\/wp-json\/wp\/v2\/product\/34569","targetHints":{"allow":["GET"]}}],"collection":[{"href":"https:\/\/nordicmart.andreevmaster.com\/fi\/wp-json\/wp\/v2\/product"}],"about":[{"href":"https:\/\/nordicmart.andreevmaster.com\/fi\/wp-json\/wp\/v2\/types\/product"}],"replies":[{"embeddable":true,"href":"https:\/\/nordicmart.andreevmaster.com\/fi\/wp-json\/wp\/v2\/comments?post=34569"}],"wp:featuredmedia":[{"embeddable":true,"href":"https:\/\/nordicmart.andreevmaster.com\/fi\/wp-json\/wp\/v2\/media\/43242"}],"wp:attachment":[{"href":"https:\/\/nordicmart.andreevmaster.com\/fi\/wp-json\/wp\/v2\/media?parent=34569"}],"wp:term":[{"taxonomy":"product_brand","embeddable":true,"href":"https:\/\/nordicmart.andreevmaster.com\/fi\/wp-json\/wp\/v2\/product_brand?post=34569"},{"taxonomy":"product_cat","embeddable":true,"href":"https:\/\/nordicmart.andreevmaster.com\/fi\/wp-json\/wp\/v2\/product_cat?post=34569"},{"taxonomy":"product_tag","embeddable":true,"href":"https:\/\/nordicmart.andreevmaster.com\/fi\/wp-json\/wp\/v2\/product_tag?post=34569"}],"curies":[{"name":"wp","href":"https:\/\/api.w.org\/{rel}","templated":true}]}}