{"id":34567,"date":"2026-02-27T00:26:14","date_gmt":"2026-02-27T00:26:14","guid":{"rendered":"https:\/\/nordicmart.andreevmaster.com\/product\/songmics-verkko-seina-ja-tarvikkeet-valkoinen\/"},"modified":"2026-02-27T09:45:41","modified_gmt":"2026-02-27T09:45:41","slug":"songmics-verkko-seina-ja-tarvikkeet-valkoinen","status":"publish","type":"product","link":"https:\/\/nordicmart.andreevmaster.com\/fi\/tuote\/songmics-verkko-seina-ja-tarvikkeet-valkoinen\/","title":{"rendered":"SONGMICS-verkko sein\u00e4 ja tarvikkeet, valkoinen"},"content":{"rendered":"<p>El\u00e4m\u00e4n pienille, mutta t\u00e4rkeille asioille: Katoavatko laskut ja kuitit aina selitt\u00e4m\u00e4tt\u00f6m\u00e4sti? My\u00f6h\u00e4stytk\u00f6 jatkuvasti projektien m\u00e4\u00e4r\u00e4ajoista? Sitten tarvitset nyt sein\u00e4n, johon voit ripustaa laskut, t\u00e4rke\u00e4t muistiinpanot tai muut pienet asiat. Hy\u00f6dyt siit\u00e4, ett\u00e4 kaikki on j\u00e4rjestyksess\u00e4.Lahja rakkaillesi tai itsellesi: Tee t\u00e4st\u00e4 ritil\u00e4sest\u00e4 syntym\u00e4p\u00e4iv\u00e4lahja, joululahja tai &#8221;vain koska rakastan sinua&#8221; -lahja ja luo ainutlaatuinen n\u00e4yttelytila valokuville, jotka muistuttavat sinua ja rakkaitasi yhdess\u00e4 vietetyst\u00e4 ajasta. Tai jos pid\u00e4t t\u00e4st\u00e4 tyylikk\u00e4\u00e4st\u00e4 sein\u00e4hyllyst\u00e4, miksi et hankkisi sit\u00e4 itsellesi? Tuotetiedot:V\u00e4ri: valkoinen Materiaali: rauta Kunkin levyn koko: 65 x 45 cm Paino: 1,6 kg Kantavuus: 5 kg Toimitus sis\u00e4lt\u00e4\u00e4: 2 x ritil\u00e4levy 6 x S-koukku 1 x hamppunaru 30 x puuklipsi 4 x j\u00e4lki\u00e4 j\u00e4tt\u00e4m\u00e4t\u00f6n sein\u00e4koukku 1 x vasara 1 x ohjeet (DE, EN, FR, ES, IT) SONGMICS-ohjeet:S\u00e4ilyt\u00e4 tuote lasten ja lemmikkiel\u00e4inten ulottumattomissa. \u00c4l\u00e4 ripusta levyihin yli 5 kg painavia esineit\u00e4.<\/p>\n","protected":false},"excerpt":{"rendered":"<p>SONGMICS valokuvasein\u00e4 metalliverkosta, 2 kpl, suuret sein\u00e4verkot, 65 x 45 cm, sein\u00e4koriste, monik\u00e4ytt\u00f6inen verkosein\u00e4, ripustettava, DIY, S-koukkuilla ja kiinnikkeill\u00e4, hamppunaru, valkoinen LPP02W<\/p>\n","protected":false},"featured_media":43240,"comment_status":"open","ping_status":"closed","template":"","meta":[],"product_brand":[],"product_cat":[32],"product_tag":[],"class_list":{"0":"post-34567","1":"product","2":"type-product","3":"status-publish","4":"has-post-thumbnail","6":"product_cat-uncategorized-fi","8":"first","9":"instock","10":"shipping-taxable","11":"purchasable","12":"product-type-simple"},"_links":{"self":[{"href":"https:\/\/nordicmart.andreevmaster.com\/fi\/wp-json\/wp\/v2\/product\/34567","targetHints":{"allow":["GET"]}}],"collection":[{"href":"https:\/\/nordicmart.andreevmaster.com\/fi\/wp-json\/wp\/v2\/product"}],"about":[{"href":"https:\/\/nordicmart.andreevmaster.com\/fi\/wp-json\/wp\/v2\/types\/product"}],"replies":[{"embeddable":true,"href":"https:\/\/nordicmart.andreevmaster.com\/fi\/wp-json\/wp\/v2\/comments?post=34567"}],"wp:featuredmedia":[{"embeddable":true,"href":"https:\/\/nordicmart.andreevmaster.com\/fi\/wp-json\/wp\/v2\/media\/43240"}],"wp:attachment":[{"href":"https:\/\/nordicmart.andreevmaster.com\/fi\/wp-json\/wp\/v2\/media?parent=34567"}],"wp:term":[{"taxonomy":"product_brand","embeddable":true,"href":"https:\/\/nordicmart.andreevmaster.com\/fi\/wp-json\/wp\/v2\/product_brand?post=34567"},{"taxonomy":"product_cat","embeddable":true,"href":"https:\/\/nordicmart.andreevmaster.com\/fi\/wp-json\/wp\/v2\/product_cat?post=34567"},{"taxonomy":"product_tag","embeddable":true,"href":"https:\/\/nordicmart.andreevmaster.com\/fi\/wp-json\/wp\/v2\/product_tag?post=34567"}],"curies":[{"name":"wp","href":"https:\/\/api.w.org\/{rel}","templated":true}]}}