{"id":34563,"date":"2026-02-27T00:26:13","date_gmt":"2026-02-27T00:26:13","guid":{"rendered":"https:\/\/nordicmart.andreevmaster.com\/product\/songmics-valokuvaseina-2-kpl-lisavarusteet\/"},"modified":"2026-02-27T09:45:41","modified_gmt":"2026-02-27T09:45:41","slug":"songmics-valokuvaseina-2-kpl-lisavarusteet","status":"publish","type":"product","link":"https:\/\/nordicmart.andreevmaster.com\/fi\/tuote\/songmics-valokuvaseina-2-kpl-lisavarusteet\/","title":{"rendered":"SONGMICS-valokuvasein\u00e4, 2 kpl, lis\u00e4varusteet"},"content":{"rendered":"<p>Kuinka tulla taiteilijaksi? Se on helppoa! Ole luova! Useimmille ihmisille ritil\u00e4levyt eiv\u00e4t n\u00e4yt\u00e4 erityisen kauniilta, vaan esineilt\u00e4, joilla ei ole mit\u00e4\u00e4n tarkoitusta. Taiteilijalle ritil\u00e4n takana piilee kuitenkin upea mahdollisuus olla luova ja muuttaa se kuvien, koristeiden, valoketjujen tai postikorttien avulla ainutlaatuiseksi taideteokseksi.L\u00f6yd\u00e4 sis\u00e4inen taiteilijasi SONGMICS:n avulla ja suunnittele n\u00e4m\u00e4 upeat ristikkoviset sein\u00e4t mielesi mukaan! Metalliristikot eiv\u00e4t ensi silm\u00e4yksell\u00e4 n\u00e4yt\u00e4 liittyv\u00e4n mitenk\u00e4\u00e4n sein\u00e4koristeluun tai valokuvakehyksiin. Pienten pyykkipojien, hamppunarun ja S-koukkujen avulla ne muuttuvat kuitenkin kankaiksi, joilla kaikki on mahdollista. My\u00f6s n\u00e4enn\u00e4isesti yksinkertaisista asioista voi synty\u00e4 kiehtovia taideteoksia. Ent\u00e4 sin\u00e4? Milt\u00e4 sinun &#8221;kankaasi&#8221; n\u00e4ytt\u00e4v\u00e4t pian? Tuotetiedot: &#8211; V\u00e4ri: musta &#8211; Materiaali: rauta &#8211; Levyn koko: 42 x 31 cm &#8211; Hamppunarun pituus: 1 m &#8211; Paino: 0,62 kg &#8211; Maks. staattinen kantavuus per ritil\u00e4sein\u00e4: 4 kg Toimitus sis\u00e4lt\u00e4\u00e4:- 2 x ritil\u00e4levy &#8211; 4 x S-koukku &#8211; 1 x hamppunaru &#8211; 10 x kiinnike &#8211; 4 x j\u00e4lki\u00e4 j\u00e4tt\u00e4m\u00e4t\u00f6n sein\u00e4koukku &#8211; 1 x vasara (19 cm) &#8211; 1 x ohjeet (DE, EN, FR, ES, IT) SONGMICS-ohjeet: &#8211; S\u00e4ilyt\u00e4 tuote lasten ja lemmikkiel\u00e4inten ulottumattomissa.- \u00c4l\u00e4 ripusta valokuvasein\u00e4lle esineit\u00e4, joiden paino ylitt\u00e4\u00e4 suurimman sallitun kuormituksen.<\/p>\n","protected":false},"excerpt":{"rendered":"<p>SONGMICS Valokuvasein\u00e4 metalliverkosta, 2 kpl sein\u00e4verkkoa, skandinaavinen DIY-sisustus, valokuville, muistiinpanoille, postikorteille, mukana vasara, S-koukut, kiinnikkeet ja hamppunaru, musta LPP01H<\/p>\n","protected":false},"featured_media":43236,"comment_status":"open","ping_status":"closed","template":"","meta":[],"product_brand":[],"product_cat":[32],"product_tag":[],"class_list":{"0":"post-34563","1":"product","2":"type-product","3":"status-publish","4":"has-post-thumbnail","6":"product_cat-uncategorized-fi","8":"first","9":"instock","10":"shipping-taxable","11":"purchasable","12":"product-type-simple"},"_links":{"self":[{"href":"https:\/\/nordicmart.andreevmaster.com\/fi\/wp-json\/wp\/v2\/product\/34563","targetHints":{"allow":["GET"]}}],"collection":[{"href":"https:\/\/nordicmart.andreevmaster.com\/fi\/wp-json\/wp\/v2\/product"}],"about":[{"href":"https:\/\/nordicmart.andreevmaster.com\/fi\/wp-json\/wp\/v2\/types\/product"}],"replies":[{"embeddable":true,"href":"https:\/\/nordicmart.andreevmaster.com\/fi\/wp-json\/wp\/v2\/comments?post=34563"}],"wp:featuredmedia":[{"embeddable":true,"href":"https:\/\/nordicmart.andreevmaster.com\/fi\/wp-json\/wp\/v2\/media\/43236"}],"wp:attachment":[{"href":"https:\/\/nordicmart.andreevmaster.com\/fi\/wp-json\/wp\/v2\/media?parent=34563"}],"wp:term":[{"taxonomy":"product_brand","embeddable":true,"href":"https:\/\/nordicmart.andreevmaster.com\/fi\/wp-json\/wp\/v2\/product_brand?post=34563"},{"taxonomy":"product_cat","embeddable":true,"href":"https:\/\/nordicmart.andreevmaster.com\/fi\/wp-json\/wp\/v2\/product_cat?post=34563"},{"taxonomy":"product_tag","embeddable":true,"href":"https:\/\/nordicmart.andreevmaster.com\/fi\/wp-json\/wp\/v2\/product_tag?post=34563"}],"curies":[{"name":"wp","href":"https:\/\/api.w.org\/{rel}","templated":true}]}}