{"id":34562,"date":"2026-02-27T00:26:13","date_gmt":"2026-02-27T00:26:13","guid":{"rendered":"https:\/\/nordicmart.andreevmaster.com\/product\/songmics-valokuvaseina-metalliverkosta\/"},"modified":"2026-02-27T09:45:40","modified_gmt":"2026-02-27T09:45:40","slug":"songmics-valokuvaseina-metalliverkosta","status":"publish","type":"product","link":"https:\/\/nordicmart.andreevmaster.com\/fi\/tuote\/songmics-valokuvaseina-metalliverkosta\/","title":{"rendered":"SONGMICS valokuvasein\u00e4 metalliverkosta"},"content":{"rendered":"<p>El\u00e4m\u00e4n pienille, mutta t\u00e4rkeille asioille Katoavatko laskut ja kuitit sinulta aina selitt\u00e4m\u00e4tt\u00f6m\u00e4sti? My\u00f6h\u00e4stytk\u00f6 jatkuvasti projektien m\u00e4\u00e4r\u00e4ajoista? Sitten tarvitset nyt sein\u00e4n, johon voit ripustaa laskut, t\u00e4rke\u00e4t muistiinpanot tai muut pienet asiat. Hy\u00f6dynn\u00e4 etua, ett\u00e4 kaikki on j\u00e4rjestyksess\u00e4. Lahja rakkaillesi tai itsellesi Tee t\u00e4st\u00e4 verkkomuurista syntym\u00e4p\u00e4iv\u00e4lahja, joululahja tai &#8221;vain koska rakastan sinua&#8221; -lahja ja luo ainutlaatuinen n\u00e4yttelytila valokuville, jotka muistuttavat sinua ja rakkaitasi yhdess\u00e4 vietetyst\u00e4 ajasta. Jos t\u00e4m\u00e4 tyylik\u00e4s sein\u00e4hylly miellytt\u00e4\u00e4 my\u00f6s sinua, miksi et hankkisi sit\u00e4 itsellesi? Tuotetiedot: &#8211; V\u00e4ri: kultainen &#8211; Materiaali: rauta &#8211; Koko per levy: 42 x 31 cm &#8211; Hamppunarun pituus: 1 m &#8211; Paino: 0,6 kg &#8211; Maks. staattinen kantavuus: 4 kg Toimitus sis\u00e4lt\u00e4\u00e4:- 2 x ritil\u00e4levy &#8211; 4 x S-koukku &#8211; 1 x hamppunaru &#8211; 5 x taitettava pidike &#8211; 10 x puupidike &#8211; 4 x j\u00e4lki\u00e4 j\u00e4tt\u00e4m\u00e4t\u00f6n sein\u00e4koukku &#8211; 1 x vasara (19 cm) &#8211; 1 x ohjeet (DE, EN, FR, ES, IT) SONGMICS Huomautukset:- S\u00e4ilyt\u00e4 tuote lasten ja lemmikkiel\u00e4inten ulottumattomissa. &#8211; \u00c4l\u00e4 ripusta levyihin yli 4 kg painavia esineit\u00e4.<\/p>\n","protected":false},"excerpt":{"rendered":"<p>SONGMICS Valokuvasein\u00e4 metalliverkosta, 2 kpl sein\u00e4verkkoa, skandinaavinen DIY-sisustus, valokuville, muistiinpanoille, postikorteille, mukana vasara, S-koukut, kiinnikkeet ja hamppunaru, musta LPP01H<\/p>\n","protected":false},"featured_media":43235,"comment_status":"open","ping_status":"closed","template":"","meta":[],"product_brand":[],"product_cat":[32],"product_tag":[],"class_list":{"0":"post-34562","1":"product","2":"type-product","3":"status-publish","4":"has-post-thumbnail","6":"product_cat-uncategorized-fi","8":"first","9":"instock","10":"shipping-taxable","11":"purchasable","12":"product-type-simple"},"_links":{"self":[{"href":"https:\/\/nordicmart.andreevmaster.com\/fi\/wp-json\/wp\/v2\/product\/34562","targetHints":{"allow":["GET"]}}],"collection":[{"href":"https:\/\/nordicmart.andreevmaster.com\/fi\/wp-json\/wp\/v2\/product"}],"about":[{"href":"https:\/\/nordicmart.andreevmaster.com\/fi\/wp-json\/wp\/v2\/types\/product"}],"replies":[{"embeddable":true,"href":"https:\/\/nordicmart.andreevmaster.com\/fi\/wp-json\/wp\/v2\/comments?post=34562"}],"wp:featuredmedia":[{"embeddable":true,"href":"https:\/\/nordicmart.andreevmaster.com\/fi\/wp-json\/wp\/v2\/media\/43235"}],"wp:attachment":[{"href":"https:\/\/nordicmart.andreevmaster.com\/fi\/wp-json\/wp\/v2\/media?parent=34562"}],"wp:term":[{"taxonomy":"product_brand","embeddable":true,"href":"https:\/\/nordicmart.andreevmaster.com\/fi\/wp-json\/wp\/v2\/product_brand?post=34562"},{"taxonomy":"product_cat","embeddable":true,"href":"https:\/\/nordicmart.andreevmaster.com\/fi\/wp-json\/wp\/v2\/product_cat?post=34562"},{"taxonomy":"product_tag","embeddable":true,"href":"https:\/\/nordicmart.andreevmaster.com\/fi\/wp-json\/wp\/v2\/product_tag?post=34562"}],"curies":[{"name":"wp","href":"https:\/\/api.w.org\/{rel}","templated":true}]}}