{"id":34560,"date":"2026-02-27T00:26:12","date_gmt":"2026-02-27T00:26:12","guid":{"rendered":"https:\/\/nordicmart.andreevmaster.com\/product\/songmics-pistokehikko-10-ritilaosastoa-valkoinen\/"},"modified":"2026-02-27T09:45:40","modified_gmt":"2026-02-27T09:45:40","slug":"songmics-pistokehikko-10-ritilaosastoa-valkoinen","status":"publish","type":"product","link":"https:\/\/nordicmart.andreevmaster.com\/fi\/tuote\/songmics-pistokehikko-10-ritilaosastoa-valkoinen\/","title":{"rendered":"SONGMICS pistokehikko 10 ritil\u00e4osastoa, valkoinen"},"content":{"rendered":"<p>Tuotetiedot: &#8211; V\u00e4ri: valkoinen &#8211; Materiaali: jauhemaalattu rautaverkko, ABS-muovi &#8211; Tuotteen koko: 89 x 32,5 x 90 cm (L x S x K) &#8211; Paino: 7,4 kg &#8211; Kunkin kuution enimm\u00e4iskuormitus: 15 kg Toimitus sis\u00e4lt\u00e4\u00e4: &#8211; 12 x metalliverkko (42 x 31 cm) &#8211; 10 x metalliverkko (42 x 17 cm) &#8211; 15 x metalliverkko (31 x 17 cm) &#8211; 36 x liitoskappale &#8211; 1 x kumivasara (175 g) &#8211; 2 x kaatumissuoja &#8211; 1 x ohjeet SONGMICS Huomautukset: &#8211; \u00c4l\u00e4 j\u00e4t\u00e4 hylly\u00e4 pitk\u00e4ksi aikaa ulos, jotta materiaali ei haalistu. &#8211; Muovisten liittimien logo &#8221;Songmics&#8221; on oltava ulosp\u00e4in. &#8211; Kaikkien metallilevyjen on lukkiuduttava liitokseen. Paina levyj\u00e4 tiukasti jokaisen hyllykerroksen j\u00e4lkeen varmistaaksesi, ett\u00e4 langan kulmat tarttuvat liitospohjaan lujuuden lis\u00e4\u00e4miseksi.<\/p>\n","protected":false},"excerpt":{"rendered":"<p>SONGMICS kenk\u00e4hylly, 10 lokeroa, hyllyj\u00e4rjestelm\u00e4 metalliverkosta, s\u00e4ilytysj\u00e4rjestelm\u00e4, DIY-kaappi, makuuhuoneeseen, eteiseen, vaatteiden, kenkien ja lelujen j\u00e4rjestelij\u00e4, valkoinen LPL25W<\/p>\n","protected":false},"featured_media":43233,"comment_status":"open","ping_status":"closed","template":"","meta":[],"product_brand":[],"product_cat":[32],"product_tag":[],"class_list":{"0":"post-34560","1":"product","2":"type-product","3":"status-publish","4":"has-post-thumbnail","6":"product_cat-uncategorized-fi","8":"first","9":"instock","10":"shipping-taxable","11":"purchasable","12":"product-type-simple"},"_links":{"self":[{"href":"https:\/\/nordicmart.andreevmaster.com\/fi\/wp-json\/wp\/v2\/product\/34560","targetHints":{"allow":["GET"]}}],"collection":[{"href":"https:\/\/nordicmart.andreevmaster.com\/fi\/wp-json\/wp\/v2\/product"}],"about":[{"href":"https:\/\/nordicmart.andreevmaster.com\/fi\/wp-json\/wp\/v2\/types\/product"}],"replies":[{"embeddable":true,"href":"https:\/\/nordicmart.andreevmaster.com\/fi\/wp-json\/wp\/v2\/comments?post=34560"}],"wp:featuredmedia":[{"embeddable":true,"href":"https:\/\/nordicmart.andreevmaster.com\/fi\/wp-json\/wp\/v2\/media\/43233"}],"wp:attachment":[{"href":"https:\/\/nordicmart.andreevmaster.com\/fi\/wp-json\/wp\/v2\/media?parent=34560"}],"wp:term":[{"taxonomy":"product_brand","embeddable":true,"href":"https:\/\/nordicmart.andreevmaster.com\/fi\/wp-json\/wp\/v2\/product_brand?post=34560"},{"taxonomy":"product_cat","embeddable":true,"href":"https:\/\/nordicmart.andreevmaster.com\/fi\/wp-json\/wp\/v2\/product_cat?post=34560"},{"taxonomy":"product_tag","embeddable":true,"href":"https:\/\/nordicmart.andreevmaster.com\/fi\/wp-json\/wp\/v2\/product_tag?post=34560"}],"curies":[{"name":"wp","href":"https:\/\/api.w.org\/{rel}","templated":true}]}}