{"id":34559,"date":"2026-02-27T00:26:12","date_gmt":"2026-02-27T00:26:12","guid":{"rendered":"https:\/\/nordicmart.andreevmaster.com\/product\/songmics-pistokehysjarjestelma-9-ritilakappaleella\/"},"modified":"2026-02-27T09:45:40","modified_gmt":"2026-02-27T09:45:40","slug":"songmics-pistokehysjarjestelma-9-ritilakappaleella","status":"publish","type":"product","link":"https:\/\/nordicmart.andreevmaster.com\/fi\/tuote\/songmics-pistokehysjarjestelma-9-ritilakappaleella\/","title":{"rendered":"SONGMICS-pistokehysj\u00e4rjestelm\u00e4 9 ritil\u00e4kappaleella"},"content":{"rendered":"<p>Mit\u00e4 kaikkea siihen mahtuu&#8230; K\u00e4yt\u00e4 metalliverkosta valmistettua s\u00e4ilytyskaappiamme vaatteiden, kenkien, toimistotarvikkeiden, kirjojen, lehtien jne. s\u00e4ilytykseen. Verkkomatot ovat eritt\u00e4in tiheit\u00e4, jotta pienet esineet tai asusteet, kuten korut, kynsileikkurit jne., pysyv\u00e4t turvallisesti paikoillaan putoamatta. Mihin se voidaan sijoittaa&#8230; Hylly sopii jokaiseen huoneeseen sen toisiinsa kiinnittyv\u00e4n rakenteen ansiosta. Sopii helposti mihin tahansa huoneeseen: olohuoneeseen, makuuhuoneeseen, lastenhuoneeseen, eteiseen, kylpyhuoneeseen, kellariin, autotalliin jne. Se tulisi suojata auringolta, tuulelta ja sateelta, jotta voit nauttia siit\u00e4 pitk\u00e4\u00e4n. Kuinka se kootaan\u2026 Mukana toimitetaan kattavat asennusohjeet (5 kielell\u00e4). Yhdist\u00e4 metalliritil\u00e4t muoviliittimill\u00e4. Jokaisessa kulmassa asennetaan t\u00e4llainen liitin ja ritil\u00e4t asetetaan paikoilleen. On t\u00e4rke\u00e4\u00e4 varmistaa, ett\u00e4 kaikki on kunnolla kiinnitetty ja ett\u00e4 levyt ovat &#8221;lukittuneet&#8221; paikoilleen eik\u00e4 mik\u00e4\u00e4n voi irrota. Pakettiin on lis\u00e4tty kumivasara, jotta voit naputtaa osat hyvin yhteen. Tuotetiedot: V\u00e4ri: musta Materiaali: metalliverkkolevy, ABS-liitin Mitat: 93 x 123 x 31 cm (L x K x S) Kunkin levyn mitat: 30 x 30 cm Tilavuus: 243 l Kunkin lokeron tilavuus: 27 l Paino: 7,1 kg Kunkin lokeron kantavuus: 15 kg Toimitus sis\u00e4lt\u00e4\u00e4: 34 x metalliverkkolevy 34 x liitoskappale 1 x 175 g kumivasara 2 x kaatumissuoja 1 x ohjeet (DE, EN, FR, ES, IT)<\/p>\n","protected":false},"excerpt":{"rendered":"<p>SONGMICS DIY-kirjahylly, 9 metalliverkkokuutiota, kenk\u00e4hylly, hyllyj\u00e4rjestelm\u00e4, pistokehylly, kaappi lokeroilla makuuhuoneeseen, ilmainen kumivasara, musta, 93 x 31 x 123 cm (L x S x K), LPL115H<\/p>\n","protected":false},"featured_media":43232,"comment_status":"open","ping_status":"closed","template":"","meta":[],"product_brand":[],"product_cat":[32],"product_tag":[],"class_list":{"0":"post-34559","1":"product","2":"type-product","3":"status-publish","4":"has-post-thumbnail","6":"product_cat-uncategorized-fi","8":"first","9":"instock","10":"shipping-taxable","11":"purchasable","12":"product-type-simple"},"_links":{"self":[{"href":"https:\/\/nordicmart.andreevmaster.com\/fi\/wp-json\/wp\/v2\/product\/34559","targetHints":{"allow":["GET"]}}],"collection":[{"href":"https:\/\/nordicmart.andreevmaster.com\/fi\/wp-json\/wp\/v2\/product"}],"about":[{"href":"https:\/\/nordicmart.andreevmaster.com\/fi\/wp-json\/wp\/v2\/types\/product"}],"replies":[{"embeddable":true,"href":"https:\/\/nordicmart.andreevmaster.com\/fi\/wp-json\/wp\/v2\/comments?post=34559"}],"wp:featuredmedia":[{"embeddable":true,"href":"https:\/\/nordicmart.andreevmaster.com\/fi\/wp-json\/wp\/v2\/media\/43232"}],"wp:attachment":[{"href":"https:\/\/nordicmart.andreevmaster.com\/fi\/wp-json\/wp\/v2\/media?parent=34559"}],"wp:term":[{"taxonomy":"product_brand","embeddable":true,"href":"https:\/\/nordicmart.andreevmaster.com\/fi\/wp-json\/wp\/v2\/product_brand?post=34559"},{"taxonomy":"product_cat","embeddable":true,"href":"https:\/\/nordicmart.andreevmaster.com\/fi\/wp-json\/wp\/v2\/product_cat?post=34559"},{"taxonomy":"product_tag","embeddable":true,"href":"https:\/\/nordicmart.andreevmaster.com\/fi\/wp-json\/wp\/v2\/product_tag?post=34559"}],"curies":[{"name":"wp","href":"https:\/\/api.w.org\/{rel}","templated":true}]}}