{"id":34557,"date":"2026-02-27T00:26:12","date_gmt":"2026-02-27T00:26:12","guid":{"rendered":"https:\/\/nordicmart.andreevmaster.com\/product\/songmics-pistokehikko-16-ritilakuutiota-musta\/"},"modified":"2026-02-27T09:45:40","modified_gmt":"2026-02-27T09:45:40","slug":"songmics-pistokehikko-16-ritilakuutiota-musta","status":"publish","type":"product","link":"https:\/\/nordicmart.andreevmaster.com\/fi\/tuote\/songmics-pistokehikko-16-ritilakuutiota-musta\/","title":{"rendered":"SONGMICS pistokehikko 16 ritil\u00e4kuutiota, musta"},"content":{"rendered":"<p>T\u00e4h\u00e4n mahtuu kaikki&#8230; K\u00e4yt\u00e4 metallilankaista s\u00e4ilytysj\u00e4rjestelm\u00e4\u00e4mme vaatteiden, kenkien, toimistotarvikkeiden, kirjojen, lehtien ja&#8230; K\u00e4yt\u00f6ss\u00e4si on 16 kuutiota, joiden pohjassa on PP-muovilevy. Miss\u00e4 hyllyn voi pystytt\u00e4\u00e4&#8230;T\u00e4m\u00e4 hyllykk\u00f6 voidaan koota mihin tahansa huoneeseen ja mukauttaa sen olosuhteisiin ruudukkomaisen pistokej\u00e4rjestelm\u00e4n ansiosta. Hyllykk\u00f6 sopii helposti olohuoneeseen, makuuhuoneeseen, lastenhuoneeseen tai kylpyhuoneeseen. Se sopii hyvin my\u00f6s autotalliin, kellariin tai eteiseen. Tuotetta ei kuitenkaan tule altistaa sateelle, auringonvalolle tai tuulelle, joten sit\u00e4 ei tule sijoittaa ulkotiloihin. N\u00e4in voit nauttia hyllyst\u00e4 pitk\u00e4\u00e4n. Jos haluat kokeilla jotain ep\u00e4tavallista (etk\u00e4 pelk\u00e4\u00e4 s\u00e4\u00e4olosuhteiden aiheuttamia vaurioita), voit k\u00e4ytt\u00e4\u00e4 hylly\u00e4 my\u00f6s kiipeilykasvien ristikkon\u00e4 (j\u00e4t\u00e4 t\u00e4ll\u00f6in PP-muovilevyt pois). Kiinnit\u00e4 hylly maahan tulpilla ja varmista, ett\u00e4 alusta on tukeva ja tasainen. Paremman pidon saavuttamiseksi tuulessa ja voimakkaissa myrskytuulissa voit kiinnitt\u00e4\u00e4 hyllyn osat lis\u00e4ksi nippusiteill\u00e4. Anna sitten kiipeilykasvien, kuten ruusujen, virnien, kapusiinikrassien tai mustasilm\u00e4isten susannien, kiivet\u00e4 hyllylle. (Kuvattu menettely lyhent\u00e4\u00e4 hyllyn k\u00e4ytt\u00f6ik\u00e4\u00e4.) Tuote kootaan seuraavasti&#8230; Toimitus sis\u00e4lt\u00e4\u00e4 tietysti helppotajuiset k\u00e4ytt\u00f6ohjeet viidell\u00e4 kielell\u00e4. Yhdist\u00e4 telineet helposti toisiinsa muovisilla liitoskappaleilla. Liitoskappaleet asetetaan jokaiseen kulmaan. Sitten telineet ty\u00f6nnet\u00e4\u00e4n paikoilleen. On t\u00e4rke\u00e4\u00e4, ett\u00e4 kaikki osat ovat tiukasti kiinni toisissaan ja ett\u00e4 telineet ovat vakaasti paikoillaan, jotta ne eiv\u00e4t heilua. T\u00e4t\u00e4 varten mukana toimitetaan kumivasara, jolla voit naputtaa kaikki osat varovasti kiinni.Tuotetiedot: V\u00e4ri: musta Materiaali: jauhemaalatut rautalankakehykset, PP-muovilevyt, ABS-muoviliittimet Koko: 123 x 31 x 123 cm (L x S x K) Tilavuus: 432 l Kuution tilavuus: 27 l Paino: 11,5 kg Kuution enimm\u00e4iskantavuus: 10 kgToimitus sis\u00e4lt\u00e4\u00e4:56 x musta rautalankakehys (30 x 30 cm)16 x musta PP-muovilevy (30 x 30 cm)52 x musta ABS-muoviliitos1 x kumivasara (175 g)2 x kaatumissuoja1 x asennusohjeet (DE, EN, FR, ES, IT)<\/p>\n","protected":false},"excerpt":{"rendered":"<p>SONGMICS-pistokehikko, 16 kuutiota, metallilangasta valmistettu s\u00e4ilytysj\u00e4rjestelm\u00e4, DIY-kaappi, modulaarinen, ritil\u00e4kehikko, langakehyksell\u00e4, valkoinen LPI44W<\/p>\n","protected":false},"featured_media":43230,"comment_status":"open","ping_status":"closed","template":"","meta":[],"product_brand":[],"product_cat":[32],"product_tag":[],"class_list":{"0":"post-34557","1":"product","2":"type-product","3":"status-publish","4":"has-post-thumbnail","6":"product_cat-uncategorized-fi","8":"first","9":"instock","10":"shipping-taxable","11":"purchasable","12":"product-type-simple"},"_links":{"self":[{"href":"https:\/\/nordicmart.andreevmaster.com\/fi\/wp-json\/wp\/v2\/product\/34557","targetHints":{"allow":["GET"]}}],"collection":[{"href":"https:\/\/nordicmart.andreevmaster.com\/fi\/wp-json\/wp\/v2\/product"}],"about":[{"href":"https:\/\/nordicmart.andreevmaster.com\/fi\/wp-json\/wp\/v2\/types\/product"}],"replies":[{"embeddable":true,"href":"https:\/\/nordicmart.andreevmaster.com\/fi\/wp-json\/wp\/v2\/comments?post=34557"}],"wp:featuredmedia":[{"embeddable":true,"href":"https:\/\/nordicmart.andreevmaster.com\/fi\/wp-json\/wp\/v2\/media\/43230"}],"wp:attachment":[{"href":"https:\/\/nordicmart.andreevmaster.com\/fi\/wp-json\/wp\/v2\/media?parent=34557"}],"wp:term":[{"taxonomy":"product_brand","embeddable":true,"href":"https:\/\/nordicmart.andreevmaster.com\/fi\/wp-json\/wp\/v2\/product_brand?post=34557"},{"taxonomy":"product_cat","embeddable":true,"href":"https:\/\/nordicmart.andreevmaster.com\/fi\/wp-json\/wp\/v2\/product_cat?post=34557"},{"taxonomy":"product_tag","embeddable":true,"href":"https:\/\/nordicmart.andreevmaster.com\/fi\/wp-json\/wp\/v2\/product_tag?post=34557"}],"curies":[{"name":"wp","href":"https:\/\/api.w.org\/{rel}","templated":true}]}}