{"id":34555,"date":"2026-02-27T00:26:11","date_gmt":"2026-02-27T00:26:11","guid":{"rendered":"https:\/\/nordicmart.andreevmaster.com\/product\/songmics-2-kerroksinen-lemmikkielainten-hakki-pienelainten-aitaus-diy\/"},"modified":"2026-02-27T09:45:39","modified_gmt":"2026-02-27T09:45:39","slug":"songmics-2-kerroksinen-lemmikkielainten-hakki-pienelainten-aitaus-diy","status":"publish","type":"product","link":"https:\/\/nordicmart.andreevmaster.com\/fi\/tuote\/songmics-2-kerroksinen-lemmikkielainten-hakki-pienelainten-aitaus-diy\/","title":{"rendered":"SONGMICS 2-kerroksinen lemmikkiel\u00e4inten h\u00e4kki, pienel\u00e4inten aitaus, DIY"},"content":{"rendered":"<p>Kun lemmikkisi voivat hyvin, ne osoittavat sinulle rakkauttaan. K\u00e4yt\u00e4 t\u00e4t\u00e4 SONGMICS-verkkoh\u00e4kki\u00e4 tarjotaksesi lemmikillesi avoimen, tilavan ja silti hyvin suojatun leikkipaikan. N\u00e4in pienokaisesi tuntee itsens\u00e4 rakastetuksi ja voi leikki\u00e4 iloisesti. Lemmikit ovat perheenj\u00e4seni\u00e4: suunnittelemamme pienel\u00e4inh\u00e4kki voidaan mukauttaa lemmikkisi tarpeisiin. Voit yhdist\u00e4\u00e4 36 rautaverkkoa (35 x 35 cm (P x K)) ja 40 ABS-muoviliitint\u00e4 eri muotoihin. Aseta lemmikin lelut, pehme\u00e4 peti ja vesiastia aitaukseen ja rakenna lemmikillesi oma valtakunta.Turvallinen alue lemmikillesi: korkealaatuiset ABS-muoviliittimet antavat h\u00e4kille jo itsess\u00e4\u00e4n hyv\u00e4n vakauden. Vakauden lis\u00e4\u00e4miseksi mukana toimitetaan 100 nippusidett\u00e4, jotka est\u00e4v\u00e4t h\u00e4kin romahtamisen k\u00e4yt\u00f6n aikana.Ilahduta nelijalkaista kumppaniasi t\u00e4ll\u00e4 SONGMICS-leikkikeh\u00e4ll\u00e4 ja anna sille koti, josta se on aina unelmoinut! Tuotetiedot: V\u00e4ri: valkoinen Materiaali: rautaiset ritil\u00e4elementit, muoviset liitoskappaleet Kokonaiskoko: 143 x 73 x 71 cm (P x L x K)Kokoonpano: 36 x rautaverkkoelementti\u00e4, 40 x muoviliitint\u00e4, 1 x kumivasara, 12 x liukuestepalaa, 100 x nippusidett\u00e4, 1 x ohjeet (DE, EN, FR, ES, IT)SONGMICS Huomautukset: Aseta ritil\u00e4levyjen p\u00e4\u00e4lle matto tai vastaava, joka toimii juoksualustana ja suojaa lemmikkisi tassuja. \u00c4l\u00e4 ly\u00f6 tuotetta voimakkaasti vasaralla. \u00c4l\u00e4 altista tuotetta ter\u00e4vien tai ter\u00e4vien esineiden vaikutukselle, \u00e4l\u00e4 istu h\u00e4kin p\u00e4\u00e4lle ja pid\u00e4 se poissa l\u00e4mm\u00f6nl\u00e4hteist\u00e4.\u00c4l\u00e4 j\u00e4t\u00e4 tuotetta pysyv\u00e4sti ulos. Varmista asennuksen aikana, ett\u00e4 kaikki ritil\u00e4elementit on ty\u00f6nnetty kokonaan muoviliittimiin. Suosittelemme k\u00e4ytt\u00e4m\u00e4\u00e4n liukumattomia alustoja h\u00e4kin vakauden parantamiseksi. Il est conseill\u00e9 de coller les feutres antid\u00e9rapants sur les connecteurs en bas.<\/p>\n","protected":false},"excerpt":{"rendered":"<p>SONGMICS ritil\u00e4aitaus, 36 levy\u00e4, 2 kerrosta, 143 x 71 x 73 cm, aitaus pienel\u00e4imille ja marsuille, mukana kumivasara, sis\u00e4k\u00e4ytt\u00f6\u00f6n, s\u00e4\u00e4dett\u00e4v\u00e4, yksil\u00f6llisesti koottava, musta LPI02H<\/p>\n","protected":false},"featured_media":43228,"comment_status":"open","ping_status":"closed","template":"","meta":[],"product_brand":[],"product_cat":[32],"product_tag":[],"class_list":{"0":"post-34555","1":"product","2":"type-product","3":"status-publish","4":"has-post-thumbnail","6":"product_cat-uncategorized-fi","8":"first","9":"instock","10":"shipping-taxable","11":"purchasable","12":"product-type-simple"},"_links":{"self":[{"href":"https:\/\/nordicmart.andreevmaster.com\/fi\/wp-json\/wp\/v2\/product\/34555","targetHints":{"allow":["GET"]}}],"collection":[{"href":"https:\/\/nordicmart.andreevmaster.com\/fi\/wp-json\/wp\/v2\/product"}],"about":[{"href":"https:\/\/nordicmart.andreevmaster.com\/fi\/wp-json\/wp\/v2\/types\/product"}],"replies":[{"embeddable":true,"href":"https:\/\/nordicmart.andreevmaster.com\/fi\/wp-json\/wp\/v2\/comments?post=34555"}],"wp:featuredmedia":[{"embeddable":true,"href":"https:\/\/nordicmart.andreevmaster.com\/fi\/wp-json\/wp\/v2\/media\/43228"}],"wp:attachment":[{"href":"https:\/\/nordicmart.andreevmaster.com\/fi\/wp-json\/wp\/v2\/media?parent=34555"}],"wp:term":[{"taxonomy":"product_brand","embeddable":true,"href":"https:\/\/nordicmart.andreevmaster.com\/fi\/wp-json\/wp\/v2\/product_brand?post=34555"},{"taxonomy":"product_cat","embeddable":true,"href":"https:\/\/nordicmart.andreevmaster.com\/fi\/wp-json\/wp\/v2\/product_cat?post=34555"},{"taxonomy":"product_tag","embeddable":true,"href":"https:\/\/nordicmart.andreevmaster.com\/fi\/wp-json\/wp\/v2\/product_tag?post=34555"}],"curies":[{"name":"wp","href":"https:\/\/api.w.org\/{rel}","templated":true}]}}