{"id":34554,"date":"2026-02-27T00:26:11","date_gmt":"2026-02-27T00:26:11","guid":{"rendered":"https:\/\/nordicmart.andreevmaster.com\/product\/songmics-pienelainten-leikkikeha-kanin-ja-marsun-hakki-mukana-nippusiteet\/"},"modified":"2026-02-27T09:45:39","modified_gmt":"2026-02-27T09:45:39","slug":"songmics-pienelainten-leikkikeha-kanin-ja-marsun-hakki-mukana-nippusiteet","status":"publish","type":"product","link":"https:\/\/nordicmart.andreevmaster.com\/fi\/tuote\/songmics-pienelainten-leikkikeha-kanin-ja-marsun-hakki-mukana-nippusiteet\/","title":{"rendered":"SONGMICS pienel\u00e4inten leikkikeh\u00e4, kanin- ja marsun h\u00e4kki, mukana nippusiteet"},"content":{"rendered":"<p>Joustava leikkikeh\u00e4 pienel\u00e4imille  36 ritil\u00e4levy\u00e4 voidaan koota yksil\u00f6llisesti. N\u00e4in voidaan rakentaa eritt\u00e4in suuri, matala aitaus tai yhdist\u00e4\u00e4 kaksitasoinen leikkikeh\u00e4. Levyjen koko on 35 x 35 cm.  Joustava k\u00e4ytt\u00f6 ja monipuoliset k\u00e4ytt\u00f6mahdollisuudet H\u00e4kki on helppo ja nopea koota, ja sit\u00e4 voidaan k\u00e4ytt\u00e4\u00e4 eri pienel\u00e4imille. Voit tarkkailla lemmikkej\u00e4si joka kulmasta ja pit\u00e4\u00e4 silm\u00e4ll\u00e4 pikku veijareita.  Enemm\u00e4n turvallisuutta yksinkertaisesta h\u00e4kist\u00e4 huolimatta Yksinkertaisen n\u00e4k\u00f6isest\u00e4 h\u00e4kist\u00e4 huolimatta se on turvallinen sek\u00e4 ihmisille ett\u00e4 el\u00e4imille. Mukana toimitetut liukumattomat matot voidaan kiinnitt\u00e4\u00e4 liitoskappaleisiin, joita k\u00e4ytet\u00e4\u00e4n pohjajalkoina. N\u00e4in h\u00e4kki ei liu&#8217;u edes liukkailla lattiapinnoilla, kuten parkettilattialla tai PVC-lattialla. Lis\u00e4ksi mukana toimitetaan 100 nippusidett\u00e4, joilla yksitt\u00e4iset levyt voidaan kiinnitt\u00e4\u00e4 toisiinsa entist\u00e4 vakaammin. N\u00e4in voit kuljettaa h\u00e4kin turvallisesti ja helposti paikasta toiseen. Tuotetiedot: &#8211; V\u00e4ri: musta &#8211; Materiaali: ABS + metallilanka &#8211; Mitat: 143 x 71 x 73 cm (L x K x S) &#8211; Nettopaino: 8,6 kg  Toimitus sis\u00e4lt\u00e4\u00e4: &#8211; 36 x metalliverkko 35 x 35 cm &#8211; 40 x ABS-muoviliitin &#8211; 100 x nippuside &#8211; 12 x liukumaton matto &#8211; 1 x rautavasara 175 g &#8211; 1 x ohjeet (DE, EN, FR, ES, IT) <\/p>\n","protected":false},"excerpt":{"rendered":"<p>SONGMICS ritil\u00e4aitaus, 36 levy\u00e4, 2 kerrosta, 143 x 71 x 73 cm, aitaus pienel\u00e4imille ja marsuille, mukana kumivasara, sis\u00e4k\u00e4ytt\u00f6\u00f6n, s\u00e4\u00e4dett\u00e4v\u00e4, yksil\u00f6llisesti koottava, musta LPI02H<\/p>\n","protected":false},"featured_media":43227,"comment_status":"open","ping_status":"closed","template":"","meta":[],"product_brand":[],"product_cat":[32],"product_tag":[],"class_list":{"0":"post-34554","1":"product","2":"type-product","3":"status-publish","4":"has-post-thumbnail","6":"product_cat-uncategorized-fi","8":"first","9":"instock","10":"shipping-taxable","11":"purchasable","12":"product-type-simple"},"_links":{"self":[{"href":"https:\/\/nordicmart.andreevmaster.com\/fi\/wp-json\/wp\/v2\/product\/34554","targetHints":{"allow":["GET"]}}],"collection":[{"href":"https:\/\/nordicmart.andreevmaster.com\/fi\/wp-json\/wp\/v2\/product"}],"about":[{"href":"https:\/\/nordicmart.andreevmaster.com\/fi\/wp-json\/wp\/v2\/types\/product"}],"replies":[{"embeddable":true,"href":"https:\/\/nordicmart.andreevmaster.com\/fi\/wp-json\/wp\/v2\/comments?post=34554"}],"wp:featuredmedia":[{"embeddable":true,"href":"https:\/\/nordicmart.andreevmaster.com\/fi\/wp-json\/wp\/v2\/media\/43227"}],"wp:attachment":[{"href":"https:\/\/nordicmart.andreevmaster.com\/fi\/wp-json\/wp\/v2\/media?parent=34554"}],"wp:term":[{"taxonomy":"product_brand","embeddable":true,"href":"https:\/\/nordicmart.andreevmaster.com\/fi\/wp-json\/wp\/v2\/product_brand?post=34554"},{"taxonomy":"product_cat","embeddable":true,"href":"https:\/\/nordicmart.andreevmaster.com\/fi\/wp-json\/wp\/v2\/product_cat?post=34554"},{"taxonomy":"product_tag","embeddable":true,"href":"https:\/\/nordicmart.andreevmaster.com\/fi\/wp-json\/wp\/v2\/product_tag?post=34554"}],"curies":[{"name":"wp","href":"https:\/\/api.w.org\/{rel}","templated":true}]}}