{"id":34552,"date":"2026-02-27T00:26:10","date_gmt":"2026-02-27T00:26:10","guid":{"rendered":"https:\/\/nordicmart.andreevmaster.com\/product\/songmics-kenkateline-metallilangalla\/"},"modified":"2026-02-27T09:45:39","modified_gmt":"2026-02-27T09:45:39","slug":"songmics-kenkateline-metallilangalla","status":"publish","type":"product","link":"https:\/\/nordicmart.andreevmaster.com\/fi\/tuote\/songmics-kenkateline-metallilangalla\/","title":{"rendered":"SONGMICS kenk\u00e4teline metallilangalla"},"content":{"rendered":"<p>T\u00e4ss\u00e4 kaikki sopii yhteen&#8230;<br \/>\nT\u00e4m\u00e4n hyllyn metallilankakuutiot ovat matalan korkeutensa ansiosta erityisen vakaita ja sopivat siten t\u00e4ydellisesti miesten, naisten ja lasten kenkiin. Voit k\u00e4ytt\u00e4\u00e4 metalliverkko-organisaattoriamme my\u00f6s vaatteiden, lelujen, kirjojen, ty\u00f6kalujen jne. s\u00e4ilytykseen. Kaikki 15 kuutiota ovat aina k\u00e4ytett\u00e4viss\u00e4si.<\/p>\n<p>Mihin tahansa se voidaan sijoittaa&#8230;<br \/>\nT\u00e4m\u00e4 hyllykk\u00f6 voidaan koota mihin tahansa huoneeseen ja mukauttaa siell\u00e4 vallitseviin olosuhteisiin ritil\u00e4n kaltaisen pistokej\u00e4rjestelm\u00e4n ansiosta. Hyllykk\u00f6 sopii helposti olohuoneeseesi, makuuhuoneeseesi, lastenhuoneeseesi tai kylpyhuoneeseesi. Se sopii hyvin my\u00f6s autotalliin, kellariin tai eteiseen.<\/p>\n<p>Kuinka se kootaan&#8230;<br \/>\nToimitus sis\u00e4lt\u00e4\u00e4 tietysti helppotajuiset k\u00e4ytt\u00f6ohjeet viidell\u00e4 kielell\u00e4. Yhdist\u00e4 hyllykk\u00f6 yksinkertaisesti liitt\u00e4m\u00e4ll\u00e4 metallirungot muovisiin liitoskappaleisiin. Liitoskappaleet asetetaan jokaiseen kulmaan. Sen j\u00e4lkeen rungot ty\u00f6nnet\u00e4\u00e4n paikoilleen. On t\u00e4rke\u00e4\u00e4, ett\u00e4 kaikki osat on liitetty tiukasti toisiinsa ja ett\u00e4 ristikot ovat tukevasti paikoillaan, jotta ne eiv\u00e4t heilua. T\u00e4t\u00e4 varten mukana toimitetaan kumivasara, jolla voit naputtaa kaikki osat varovasti tiukasti paikoilleen.<\/p>\n<p>DIY-muotoilun ansiosta voit koota t\u00e4m\u00e4n kaapin eri muodoissa, joten se sopii jokaiseen olohuoneeseen, makuuhuoneeseen, eteiseen tai kellariin. Voit k\u00e4ytt\u00e4\u00e4 hylly\u00e4 my\u00f6s v\u00e4lisein\u00e4n\u00e4 vaatekaapissa tai keitti\u00f6n kaapissa. Tuotetiedot:<br \/>\nV\u00e4ri: valkoinen<br \/>\nMateriaali: rauta, ABS-muovi<br \/>\nTuotteen koko: 91 x 36 x 71 cm (L x S x K)<br \/>\nPaino: 8,2 kg<br \/>\nKunkin hyllyn kantavuus: 10 kg<\/p>\n<p>Toimitus sis\u00e4lt\u00e4\u00e4<br \/>\n1 x kenk\u00e4organisaattori<br \/>\n1 x kumivasara (175 g)<br \/>\n2 x kaatumissuoja<br \/>\n1 x k\u00e4ytt\u00f6ohje (DE, EN, FR, ES, IT)<\/p>\n<p>SONGMICS Huomautukset:<br \/>\nT\u00e4m\u00e4 tuote voidaan koota eri tavoin, mutta vain mukana toimitettujen osien avulla.<br \/>\n\u00c4l\u00e4 j\u00e4t\u00e4 tuotetta pitk\u00e4ksi aikaa ulos, jotta s\u00e4\u00e4olosuhteet eiv\u00e4t vahingoita sit\u00e4.<br \/>\nSONGMICS-logo tulee olla ulosp\u00e4in, kun muoviliittimi\u00e4 asennetaan.<br \/>\nKaikki silm\u00e4t tulee painaa lyhyesti kokoonpanon aikana. Tarkista jokaisen rivin valmistuttua, ett\u00e4 lankakehykset on painettu kokonaan liitoskappaleeseen tuotteen vakauden parantamiseksi.<\/p>\n","protected":false},"excerpt":{"rendered":"<p>SONGMICS-pistokehikko, 16 kuution s\u00e4ilytysj\u00e4rjestelm\u00e4 metallilangasta, DIY-kaappi, modulaarinen, ritil\u00e4kehikko, langakehyksell\u00e4, valkoinen LPI44W<\/p>\n","protected":false},"featured_media":43225,"comment_status":"open","ping_status":"closed","template":"","meta":[],"product_brand":[],"product_cat":[32],"product_tag":[],"class_list":{"0":"post-34552","1":"product","2":"type-product","3":"status-publish","4":"has-post-thumbnail","6":"product_cat-uncategorized-fi","8":"first","9":"instock","10":"shipping-taxable","11":"purchasable","12":"product-type-simple"},"_links":{"self":[{"href":"https:\/\/nordicmart.andreevmaster.com\/fi\/wp-json\/wp\/v2\/product\/34552","targetHints":{"allow":["GET"]}}],"collection":[{"href":"https:\/\/nordicmart.andreevmaster.com\/fi\/wp-json\/wp\/v2\/product"}],"about":[{"href":"https:\/\/nordicmart.andreevmaster.com\/fi\/wp-json\/wp\/v2\/types\/product"}],"replies":[{"embeddable":true,"href":"https:\/\/nordicmart.andreevmaster.com\/fi\/wp-json\/wp\/v2\/comments?post=34552"}],"wp:featuredmedia":[{"embeddable":true,"href":"https:\/\/nordicmart.andreevmaster.com\/fi\/wp-json\/wp\/v2\/media\/43225"}],"wp:attachment":[{"href":"https:\/\/nordicmart.andreevmaster.com\/fi\/wp-json\/wp\/v2\/media?parent=34552"}],"wp:term":[{"taxonomy":"product_brand","embeddable":true,"href":"https:\/\/nordicmart.andreevmaster.com\/fi\/wp-json\/wp\/v2\/product_brand?post=34552"},{"taxonomy":"product_cat","embeddable":true,"href":"https:\/\/nordicmart.andreevmaster.com\/fi\/wp-json\/wp\/v2\/product_cat?post=34552"},{"taxonomy":"product_tag","embeddable":true,"href":"https:\/\/nordicmart.andreevmaster.com\/fi\/wp-json\/wp\/v2\/product_tag?post=34552"}],"curies":[{"name":"wp","href":"https:\/\/api.w.org\/{rel}","templated":true}]}}