{"id":34550,"date":"2026-02-27T00:26:10","date_gmt":"2026-02-27T00:26:10","guid":{"rendered":"https:\/\/nordicmart.andreevmaster.com\/product\/songmics-pistokehikko-15-ritilaosastoa-musta\/"},"modified":"2026-02-27T09:45:38","modified_gmt":"2026-02-27T09:45:38","slug":"songmics-pistokehikko-15-ritilaosastoa-musta","status":"publish","type":"product","link":"https:\/\/nordicmart.andreevmaster.com\/fi\/tuote\/songmics-pistokehikko-15-ritilaosastoa-musta\/","title":{"rendered":"SONGMICS pistokehikko 15 ritil\u00e4osastoa musta"},"content":{"rendered":"<p>T\u00e4ss\u00e4 kaikki sopii yhteen&#8230; Jokainen matala metallilankakuutio on vakaampi kuin suuremmat kuutiot, joten se sopii t\u00e4ydellisesti miesten, naisten ja lasten kenkiin. Voit k\u00e4ytt\u00e4\u00e4 metalliverkkotelinett\u00e4 my\u00f6s vaatteiden, lelujen, kirjojen, ty\u00f6kalujen jne. s\u00e4ilytykseen. Kaikki 16 kuutiota ovat k\u00e4tev\u00e4sti k\u00e4ytett\u00e4viss\u00e4si. Mihin se voidaan sijoittaa&#8230; T\u00e4m\u00e4 hyllykk\u00f6 voidaan koota mihin tahansa huoneeseen ja mukauttaa sen olosuhteisiin ristikkomaisen pistokej\u00e4rjestelm\u00e4n ansiosta. Hyllykk\u00f6 sopii helposti olohuoneeseesi, makuuhuoneeseesi, lastenhuoneeseesi tai kylpyhuoneeseesi. Se sopii hyvin my\u00f6s autotalliin, kellariin tai eteiseen. Miten se kootaan&#8230;Toimitus sis\u00e4lt\u00e4\u00e4 tietysti helppotajuiset k\u00e4ytt\u00f6ohjeet viidell\u00e4 kielell\u00e4. Yhdist\u00e4 rakenteeseen yksinkertaisesti metallikehykset muoviliittimill\u00e4. Liittimet sijoitetaan jokaiseen kulmaan. Sitten kehykset ty\u00f6nnet\u00e4\u00e4n sis\u00e4\u00e4n. On t\u00e4rke\u00e4\u00e4, ett\u00e4 kaikki osat ovat tiukasti kiinni toisissaan ja ett\u00e4 ritil\u00e4t ovat tukevasti paikoillaan, jotta ne eiv\u00e4t heilua. T\u00e4t\u00e4 varten saat kumivasaran, jolla voit naputtaa kaikki osat varovasti kiinni. K\u00e4yt\u00e4nn\u00f6llinen metalliritil\u00e4inen kenk\u00e4teline voidaan koota eri muodoissa, jotta saat juuri sen, mit\u00e4 tarvitset. Useita yksik\u00f6it\u00e4 voidaan yhdist\u00e4\u00e4 toisiinsa, jotta saadaan lis\u00e4\u00e4 s\u00e4ilytystilaa ja mahdollisuuksia; voit my\u00f6s poistaa hyllyn, jotta saat tilaa saappaille. Anna luovuudellesi vapaat k\u00e4det t\u00e4m\u00e4n ainutlaatuisen tuotteen avulla. Tuotetiedot: V\u00e4ri: musta Materiaali: jauhemaalatut rautalankaverkot, ABS-muoviliitokset Koko: 91 x 36 x 71 cm (L x S x K) Paino: 8,2 kg Kuution enimm\u00e4iskantavuus: 10 kg Toimitus sis\u00e4lt\u00e4\u00e4: 20 x musta rautaverkko (35 x 22 cm) 20 x musta rautaverkko (35 x 17 cm)16 x musta rautaverkko (22 x 17 cm) 52 x musta ABS-muoviliitin 1 x kumivasara (175 g) 2 x kaatumissuoja 1 x asennusohjeet (DE, EN, FR, ES, IT) SONGMICS-ohjeet: \u00c4l\u00e4 j\u00e4t\u00e4 tuotetta pitk\u00e4ksi aikaa ulos, jotta se ei vahingoitu s\u00e4\u00e4olosuhteiden vaikutuksesta.Pid\u00e4 muoviliittimien py\u00f6re\u00e4 puoli, jossa on &#8221;SONGMICS&#8221;-logo, ulosp\u00e4in asennuksen aikana. Kaikki silm\u00e4t tulee painaa alas asennuksen aikana. Tarkista jokaisen rivin valmistuttua, ett\u00e4 lankakehykset on painettu kokonaan liitoskappaleeseen tuotteen vakauden parantamiseksi.<\/p>\n","protected":false},"excerpt":{"rendered":"<p>SONGMICS-pistokehikko, 16 kuution s\u00e4ilytysj\u00e4rjestelm\u00e4 metallilangasta, DIY-kaappi, modulaarinen, ritil\u00e4kehikko, langakehyksell\u00e4, valkoinen LPI44W<\/p>\n","protected":false},"featured_media":43223,"comment_status":"open","ping_status":"closed","template":"","meta":[],"product_brand":[],"product_cat":[32],"product_tag":[],"class_list":{"0":"post-34550","1":"product","2":"type-product","3":"status-publish","4":"has-post-thumbnail","6":"product_cat-uncategorized-fi","8":"first","9":"instock","10":"shipping-taxable","11":"purchasable","12":"product-type-simple"},"_links":{"self":[{"href":"https:\/\/nordicmart.andreevmaster.com\/fi\/wp-json\/wp\/v2\/product\/34550","targetHints":{"allow":["GET"]}}],"collection":[{"href":"https:\/\/nordicmart.andreevmaster.com\/fi\/wp-json\/wp\/v2\/product"}],"about":[{"href":"https:\/\/nordicmart.andreevmaster.com\/fi\/wp-json\/wp\/v2\/types\/product"}],"replies":[{"embeddable":true,"href":"https:\/\/nordicmart.andreevmaster.com\/fi\/wp-json\/wp\/v2\/comments?post=34550"}],"wp:featuredmedia":[{"embeddable":true,"href":"https:\/\/nordicmart.andreevmaster.com\/fi\/wp-json\/wp\/v2\/media\/43223"}],"wp:attachment":[{"href":"https:\/\/nordicmart.andreevmaster.com\/fi\/wp-json\/wp\/v2\/media?parent=34550"}],"wp:term":[{"taxonomy":"product_brand","embeddable":true,"href":"https:\/\/nordicmart.andreevmaster.com\/fi\/wp-json\/wp\/v2\/product_brand?post=34550"},{"taxonomy":"product_cat","embeddable":true,"href":"https:\/\/nordicmart.andreevmaster.com\/fi\/wp-json\/wp\/v2\/product_cat?post=34550"},{"taxonomy":"product_tag","embeddable":true,"href":"https:\/\/nordicmart.andreevmaster.com\/fi\/wp-json\/wp\/v2\/product_tag?post=34550"}],"curies":[{"name":"wp","href":"https:\/\/api.w.org\/{rel}","templated":true}]}}