{"id":34548,"date":"2026-02-27T00:26:09","date_gmt":"2026-02-27T00:26:09","guid":{"rendered":"https:\/\/nordicmart.andreevmaster.com\/product\/songmics-pistorasiahylly-12-valkoista-kuutiohyllya\/"},"modified":"2026-02-27T09:45:38","modified_gmt":"2026-02-27T09:45:38","slug":"songmics-pistorasiahylly-12-valkoista-kuutiohyllya","status":"publish","type":"product","link":"https:\/\/nordicmart.andreevmaster.com\/fi\/tuote\/songmics-pistorasiahylly-12-valkoista-kuutiohyllya\/","title":{"rendered":"SONGMICS pistorasiahylly 12 valkoista kuutiohylly\u00e4"},"content":{"rendered":"<p>Mit\u00e4 kaikkea siihen mahtuu&#8230; K\u00e4yt\u00e4 hyllytt\u00e4mme vaatteiden, kenkien, toimistotarvikkeiden, kirjojen, lehtien ja monen muun s\u00e4ilytykseen. K\u00e4yt\u00f6ss\u00e4si on 12 lokeroa ja PP-levyt pohjaksi. Voit itse p\u00e4\u00e4tt\u00e4\u00e4, mihin lokeroon haluat pohjan ja mitk\u00e4 kuutiot ovat vain metalliverkkoa. Mihin tahansa se sopii&#8230; T\u00e4ll\u00e4 hyllyll\u00e4 on hylly joka huoneeseen. Eritt\u00e4in hillitty ulkon\u00e4k\u00f6 sopii mihin tahansa huoneeseen: olohuoneeseen, makuuhuoneeseen, lastenhuoneeseen, eteiseen, kylpyhuoneeseen, kellariin, autotalliin jne. Se tulisi suojata s\u00e4\u00e4lt\u00e4, kuten auringolta, sateelta ja tuulelta, jotta voit nauttia siit\u00e4 pitk\u00e4\u00e4n.  Kuinka se kootaan&#8230; Toimitus sis\u00e4lt\u00e4\u00e4 tietysti yksityiskohtaiset asennusohjeet (5 kielell\u00e4). Lyhyesti selitettyn\u00e4: yhdist\u00e4t metalliverkot toisiinsa muovisilla liitoskappaleilla. Jokaisessa kulmassa asennetaan t\u00e4llainen liitoskappale, ja verhot ja levyt ty\u00f6nnet\u00e4\u00e4n paikoilleen. On t\u00e4rke\u00e4\u00e4 varmistaa, ett\u00e4 kaikki on kunnolla kiinnitetty ja ett\u00e4 ritil\u00e4t ovat &#8221;lukittuneet&#8221; paikoilleen eik\u00e4 mik\u00e4\u00e4n voi v\u00e4\u00e4nty\u00e4. T\u00e4t\u00e4 varten pakkaukseen on lis\u00e4tty kumivasara, jotta voit naputtaa kaikki osat kunnolla paikoilleen. Tuotetiedot: &#8211; V\u00e4ri: valkoinen &#8211; Materiaali: PP-muovi (levy), ABS-muovi (liitoskappale) lankaverkko &#8211; Mitat: 93 x 123 x 31,5 cm (L x K x S) &#8211; Kunkin lokeron enimm\u00e4iskuormitus: 10 kg &#8211; Nettopaino: 8,7 kg &#8211; Kunkin kuution tilavuus: 27 l Toimitus sis\u00e4lt\u00e4\u00e4 &#8211; 43 x valkoinen lankaverkko (30 x 30 cm) &#8211; 12 x valkoista PP-levy\u00e4 (30 x 30 cm) &#8211; 44 x valkoista muoviliitint\u00e4 &#8211; 1 x kumivasara (175 g) &#8211; 2 x kaatumissuoja &#8211; 1 x ohjeet (DE, EN, FR, IT, ES) <\/p>\n","protected":false},"excerpt":{"rendered":"<p>SONGMICS pistorasiahylly, ritil\u00e4hylly, DIY-kuutiohylly, 12 lokeroa, leluille, kengille, kirjoille, olohuoneeseen, lastenhuoneeseen, makuuhuoneeseen, 93 x 123 x 31 cm, laajennettavissa, musta LPI34H<\/p>\n","protected":false},"featured_media":43221,"comment_status":"open","ping_status":"closed","template":"","meta":[],"product_brand":[],"product_cat":[32],"product_tag":[],"class_list":{"0":"post-34548","1":"product","2":"type-product","3":"status-publish","4":"has-post-thumbnail","6":"product_cat-uncategorized-fi","8":"first","9":"instock","10":"shipping-taxable","11":"purchasable","12":"product-type-simple"},"_links":{"self":[{"href":"https:\/\/nordicmart.andreevmaster.com\/fi\/wp-json\/wp\/v2\/product\/34548","targetHints":{"allow":["GET"]}}],"collection":[{"href":"https:\/\/nordicmart.andreevmaster.com\/fi\/wp-json\/wp\/v2\/product"}],"about":[{"href":"https:\/\/nordicmart.andreevmaster.com\/fi\/wp-json\/wp\/v2\/types\/product"}],"replies":[{"embeddable":true,"href":"https:\/\/nordicmart.andreevmaster.com\/fi\/wp-json\/wp\/v2\/comments?post=34548"}],"wp:featuredmedia":[{"embeddable":true,"href":"https:\/\/nordicmart.andreevmaster.com\/fi\/wp-json\/wp\/v2\/media\/43221"}],"wp:attachment":[{"href":"https:\/\/nordicmart.andreevmaster.com\/fi\/wp-json\/wp\/v2\/media?parent=34548"}],"wp:term":[{"taxonomy":"product_brand","embeddable":true,"href":"https:\/\/nordicmart.andreevmaster.com\/fi\/wp-json\/wp\/v2\/product_brand?post=34548"},{"taxonomy":"product_cat","embeddable":true,"href":"https:\/\/nordicmart.andreevmaster.com\/fi\/wp-json\/wp\/v2\/product_cat?post=34548"},{"taxonomy":"product_tag","embeddable":true,"href":"https:\/\/nordicmart.andreevmaster.com\/fi\/wp-json\/wp\/v2\/product_tag?post=34548"}],"curies":[{"name":"wp","href":"https:\/\/api.w.org\/{rel}","templated":true}]}}