{"id":34547,"date":"2026-02-27T00:26:09","date_gmt":"2026-02-27T00:26:09","guid":{"rendered":"https:\/\/nordicmart.andreevmaster.com\/product\/songmics-pistokehysjarjestelma-12-ritilakappaleella\/"},"modified":"2026-02-27T09:45:38","modified_gmt":"2026-02-27T09:45:38","slug":"songmics-pistokehysjarjestelma-12-ritilakappaleella","status":"publish","type":"product","link":"https:\/\/nordicmart.andreevmaster.com\/fi\/tuote\/songmics-pistokehysjarjestelma-12-ritilakappaleella\/","title":{"rendered":"SONGMICS-pistokehysj\u00e4rjestelm\u00e4 12 ritil\u00e4kappaleella"},"content":{"rendered":"<p>Mit\u00e4 kaikkea siihen mahtuu&#8230; K\u00e4yt\u00e4 hyllyj\u00e4rjestelm\u00e4\u00e4 vaatteiden, kenkien, toimistotarvikkeiden, kirjojen, lehtien ja monen muun tavaran s\u00e4ilytykseen. K\u00e4yt\u00f6ss\u00e4si on 12 lokeroa, joissa on tai ei ole pohjalevy\u00e4. Mihin tahansa se mahtuu&#8230; Olohuone, makuuhuone, lastenhuone, eteinen, kylpyhuone, kellari, autotalli \u2013 t\u00e4m\u00e4 hillitty hylly sopii mihin tahansa huoneeseen. Voit k\u00e4ytt\u00e4\u00e4 sit\u00e4 jopa kasvihyllyn\u00e4 talvipuutarhassa ja kasvattaa siin\u00e4 esimerkiksi murattia.Kokoaminen&#8230;Ty\u00f6nn\u00e4 vain metalliverkko muovisiin liitoskappaleisiin, kunnes ne lukittuvat paikoilleen. Koputtele sitten kevyesti mukana toimitetulla vasaralla kaikkia liitoskohtia ja kokoa uusi DIY-hyllysi helposti vaihe vaiheelta.Tuotetiedot: V\u00e4ri: musta Materiaali: PP-muovi (levy), ABS-muovi (liitoskappale), metalliverkko Koko, suorakulmainen muoto: 93 x 123 x 31 cm (L x K x S) Paino: 8,7 kg Maks. staattinen kantavuus per hylly: 10 kg&nbsp;Toimitus sis\u00e4lt\u00e4\u00e4: 43 x metalliverkko (30 x 30 cm) 12 x PP-levy (30 x 30 cm) 44 x muoviliitin 1 x kumivasara (175 g) 2 x kaatumissuoja 1 x ohjeet (DE, EN, FR, IT, ES) SONGMICS Huomautukset:- T\u00e4m\u00e4 hylly ei ole tarkoitettu pitk\u00e4aikaiseen ulkok\u00e4ytt\u00f6\u00f6n. &#8211; Liitoskappaleiden py\u00f6re\u00e4n pinnan on aina oltava ulosp\u00e4in. &#8211; Hyllylevyt on asetettava paikalleen lukitusrakoihin asti. Tarkka sovitus on t\u00e4rke\u00e4\u00e4, koska muuten hylly v\u00e4\u00e4ntyy.<\/p>\n","protected":false},"excerpt":{"rendered":"<p>SONGMICS pistorasiahylly, ritil\u00e4hylly, DIY-kuutiohylly, 12 lokeroa, leluille, kengille, kirjoille, olohuoneeseen, lastenhuoneeseen, makuuhuoneeseen, 93 x 123 x 31 cm, laajennettavissa, musta LPI34H<\/p>\n","protected":false},"featured_media":43220,"comment_status":"open","ping_status":"closed","template":"","meta":[],"product_brand":[],"product_cat":[32],"product_tag":[],"class_list":{"0":"post-34547","1":"product","2":"type-product","3":"status-publish","4":"has-post-thumbnail","6":"product_cat-uncategorized-fi","8":"first","9":"instock","10":"shipping-taxable","11":"purchasable","12":"product-type-simple"},"_links":{"self":[{"href":"https:\/\/nordicmart.andreevmaster.com\/fi\/wp-json\/wp\/v2\/product\/34547","targetHints":{"allow":["GET"]}}],"collection":[{"href":"https:\/\/nordicmart.andreevmaster.com\/fi\/wp-json\/wp\/v2\/product"}],"about":[{"href":"https:\/\/nordicmart.andreevmaster.com\/fi\/wp-json\/wp\/v2\/types\/product"}],"replies":[{"embeddable":true,"href":"https:\/\/nordicmart.andreevmaster.com\/fi\/wp-json\/wp\/v2\/comments?post=34547"}],"wp:featuredmedia":[{"embeddable":true,"href":"https:\/\/nordicmart.andreevmaster.com\/fi\/wp-json\/wp\/v2\/media\/43220"}],"wp:attachment":[{"href":"https:\/\/nordicmart.andreevmaster.com\/fi\/wp-json\/wp\/v2\/media?parent=34547"}],"wp:term":[{"taxonomy":"product_brand","embeddable":true,"href":"https:\/\/nordicmart.andreevmaster.com\/fi\/wp-json\/wp\/v2\/product_brand?post=34547"},{"taxonomy":"product_cat","embeddable":true,"href":"https:\/\/nordicmart.andreevmaster.com\/fi\/wp-json\/wp\/v2\/product_cat?post=34547"},{"taxonomy":"product_tag","embeddable":true,"href":"https:\/\/nordicmart.andreevmaster.com\/fi\/wp-json\/wp\/v2\/product_tag?post=34547"}],"curies":[{"name":"wp","href":"https:\/\/api.w.org\/{rel}","templated":true}]}}