{"id":34546,"date":"2026-02-27T00:26:09","date_gmt":"2026-02-27T00:26:09","guid":{"rendered":"https:\/\/nordicmart.andreevmaster.com\/product\/songmics-hyllykko-12-kuutiota-3-laatikkoa-musta\/"},"modified":"2026-02-27T09:45:38","modified_gmt":"2026-02-27T09:45:38","slug":"songmics-hyllykko-12-kuutiota-3-laatikkoa-musta","status":"publish","type":"product","link":"https:\/\/nordicmart.andreevmaster.com\/fi\/tuote\/songmics-hyllykko-12-kuutiota-3-laatikkoa-musta\/","title":{"rendered":"SONGMICS Hyllykk\u00f6 12 kuutiota 3 laatikkoa Musta"},"content":{"rendered":"<p>12 kuutiota, 3 laatikkoa: Sinun ei tarvitse ostaa ylim\u00e4\u00e4r\u00e4isi\u00e4 laatikoita kuutiohyllylle eik\u00e4 huolehtia siit\u00e4, sopivatko laatikot kooltaan. 12 kuution lis\u00e4ksi saat 3 kuitukangaslaatikkoa, joihin voit laittaa pienet tavarat ja luoda siistin ja j\u00e4rjestyksellisen ilmeen. Vaatteet, kirjat, lelut, keng\u00e4t, ty\u00f6kalut: Kunkin kuution kantavuus on 10 kg, joten t\u00e4m\u00e4 ritil\u00e4hylly sopii monenlaisten tavaroiden s\u00e4ilytykseen. Pienten tavaroiden s\u00e4ilytt\u00e4minen? Ei ongelmaa. Aseta vain mukana toimitetut muovilevyt hyllyille. Pitkitt\u00e4in, pystysuoraan, porrasmaiseksi, laajennettuna: \u00e4lykk\u00e4\u00e4n DIY-pistoketekniikan ansiosta s\u00e4ilytyshylly\u00e4 voidaan laajentaa ja muuttaa haluamallasi tavalla hyllylevyjen ja liitoskappaleiden m\u00e4\u00e4r\u00e4n mukaan. Lis\u00e4ksi se sopii t\u00e4ydellisesti pukeutumishuoneeseesi, olohuoneeseesi tai portaiden alle. Tuotetiedot: V\u00e4ri: musta pilkullinen, harmaa Materiaali: rautakehys, ABS-muoviliitin, PP-muovilevy, kuitukangaslaatikko Koko: 93 x 31 x 123 cm (P x L x K) Paino: 10 kg. Enimm\u00e4iskuormitus kuutiota kohti: 10 kg. Toimitus sis\u00e4lt\u00e4\u00e4: 43 x ritil\u00e4levy (30 x 30 cm), 44 x liitoskappale, 3 x s\u00e4ilytyslaatikko, 12 x muovilevy, 1 x kumivasara, 2 x kaatumissuoja, 1 x ohjeet (DE, EN, FR, ES, IT). SONGMICS-huomautukset:T\u00e4m\u00e4 tuote voidaan koota eri muodoissa, mutta vain yksitt\u00e4isten osien m\u00e4\u00e4r\u00e4n rajoissa. Kiinnit\u00e4 tuote sein\u00e4\u00e4n mukana toimitetulla kaatumissuojalla.<\/p>\n","protected":false},"excerpt":{"rendered":"<p>SONGMICS pistorasiahylly, ritil\u00e4hylly, DIY-kuutiohylly, 12 lokeroa, leluille, kengille, kirjoille, olohuoneeseen, lastenhuoneeseen, makuuhuoneeseen, 93 x 123 x 31 cm, laajennettavissa, musta LPI34H<\/p>\n","protected":false},"featured_media":43219,"comment_status":"open","ping_status":"closed","template":"","meta":[],"product_brand":[],"product_cat":[32],"product_tag":[],"class_list":{"0":"post-34546","1":"product","2":"type-product","3":"status-publish","4":"has-post-thumbnail","6":"product_cat-uncategorized-fi","8":"first","9":"instock","10":"shipping-taxable","11":"purchasable","12":"product-type-simple"},"_links":{"self":[{"href":"https:\/\/nordicmart.andreevmaster.com\/fi\/wp-json\/wp\/v2\/product\/34546","targetHints":{"allow":["GET"]}}],"collection":[{"href":"https:\/\/nordicmart.andreevmaster.com\/fi\/wp-json\/wp\/v2\/product"}],"about":[{"href":"https:\/\/nordicmart.andreevmaster.com\/fi\/wp-json\/wp\/v2\/types\/product"}],"replies":[{"embeddable":true,"href":"https:\/\/nordicmart.andreevmaster.com\/fi\/wp-json\/wp\/v2\/comments?post=34546"}],"wp:featuredmedia":[{"embeddable":true,"href":"https:\/\/nordicmart.andreevmaster.com\/fi\/wp-json\/wp\/v2\/media\/43219"}],"wp:attachment":[{"href":"https:\/\/nordicmart.andreevmaster.com\/fi\/wp-json\/wp\/v2\/media?parent=34546"}],"wp:term":[{"taxonomy":"product_brand","embeddable":true,"href":"https:\/\/nordicmart.andreevmaster.com\/fi\/wp-json\/wp\/v2\/product_brand?post=34546"},{"taxonomy":"product_cat","embeddable":true,"href":"https:\/\/nordicmart.andreevmaster.com\/fi\/wp-json\/wp\/v2\/product_cat?post=34546"},{"taxonomy":"product_tag","embeddable":true,"href":"https:\/\/nordicmart.andreevmaster.com\/fi\/wp-json\/wp\/v2\/product_tag?post=34546"}],"curies":[{"name":"wp","href":"https:\/\/api.w.org\/{rel}","templated":true}]}}